{"id":781,"date":"2025-09-03T12:03:10","date_gmt":"2025-09-03T09:03:10","guid":{"rendered":"https:\/\/nikitaorlenko.wordpress.com\/?page_id=781"},"modified":"2025-10-21T08:08:58","modified_gmt":"2025-10-21T08:08:58","slug":"sql-trigerid","status":"publish","type":"page","link":"https:\/\/nikitaorlenko24.thkit.ee\/WP\/ru\/sql-trigerid\/","title":{"rendered":"SQL \u0422\u0440\u0438\u0433\u0435\u0440\u044b"},"content":{"rendered":"\n<p>Triger (p\u00e4\u00e4stik, trigger) &#8212; protsess, mille abil tema sisse kirjutatud tegevused (<strong>INSERT<\/strong>, <strong>DELETE<\/strong>, <strong>UPDATE<\/strong>) automaatselt k\u00e4ivitatakse.<\/p>\n\n\n\n<p><strong>\u0421\u043e\u0437\u0434\u0430\u043d\u0438\u0435 \u0442\u0430\u0431\u043b\u0438\u0446:<\/strong><\/p>\n\n\n\n<pre class=\"wp-block-code\"><code>Create table linnad(\nlinnID int IDENTITY PRIMARY KEY,\nlinnanimi varchar(15),\nrahvaarv int);\n\n--tabel logi n\u00e4itab adminile kuidas tabel linnad kasutatakse,\n--tabel logi t\u00e4idab triger\nCreate table logi(\nid int IDENTITY PRIMARY KEY,\naeg DATETIME,\ntoiming  varchar(100),\nandmed varchar(200),\nkasutaja varchar (100)\n)<\/code><\/pre>\n\n\n\n<p><strong>&#8212;INSERT TRIGER, \u043a\u043e\u0442\u043e\u0440\u044b\u0439 \u043e\u0442\u0441\u043b\u0435\u0436\u0438\u0432\u0430\u0435\u0442 \u0437\u0430\u043f\u043e\u043b\u043d\u0435\u043d\u0438\u0435 \u0442\u0430\u0431\u043b\u0438\u0446\u044b \u0433\u043e\u0440\u043e\u0434\u043e\u0432<\/strong><\/p>\n\n\n\n<pre class=\"wp-block-code\"><code>CREATE TRIGGER linnaLisamine\nON linnad \nFOR INSERT\nAS\nINSERT INTO logi(aeg, kasutaja, toiming, andmed)\nSELECT \nGETDATE(),\nSYSTEM_USER,\n'linn on lisatud',\ninserted.linnanimi\nFROM inserted;\n\n--trigeri tegevuse kontroll\nINSERT INTO linnad(linnanimi, rahvaarv)\nVALUES ('Tallinn', 650000);\nSELECT * FROM linnad;\nSELECT * FROM logi;<\/code><\/pre>\n\n\n\n<p><strong>&#8212;DELETE TRIGER, \u043e\u0442\u0441\u043b\u0435\u0436\u0438\u0432\u0430\u0435\u0442 \u0443\u0434\u0430\u043b\u0435\u043d\u0438\u0435 \u0433\u043e\u0440\u043e\u0434\u0430 \u0432 \u0442\u0430\u0431\u043b\u0438\u0446\u0435 \u0433\u043e\u0440\u043e\u0434\u043e\u0432<\/strong><\/p>\n\n\n\n<pre class=\"wp-block-code\"><code>CREATE TRIGGER linnaKustutamine\nON linnad \nFOR DELETE\nAS\nINSERT INTO logi(aeg, kasutaja, toiming, andmed)\nSELECT \nGETDATE(),\nSYSTEM_USER,\n'linn on kustutatud',\ndeleted.linnanimi\nFROM deleted;\n\n--kontroll\ndelete from linnad WHERE linnID=1;\nSELECT * FROM linnad;\nSELECT * FROM logi;<\/code><\/pre>\n\n\n\n<p><strong>&#8212;UPDATE<\/strong><\/p>\n\n\n\n<pre class=\"wp-block-code\"><code>CREATE TRIGGER linnaUuendamie\nON linnad \nFOR UPDATE\nAS\nINSERT INTO logi(aeg, kasutaja, toiming, andmed)\nSELECT \nGETDATE(),\nSYSTEM_USER,\n'linn on kustutatud',\nCONCAT ('vanad andmed:', deleted.linnanimi, ' ,' ,deleted.rahvaarv,\n' ||| uued andmed: ', inserted.linnanimi, ' ,',inserted.rahvaarv)\nFROM deleted\nINNER JOIN inserted\nON deleted.linnID=inserted.linnID;\n\n--kontroll\nUPDATE linnad SET rahvaarv=650001\nWHERE linnID=2;\nselect * from linnad;\nselect * from logi;<\/code><\/pre>\n\n\n\n<h2 class=\"wp-block-heading\">XAMPP:<\/h2>\n\n\n\n<p>&#8212;INSERT TRIGER, \u043a\u043e\u0442\u043e\u0440\u044b\u0439 \u043e\u0442\u0441\u043b\u0435\u0436\u0438\u0432\u0430\u0435\u0442 \u0437\u0430\u043f\u043e\u043b\u043d\u0435\u043d\u0438\u0435 \u0442\u0430\u0431\u043b\u0438\u0446\u044b \u0433\u043e\u0440\u043e\u0434\u043e\u0432<\/p>\n\n\n\n<figure class=\"wp-block-image size-large\"><img decoding=\"async\" src=\"https:\/\/nikitaorlenko.wordpress.com\/wp-content\/uploads\/2025\/09\/dccb2734-6a79-4122-934c-85526ca75110.png?w=957\" alt=\"\" class=\"wp-image-788\" \/><\/figure>\n\n\n\n<p><strong>&#8212;UPDATE<\/strong><\/p>\n\n\n\n<figure class=\"wp-block-image size-large\"><img decoding=\"async\" src=\"https:\/\/nikitaorlenko.wordpress.com\/wp-content\/uploads\/2025\/09\/fb5666cd-8cef-400f-a1cc-544d8dc13b56.png?w=965\" alt=\"\" class=\"wp-image-790\" \/><\/figure>\n\n\n\n<p>&#8212;DELETE TRIGER, \u043e\u0442\u0441\u043b\u0435\u0436\u0438\u0432\u0430\u0435\u0442 \u0443\u0434\u0430\u043b\u0435\u043d\u0438\u0435 \u0433\u043e\u0440\u043e\u0434\u0430 \u0432 \u0442\u0430\u0431\u043b\u0438\u0446\u0435 \u0433\u043e\u0440\u043e\u0434\u043e\u0432<\/p>\n\n\n\n<figure class=\"wp-block-image size-large\"><img decoding=\"async\" src=\"https:\/\/nikitaorlenko.wordpress.com\/wp-content\/uploads\/2025\/09\/d2b8da49-3531-4565-80b9-76475fb7f714.png?w=956\" alt=\"\" class=\"wp-image-792\" \/><\/figure>\n","protected":false},"excerpt":{"rendered":"<p>Triger (p\u00e4\u00e4stik, trigger) &#8212; protsess, mille abil tema sisse kirjutatud tegevused (INSERT, DELETE, UPDATE) automaatselt k\u00e4ivitatakse. \u0421\u043e\u0437\u0434\u0430\u043d\u0438\u0435 \u0442\u0430\u0431\u043b\u0438\u0446: &#8212;INSERT TRIGER, \u043a\u043e\u0442\u043e\u0440\u044b\u0439 \u043e\u0442\u0441\u043b\u0435\u0436\u0438\u0432\u0430\u0435\u0442 \u0437\u0430\u043f\u043e\u043b\u043d\u0435\u043d\u0438\u0435 \u0442\u0430\u0431\u043b\u0438\u0446\u044b \u0433\u043e\u0440\u043e\u0434\u043e\u0432 &#8212;DELETE TRIGER, \u043e\u0442\u0441\u043b\u0435\u0436\u0438\u0432\u0430\u0435\u0442 \u0443\u0434\u0430\u043b\u0435\u043d\u0438\u0435 \u0433\u043e\u0440\u043e\u0434\u0430 \u0432 \u0442\u0430\u0431\u043b\u0438\u0446\u0435 \u0433\u043e\u0440\u043e\u0434\u043e\u0432 &#8212;UPDATE XAMPP: &#8212;INSERT TRIGER, \u043a\u043e\u0442\u043e\u0440\u044b\u0439 \u043e\u0442\u0441\u043b\u0435\u0436\u0438\u0432\u0430\u0435\u0442 \u0437\u0430\u043f\u043e\u043b\u043d\u0435\u043d\u0438\u0435 \u0442\u0430\u0431\u043b\u0438\u0446\u044b \u0433\u043e\u0440\u043e\u0434\u043e\u0432 &#8212;UPDATE &#8212;DELETE TRIGER, \u043e\u0442\u0441\u043b\u0435\u0436\u0438\u0432\u0430\u0435\u0442 \u0443\u0434\u0430\u043b\u0435\u043d\u0438\u0435 \u0433\u043e\u0440\u043e\u0434\u0430 \u0432 \u0442\u0430\u0431\u043b\u0438\u0446\u0435 \u0433\u043e\u0440\u043e\u0434\u043e\u0432<\/p>\n","protected":false},"author":3,"featured_media":0,"parent":0,"menu_order":0,"comment_status":"closed","ping_status":"closed","template":"","meta":{"footnotes":""},"class_list":["post-781","page","type-page","status-publish","hentry"],"yoast_head":"<!-- This site is optimized with the Yoast SEO plugin v27.4 - https:\/\/yoast.com\/product\/yoast-seo-wordpress\/ -->\n<title>SQL \u0422\u0440\u0438\u0433\u0435\u0440\u044b - Nikita Orlenko \/ portfoolio \/ RU<\/title>\n<meta name=\"robots\" content=\"index, follow, max-snippet:-1, max-image-preview:large, max-video-preview:-1\" \/>\n<link rel=\"canonical\" href=\"https:\/\/nikitaorlenko24.thkit.ee\/WP\/ru\/sql-trigerid\/\" \/>\n<meta property=\"og:locale\" content=\"ru_RU\" \/>\n<meta property=\"og:type\" content=\"article\" \/>\n<meta property=\"og:title\" content=\"SQL \u0422\u0440\u0438\u0433\u0435\u0440\u044b - Nikita Orlenko \/ portfoolio \/ RU\" \/>\n<meta property=\"og:description\" content=\"Triger (p\u00e4\u00e4stik, trigger) &#8212; protsess, mille abil tema sisse kirjutatud tegevused (INSERT, DELETE, UPDATE) automaatselt k\u00e4ivitatakse. \u0421\u043e\u0437\u0434\u0430\u043d\u0438\u0435 \u0442\u0430\u0431\u043b\u0438\u0446: &#8212;INSERT TRIGER, \u043a\u043e\u0442\u043e\u0440\u044b\u0439 \u043e\u0442\u0441\u043b\u0435\u0436\u0438\u0432\u0430\u0435\u0442 \u0437\u0430\u043f\u043e\u043b\u043d\u0435\u043d\u0438\u0435 \u0442\u0430\u0431\u043b\u0438\u0446\u044b \u0433\u043e\u0440\u043e\u0434\u043e\u0432 &#8212;DELETE TRIGER, \u043e\u0442\u0441\u043b\u0435\u0436\u0438\u0432\u0430\u0435\u0442 \u0443\u0434\u0430\u043b\u0435\u043d\u0438\u0435 \u0433\u043e\u0440\u043e\u0434\u0430 \u0432 \u0442\u0430\u0431\u043b\u0438\u0446\u0435 \u0433\u043e\u0440\u043e\u0434\u043e\u0432 &#8212;UPDATE XAMPP: &#8212;INSERT TRIGER, \u043a\u043e\u0442\u043e\u0440\u044b\u0439 \u043e\u0442\u0441\u043b\u0435\u0436\u0438\u0432\u0430\u0435\u0442 \u0437\u0430\u043f\u043e\u043b\u043d\u0435\u043d\u0438\u0435 \u0442\u0430\u0431\u043b\u0438\u0446\u044b \u0433\u043e\u0440\u043e\u0434\u043e\u0432 &#8212;UPDATE &#8212;DELETE TRIGER, \u043e\u0442\u0441\u043b\u0435\u0436\u0438\u0432\u0430\u0435\u0442 \u0443\u0434\u0430\u043b\u0435\u043d\u0438\u0435 \u0433\u043e\u0440\u043e\u0434\u0430 \u0432 \u0442\u0430\u0431\u043b\u0438\u0446\u0435 \u0433\u043e\u0440\u043e\u0434\u043e\u0432\" \/>\n<meta property=\"og:url\" content=\"https:\/\/nikitaorlenko24.thkit.ee\/WP\/ru\/sql-trigerid\/\" \/>\n<meta property=\"og:site_name\" content=\"Nikita Orlenko \/ portfoolio \/ RU\" \/>\n<meta property=\"article:modified_time\" content=\"2025-10-21T08:08:58+00:00\" \/>\n<meta name=\"twitter:card\" content=\"summary_large_image\" \/>\n<meta name=\"twitter:label1\" content=\"\u041f\u0440\u0438\u043c\u0435\u0440\u043d\u043e\u0435 \u0432\u0440\u0435\u043c\u044f \u0434\u043b\u044f \u0447\u0442\u0435\u043d\u0438\u044f\" \/>\n\t<meta name=\"twitter:data1\" content=\"1 \u043c\u0438\u043d\u0443\u0442\u0430\" \/>\n<script type=\"application\/ld+json\" class=\"yoast-schema-graph\">{\"@context\":\"https:\\\/\\\/schema.org\",\"@graph\":[{\"@type\":\"WebPage\",\"@id\":\"https:\\\/\\\/nikitaorlenko24.thkit.ee\\\/WP\\\/ru\\\/sql-trigerid\\\/\",\"url\":\"https:\\\/\\\/nikitaorlenko24.thkit.ee\\\/WP\\\/ru\\\/sql-trigerid\\\/\",\"name\":\"SQL \u0422\u0440\u0438\u0433\u0435\u0440\u044b - Nikita Orlenko \\\/ portfoolio \\\/ RU\",\"isPartOf\":{\"@id\":\"https:\\\/\\\/nikitaorlenko24.thkit.ee\\\/WP\\\/ru\\\/#website\"},\"primaryImageOfPage\":{\"@id\":\"https:\\\/\\\/nikitaorlenko24.thkit.ee\\\/WP\\\/ru\\\/sql-trigerid\\\/#primaryimage\"},\"image\":{\"@id\":\"https:\\\/\\\/nikitaorlenko24.thkit.ee\\\/WP\\\/ru\\\/sql-trigerid\\\/#primaryimage\"},\"thumbnailUrl\":\"https:\\\/\\\/nikitaorlenko.wordpress.com\\\/wp-content\\\/uploads\\\/2025\\\/09\\\/dccb2734-6a79-4122-934c-85526ca75110.png?w=957\",\"datePublished\":\"2025-09-03T09:03:10+00:00\",\"dateModified\":\"2025-10-21T08:08:58+00:00\",\"breadcrumb\":{\"@id\":\"https:\\\/\\\/nikitaorlenko24.thkit.ee\\\/WP\\\/ru\\\/sql-trigerid\\\/#breadcrumb\"},\"inLanguage\":\"ru-RU\",\"potentialAction\":[{\"@type\":\"ReadAction\",\"target\":[\"https:\\\/\\\/nikitaorlenko24.thkit.ee\\\/WP\\\/ru\\\/sql-trigerid\\\/\"]}]},{\"@type\":\"ImageObject\",\"inLanguage\":\"ru-RU\",\"@id\":\"https:\\\/\\\/nikitaorlenko24.thkit.ee\\\/WP\\\/ru\\\/sql-trigerid\\\/#primaryimage\",\"url\":\"https:\\\/\\\/nikitaorlenko.wordpress.com\\\/wp-content\\\/uploads\\\/2025\\\/09\\\/dccb2734-6a79-4122-934c-85526ca75110.png?w=957\",\"contentUrl\":\"https:\\\/\\\/nikitaorlenko.wordpress.com\\\/wp-content\\\/uploads\\\/2025\\\/09\\\/dccb2734-6a79-4122-934c-85526ca75110.png?w=957\"},{\"@type\":\"BreadcrumbList\",\"@id\":\"https:\\\/\\\/nikitaorlenko24.thkit.ee\\\/WP\\\/ru\\\/sql-trigerid\\\/#breadcrumb\",\"itemListElement\":[{\"@type\":\"ListItem\",\"position\":1,\"name\":\"Home\",\"item\":\"https:\\\/\\\/nikitaorlenko24.thkit.ee\\\/WP\\\/ru\\\/\"},{\"@type\":\"ListItem\",\"position\":2,\"name\":\"SQL \u0422\u0440\u0438\u0433\u0435\u0440\u044b\"}]},{\"@type\":\"WebSite\",\"@id\":\"https:\\\/\\\/nikitaorlenko24.thkit.ee\\\/WP\\\/ru\\\/#website\",\"url\":\"https:\\\/\\\/nikitaorlenko24.thkit.ee\\\/WP\\\/ru\\\/\",\"name\":\"Nikita Orlenko \\\/ portfoolio \\\/ RU\",\"description\":\"\",\"potentialAction\":[{\"@type\":\"SearchAction\",\"target\":{\"@type\":\"EntryPoint\",\"urlTemplate\":\"https:\\\/\\\/nikitaorlenko24.thkit.ee\\\/WP\\\/ru\\\/?s={search_term_string}\"},\"query-input\":{\"@type\":\"PropertyValueSpecification\",\"valueRequired\":true,\"valueName\":\"search_term_string\"}}],\"inLanguage\":\"ru-RU\"}]}<\/script>\n<!-- \/ Yoast SEO plugin. -->","yoast_head_json":{"title":"SQL \u0422\u0440\u0438\u0433\u0435\u0440\u044b - Nikita Orlenko \/ portfoolio \/ RU","robots":{"index":"index","follow":"follow","max-snippet":"max-snippet:-1","max-image-preview":"max-image-preview:large","max-video-preview":"max-video-preview:-1"},"canonical":"https:\/\/nikitaorlenko24.thkit.ee\/WP\/ru\/sql-trigerid\/","og_locale":"ru_RU","og_type":"article","og_title":"SQL \u0422\u0440\u0438\u0433\u0435\u0440\u044b - Nikita Orlenko \/ portfoolio \/ RU","og_description":"Triger (p\u00e4\u00e4stik, trigger) &#8212; protsess, mille abil tema sisse kirjutatud tegevused (INSERT, DELETE, UPDATE) automaatselt k\u00e4ivitatakse. \u0421\u043e\u0437\u0434\u0430\u043d\u0438\u0435 \u0442\u0430\u0431\u043b\u0438\u0446: &#8212;INSERT TRIGER, \u043a\u043e\u0442\u043e\u0440\u044b\u0439 \u043e\u0442\u0441\u043b\u0435\u0436\u0438\u0432\u0430\u0435\u0442 \u0437\u0430\u043f\u043e\u043b\u043d\u0435\u043d\u0438\u0435 \u0442\u0430\u0431\u043b\u0438\u0446\u044b \u0433\u043e\u0440\u043e\u0434\u043e\u0432 &#8212;DELETE TRIGER, \u043e\u0442\u0441\u043b\u0435\u0436\u0438\u0432\u0430\u0435\u0442 \u0443\u0434\u0430\u043b\u0435\u043d\u0438\u0435 \u0433\u043e\u0440\u043e\u0434\u0430 \u0432 \u0442\u0430\u0431\u043b\u0438\u0446\u0435 \u0433\u043e\u0440\u043e\u0434\u043e\u0432 &#8212;UPDATE XAMPP: &#8212;INSERT TRIGER, \u043a\u043e\u0442\u043e\u0440\u044b\u0439 \u043e\u0442\u0441\u043b\u0435\u0436\u0438\u0432\u0430\u0435\u0442 \u0437\u0430\u043f\u043e\u043b\u043d\u0435\u043d\u0438\u0435 \u0442\u0430\u0431\u043b\u0438\u0446\u044b \u0433\u043e\u0440\u043e\u0434\u043e\u0432 &#8212;UPDATE &#8212;DELETE TRIGER, \u043e\u0442\u0441\u043b\u0435\u0436\u0438\u0432\u0430\u0435\u0442 \u0443\u0434\u0430\u043b\u0435\u043d\u0438\u0435 \u0433\u043e\u0440\u043e\u0434\u0430 \u0432 \u0442\u0430\u0431\u043b\u0438\u0446\u0435 \u0433\u043e\u0440\u043e\u0434\u043e\u0432","og_url":"https:\/\/nikitaorlenko24.thkit.ee\/WP\/ru\/sql-trigerid\/","og_site_name":"Nikita Orlenko \/ portfoolio \/ RU","article_modified_time":"2025-10-21T08:08:58+00:00","twitter_card":"summary_large_image","twitter_misc":{"\u041f\u0440\u0438\u043c\u0435\u0440\u043d\u043e\u0435 \u0432\u0440\u0435\u043c\u044f \u0434\u043b\u044f \u0447\u0442\u0435\u043d\u0438\u044f":"1 \u043c\u0438\u043d\u0443\u0442\u0430"},"schema":{"@context":"https:\/\/schema.org","@graph":[{"@type":"WebPage","@id":"https:\/\/nikitaorlenko24.thkit.ee\/WP\/ru\/sql-trigerid\/","url":"https:\/\/nikitaorlenko24.thkit.ee\/WP\/ru\/sql-trigerid\/","name":"SQL \u0422\u0440\u0438\u0433\u0435\u0440\u044b - Nikita Orlenko \/ portfoolio \/ RU","isPartOf":{"@id":"https:\/\/nikitaorlenko24.thkit.ee\/WP\/ru\/#website"},"primaryImageOfPage":{"@id":"https:\/\/nikitaorlenko24.thkit.ee\/WP\/ru\/sql-trigerid\/#primaryimage"},"image":{"@id":"https:\/\/nikitaorlenko24.thkit.ee\/WP\/ru\/sql-trigerid\/#primaryimage"},"thumbnailUrl":"https:\/\/nikitaorlenko.wordpress.com\/wp-content\/uploads\/2025\/09\/dccb2734-6a79-4122-934c-85526ca75110.png?w=957","datePublished":"2025-09-03T09:03:10+00:00","dateModified":"2025-10-21T08:08:58+00:00","breadcrumb":{"@id":"https:\/\/nikitaorlenko24.thkit.ee\/WP\/ru\/sql-trigerid\/#breadcrumb"},"inLanguage":"ru-RU","potentialAction":[{"@type":"ReadAction","target":["https:\/\/nikitaorlenko24.thkit.ee\/WP\/ru\/sql-trigerid\/"]}]},{"@type":"ImageObject","inLanguage":"ru-RU","@id":"https:\/\/nikitaorlenko24.thkit.ee\/WP\/ru\/sql-trigerid\/#primaryimage","url":"https:\/\/nikitaorlenko.wordpress.com\/wp-content\/uploads\/2025\/09\/dccb2734-6a79-4122-934c-85526ca75110.png?w=957","contentUrl":"https:\/\/nikitaorlenko.wordpress.com\/wp-content\/uploads\/2025\/09\/dccb2734-6a79-4122-934c-85526ca75110.png?w=957"},{"@type":"BreadcrumbList","@id":"https:\/\/nikitaorlenko24.thkit.ee\/WP\/ru\/sql-trigerid\/#breadcrumb","itemListElement":[{"@type":"ListItem","position":1,"name":"Home","item":"https:\/\/nikitaorlenko24.thkit.ee\/WP\/ru\/"},{"@type":"ListItem","position":2,"name":"SQL \u0422\u0440\u0438\u0433\u0435\u0440\u044b"}]},{"@type":"WebSite","@id":"https:\/\/nikitaorlenko24.thkit.ee\/WP\/ru\/#website","url":"https:\/\/nikitaorlenko24.thkit.ee\/WP\/ru\/","name":"Nikita Orlenko \/ portfoolio \/ RU","description":"","potentialAction":[{"@type":"SearchAction","target":{"@type":"EntryPoint","urlTemplate":"https:\/\/nikitaorlenko24.thkit.ee\/WP\/ru\/?s={search_term_string}"},"query-input":{"@type":"PropertyValueSpecification","valueRequired":true,"valueName":"search_term_string"}}],"inLanguage":"ru-RU"}]}},"_links":{"self":[{"href":"https:\/\/nikitaorlenko24.thkit.ee\/WP\/ru\/wp-json\/wp\/v2\/pages\/781","targetHints":{"allow":["GET"]}}],"collection":[{"href":"https:\/\/nikitaorlenko24.thkit.ee\/WP\/ru\/wp-json\/wp\/v2\/pages"}],"about":[{"href":"https:\/\/nikitaorlenko24.thkit.ee\/WP\/ru\/wp-json\/wp\/v2\/types\/page"}],"author":[{"embeddable":true,"href":"https:\/\/nikitaorlenko24.thkit.ee\/WP\/ru\/wp-json\/wp\/v2\/users\/3"}],"replies":[{"embeddable":true,"href":"https:\/\/nikitaorlenko24.thkit.ee\/WP\/ru\/wp-json\/wp\/v2\/comments?post=781"}],"version-history":[{"count":1,"href":"https:\/\/nikitaorlenko24.thkit.ee\/WP\/ru\/wp-json\/wp\/v2\/pages\/781\/revisions"}],"predecessor-version":[{"id":858,"href":"https:\/\/nikitaorlenko24.thkit.ee\/WP\/ru\/wp-json\/wp\/v2\/pages\/781\/revisions\/858"}],"wp:attachment":[{"href":"https:\/\/nikitaorlenko24.thkit.ee\/WP\/ru\/wp-json\/wp\/v2\/media?parent=781"}],"curies":[{"name":"wp","href":"https:\/\/api.w.org\/{rel}","templated":true}]}}