{"id":1150,"date":"2026-02-05T10:16:22","date_gmt":"2026-02-05T10:16:22","guid":{"rendered":"https:\/\/nikitaorlenko24.thkit.ee\/WP\/?page_id=1150"},"modified":"2026-02-05T10:16:22","modified_gmt":"2026-02-05T10:16:22","slug":"storyboard","status":"publish","type":"page","link":"https:\/\/nikitaorlenko24.thkit.ee\/WP\/storyboard\/","title":{"rendered":"StoryBoard"},"content":{"rendered":"\n<p><strong>Storyboard <\/strong> &#8211;  on veebilehe, rakenduse v\u00f5i video struktuuri visuaalne esitlus. See koosneb kastidest v\u00f5i kaadritest, kus on kirjeldatud lehed, nende sisu, funktsioonid ja liideselemendid. Storyboard aitab m\u00f5ista, kuidas kasutaja liigub saidil v\u00f5i rakenduses, ning planeerida disaini ja funktsionaalsust enne arenduse algust.<br><br><\/p>\n\n\n\n<p>See pilt kuvab minu tabelit, mis on loodud minu PHP veebisaidi p\u00f5hjal:<\/p>\n\n\n\n<figure class=\"wp-block-gallery has-nested-images columns-default is-cropped wp-block-gallery-1 is-layout-flex wp-block-gallery-is-layout-flex\">\n<figure class=\"wp-block-image size-large\"><a href=\"https:\/\/nikitaorlenko24.thkit.ee\/WP\/wp-content\/uploads\/2026\/02\/IndexDiagraam-scaled.png\"><img loading=\"lazy\" decoding=\"async\" width=\"1024\" height=\"692\" data-id=\"1151\" src=\"https:\/\/nikitaorlenko24.thkit.ee\/WP\/wp-content\/uploads\/2026\/02\/IndexDiagraam-1024x692.png\" alt=\"\" class=\"wp-image-1151\" srcset=\"https:\/\/nikitaorlenko24.thkit.ee\/WP\/wp-content\/uploads\/2026\/02\/IndexDiagraam-1024x692.png 1024w, https:\/\/nikitaorlenko24.thkit.ee\/WP\/wp-content\/uploads\/2026\/02\/IndexDiagraam-300x203.png 300w, https:\/\/nikitaorlenko24.thkit.ee\/WP\/wp-content\/uploads\/2026\/02\/IndexDiagraam-768x519.png 768w, https:\/\/nikitaorlenko24.thkit.ee\/WP\/wp-content\/uploads\/2026\/02\/IndexDiagraam-150x101.png 150w, https:\/\/nikitaorlenko24.thkit.ee\/WP\/wp-content\/uploads\/2026\/02\/IndexDiagraam-1536x1038.png 1536w, https:\/\/nikitaorlenko24.thkit.ee\/WP\/wp-content\/uploads\/2026\/02\/IndexDiagraam-2048x1383.png 2048w\" sizes=\"auto, (max-width: 1024px) 100vw, 1024px\" \/><\/a><\/figure>\n<\/figure>\n\n\n\n<p><\/p>\n","protected":false},"excerpt":{"rendered":"<p>Storyboard &#8211; on veebilehe, rakenduse v\u00f5i video struktuuri visuaalne esitlus. See koosneb kastidest v\u00f5i kaadritest, kus on kirjeldatud lehed, nende sisu, funktsioonid ja liideselemendid. Storyboard aitab m\u00f5ista, kuidas kasutaja liigub saidil v\u00f5i rakenduses, ning planeerida disaini ja funktsionaalsust enne arenduse algust. See pilt kuvab minu tabelit, mis on loodud minu PHP veebisaidi p\u00f5hjal:<\/p>\n","protected":false},"author":1,"featured_media":0,"parent":0,"menu_order":0,"comment_status":"closed","ping_status":"closed","template":"","meta":{"footnotes":""},"class_list":["post-1150","page","type-page","status-publish","hentry"],"yoast_head":"<!-- This site is optimized with the Yoast SEO plugin v27.4 - https:\/\/yoast.com\/product\/yoast-seo-wordpress\/ -->\n<title>StoryBoard - Nikita Orlenko \/ Portfoolio<\/title>\n<meta name=\"robots\" content=\"index, follow, max-snippet:-1, max-image-preview:large, max-video-preview:-1\" \/>\n<link rel=\"canonical\" href=\"https:\/\/nikitaorlenko24.thkit.ee\/WP\/storyboard\/\" \/>\n<meta property=\"og:locale\" content=\"et_EE\" \/>\n<meta property=\"og:type\" content=\"article\" \/>\n<meta property=\"og:title\" content=\"StoryBoard - Nikita Orlenko \/ Portfoolio\" \/>\n<meta property=\"og:description\" content=\"Storyboard &#8211; on veebilehe, rakenduse v\u00f5i video struktuuri visuaalne esitlus. See koosneb kastidest v\u00f5i kaadritest, kus on kirjeldatud lehed, nende sisu, funktsioonid ja liideselemendid. Storyboard aitab m\u00f5ista, kuidas kasutaja liigub saidil v\u00f5i rakenduses, ning planeerida disaini ja funktsionaalsust enne arenduse algust. See pilt kuvab minu tabelit, mis on loodud minu PHP veebisaidi p\u00f5hjal:\" \/>\n<meta property=\"og:url\" content=\"https:\/\/nikitaorlenko24.thkit.ee\/WP\/storyboard\/\" \/>\n<meta property=\"og:site_name\" content=\"Nikita Orlenko \/ Portfoolio\" \/>\n<meta property=\"og:image\" content=\"https:\/\/nikitaorlenko24.thkit.ee\/WP\/wp-content\/uploads\/2026\/02\/IndexDiagraam-scaled.png\" \/>\n\t<meta property=\"og:image:width\" content=\"2560\" \/>\n\t<meta property=\"og:image:height\" content=\"1729\" \/>\n\t<meta property=\"og:image:type\" content=\"image\/png\" \/>\n<meta name=\"twitter:card\" content=\"summary_large_image\" \/>\n<meta name=\"twitter:label1\" content=\"Est. reading time\" \/>\n\t<meta name=\"twitter:data1\" content=\"1 minut\" \/>\n<script type=\"application\/ld+json\" class=\"yoast-schema-graph\">{\"@context\":\"https:\\\/\\\/schema.org\",\"@graph\":[{\"@type\":\"WebPage\",\"@id\":\"https:\\\/\\\/nikitaorlenko24.thkit.ee\\\/WP\\\/storyboard\\\/\",\"url\":\"https:\\\/\\\/nikitaorlenko24.thkit.ee\\\/WP\\\/storyboard\\\/\",\"name\":\"StoryBoard - Nikita Orlenko \\\/ Portfoolio\",\"isPartOf\":{\"@id\":\"https:\\\/\\\/nikitaorlenko24.thkit.ee\\\/WP\\\/#website\"},\"primaryImageOfPage\":{\"@id\":\"https:\\\/\\\/nikitaorlenko24.thkit.ee\\\/WP\\\/storyboard\\\/#primaryimage\"},\"image\":{\"@id\":\"https:\\\/\\\/nikitaorlenko24.thkit.ee\\\/WP\\\/storyboard\\\/#primaryimage\"},\"thumbnailUrl\":\"https:\\\/\\\/nikitaorlenko24.thkit.ee\\\/WP\\\/wp-content\\\/uploads\\\/2026\\\/02\\\/IndexDiagraam-1024x692.png\",\"datePublished\":\"2026-02-05T10:16:22+00:00\",\"breadcrumb\":{\"@id\":\"https:\\\/\\\/nikitaorlenko24.thkit.ee\\\/WP\\\/storyboard\\\/#breadcrumb\"},\"inLanguage\":\"et\",\"potentialAction\":[{\"@type\":\"ReadAction\",\"target\":[\"https:\\\/\\\/nikitaorlenko24.thkit.ee\\\/WP\\\/storyboard\\\/\"]}]},{\"@type\":\"ImageObject\",\"inLanguage\":\"et\",\"@id\":\"https:\\\/\\\/nikitaorlenko24.thkit.ee\\\/WP\\\/storyboard\\\/#primaryimage\",\"url\":\"https:\\\/\\\/nikitaorlenko24.thkit.ee\\\/WP\\\/wp-content\\\/uploads\\\/2026\\\/02\\\/IndexDiagraam-scaled.png\",\"contentUrl\":\"https:\\\/\\\/nikitaorlenko24.thkit.ee\\\/WP\\\/wp-content\\\/uploads\\\/2026\\\/02\\\/IndexDiagraam-scaled.png\",\"width\":2560,\"height\":1729},{\"@type\":\"BreadcrumbList\",\"@id\":\"https:\\\/\\\/nikitaorlenko24.thkit.ee\\\/WP\\\/storyboard\\\/#breadcrumb\",\"itemListElement\":[{\"@type\":\"ListItem\",\"position\":1,\"name\":\"Home\",\"item\":\"https:\\\/\\\/nikitaorlenko24.thkit.ee\\\/WP\\\/\"},{\"@type\":\"ListItem\",\"position\":2,\"name\":\"StoryBoard\"}]},{\"@type\":\"WebSite\",\"@id\":\"https:\\\/\\\/nikitaorlenko24.thkit.ee\\\/WP\\\/#website\",\"url\":\"https:\\\/\\\/nikitaorlenko24.thkit.ee\\\/WP\\\/\",\"name\":\"Nikita Orlenko \\\/ Portfoolio\",\"description\":\"Saate kontakt minuga\",\"potentialAction\":[{\"@type\":\"SearchAction\",\"target\":{\"@type\":\"EntryPoint\",\"urlTemplate\":\"https:\\\/\\\/nikitaorlenko24.thkit.ee\\\/WP\\\/?s={search_term_string}\"},\"query-input\":{\"@type\":\"PropertyValueSpecification\",\"valueRequired\":true,\"valueName\":\"search_term_string\"}}],\"inLanguage\":\"et\"}]}<\/script>\n<!-- \/ Yoast SEO plugin. -->","yoast_head_json":{"title":"StoryBoard - Nikita Orlenko \/ Portfoolio","robots":{"index":"index","follow":"follow","max-snippet":"max-snippet:-1","max-image-preview":"max-image-preview:large","max-video-preview":"max-video-preview:-1"},"canonical":"https:\/\/nikitaorlenko24.thkit.ee\/WP\/storyboard\/","og_locale":"et_EE","og_type":"article","og_title":"StoryBoard - Nikita Orlenko \/ Portfoolio","og_description":"Storyboard &#8211; on veebilehe, rakenduse v\u00f5i video struktuuri visuaalne esitlus. See koosneb kastidest v\u00f5i kaadritest, kus on kirjeldatud lehed, nende sisu, funktsioonid ja liideselemendid. Storyboard aitab m\u00f5ista, kuidas kasutaja liigub saidil v\u00f5i rakenduses, ning planeerida disaini ja funktsionaalsust enne arenduse algust. See pilt kuvab minu tabelit, mis on loodud minu PHP veebisaidi p\u00f5hjal:","og_url":"https:\/\/nikitaorlenko24.thkit.ee\/WP\/storyboard\/","og_site_name":"Nikita Orlenko \/ Portfoolio","og_image":[{"width":2560,"height":1729,"url":"https:\/\/nikitaorlenko24.thkit.ee\/WP\/wp-content\/uploads\/2026\/02\/IndexDiagraam-scaled.png","type":"image\/png"}],"twitter_card":"summary_large_image","twitter_misc":{"Est. reading time":"1 minut"},"schema":{"@context":"https:\/\/schema.org","@graph":[{"@type":"WebPage","@id":"https:\/\/nikitaorlenko24.thkit.ee\/WP\/storyboard\/","url":"https:\/\/nikitaorlenko24.thkit.ee\/WP\/storyboard\/","name":"StoryBoard - Nikita Orlenko \/ Portfoolio","isPartOf":{"@id":"https:\/\/nikitaorlenko24.thkit.ee\/WP\/#website"},"primaryImageOfPage":{"@id":"https:\/\/nikitaorlenko24.thkit.ee\/WP\/storyboard\/#primaryimage"},"image":{"@id":"https:\/\/nikitaorlenko24.thkit.ee\/WP\/storyboard\/#primaryimage"},"thumbnailUrl":"https:\/\/nikitaorlenko24.thkit.ee\/WP\/wp-content\/uploads\/2026\/02\/IndexDiagraam-1024x692.png","datePublished":"2026-02-05T10:16:22+00:00","breadcrumb":{"@id":"https:\/\/nikitaorlenko24.thkit.ee\/WP\/storyboard\/#breadcrumb"},"inLanguage":"et","potentialAction":[{"@type":"ReadAction","target":["https:\/\/nikitaorlenko24.thkit.ee\/WP\/storyboard\/"]}]},{"@type":"ImageObject","inLanguage":"et","@id":"https:\/\/nikitaorlenko24.thkit.ee\/WP\/storyboard\/#primaryimage","url":"https:\/\/nikitaorlenko24.thkit.ee\/WP\/wp-content\/uploads\/2026\/02\/IndexDiagraam-scaled.png","contentUrl":"https:\/\/nikitaorlenko24.thkit.ee\/WP\/wp-content\/uploads\/2026\/02\/IndexDiagraam-scaled.png","width":2560,"height":1729},{"@type":"BreadcrumbList","@id":"https:\/\/nikitaorlenko24.thkit.ee\/WP\/storyboard\/#breadcrumb","itemListElement":[{"@type":"ListItem","position":1,"name":"Home","item":"https:\/\/nikitaorlenko24.thkit.ee\/WP\/"},{"@type":"ListItem","position":2,"name":"StoryBoard"}]},{"@type":"WebSite","@id":"https:\/\/nikitaorlenko24.thkit.ee\/WP\/#website","url":"https:\/\/nikitaorlenko24.thkit.ee\/WP\/","name":"Nikita Orlenko \/ Portfoolio","description":"Saate kontakt minuga","potentialAction":[{"@type":"SearchAction","target":{"@type":"EntryPoint","urlTemplate":"https:\/\/nikitaorlenko24.thkit.ee\/WP\/?s={search_term_string}"},"query-input":{"@type":"PropertyValueSpecification","valueRequired":true,"valueName":"search_term_string"}}],"inLanguage":"et"}]}},"_links":{"self":[{"href":"https:\/\/nikitaorlenko24.thkit.ee\/WP\/wp-json\/wp\/v2\/pages\/1150","targetHints":{"allow":["GET"]}}],"collection":[{"href":"https:\/\/nikitaorlenko24.thkit.ee\/WP\/wp-json\/wp\/v2\/pages"}],"about":[{"href":"https:\/\/nikitaorlenko24.thkit.ee\/WP\/wp-json\/wp\/v2\/types\/page"}],"author":[{"embeddable":true,"href":"https:\/\/nikitaorlenko24.thkit.ee\/WP\/wp-json\/wp\/v2\/users\/1"}],"replies":[{"embeddable":true,"href":"https:\/\/nikitaorlenko24.thkit.ee\/WP\/wp-json\/wp\/v2\/comments?post=1150"}],"version-history":[{"count":1,"href":"https:\/\/nikitaorlenko24.thkit.ee\/WP\/wp-json\/wp\/v2\/pages\/1150\/revisions"}],"predecessor-version":[{"id":1152,"href":"https:\/\/nikitaorlenko24.thkit.ee\/WP\/wp-json\/wp\/v2\/pages\/1150\/revisions\/1152"}],"wp:attachment":[{"href":"https:\/\/nikitaorlenko24.thkit.ee\/WP\/wp-json\/wp\/v2\/media?parent=1150"}],"curies":[{"name":"wp","href":"https:\/\/api.w.org\/{rel}","templated":true}]}}