{"id":1175,"date":"2026-02-26T09:13:05","date_gmt":"2026-02-26T09:13:05","guid":{"rendered":"https:\/\/nikitaorlenko24.thkit.ee\/WP\/?page_id=1175"},"modified":"2026-03-05T09:49:50","modified_gmt":"2026-03-05T09:49:50","slug":"veebidisain","status":"publish","type":"page","link":"https:\/\/nikitaorlenko24.thkit.ee\/WP\/veebidisain\/","title":{"rendered":"Veebidisain"},"content":{"rendered":"\n<p><em><strong>Responsiivse ja adaptiivse veebidisaini v\u00f5rdlu<\/strong><\/em><\/p>\n\n\n\n<figure class=\"wp-block-table\"><table class=\"has-fixed-layout\"><tbody><tr><td><strong>Parameeter<\/strong><\/td><td><strong>Responsiivne veebidisain<\/strong><\/td><td><strong>Adaptiivne veebidisain<\/strong><\/td><\/tr><tr><td>Kuidas t\u00f6\u00f6tab<\/td><td><em>Kujundus kohandub automaatselt ekraani suurusega<\/em><\/td><td><em>Veebileht vahetab valmis kujunduste vahel<\/em><\/td><\/tr><tr><td>Kujundused<\/td><td><em>\u00dcks paindlik kujundus<\/em><\/td><td><br><em>Mitu kindla suurusega kujundust<\/em><\/td><\/tr><tr><td>Ekraanidele sobivus<\/td><td><em>Sobib k\u00f5ikidele ekraanisuurustele<\/em><\/td><td><em>Sobib ette m\u00e4\u00e4ratud suurustele<\/em><\/td><\/tr><tr><td>Arendamine<\/td><td><em>Lihtsam teha ja hooldada<\/em><\/td><td><br><em>Keerulisem, sest versioone on mitu<\/em><\/td><\/tr><tr><td>Kasutus t\u00e4nap\u00e4eval<\/td><td><br><em>Kasutatakse sagedamini<\/em><\/td><td><br><em>Kasutatakse harvem<\/em><\/td><\/tr><\/tbody><\/table><\/figure>\n\n\n\n<p><strong>Minu arvamus:<\/strong><\/p>\n\n\n\n<p>Arvan, et <strong>adaptiivne<\/strong> disain annab sulle t\u00e4psema kontrolli veebisaidi v\u00e4limuse \u00fcle erinevates seadmetes, seega teoreetiliselt on see parem. Saad luua eraldi versioonid telefonide, tahvelarvutite ja arvutite jaoks ning neid ideaalselt ekraani j\u00e4rgi kohandada.<\/p>\n\n\n\n<p>Seda l\u00e4henemisviisi on aga keeruline arendada ja hallata, eriti algajate jaoks. Sa pead looma mitu paigutust ja iga\u00fcht neist j\u00e4lgima.<\/p>\n\n\n\n<p>Seet\u00f5ttu on reageeriv disain algajatele arendajatele parem. See on lihtsam, v\u00f5tab v\u00e4hem aega ja \u00fcks veebisait t\u00f6\u00f6tab k\u00f5igis seadmetes.<\/p>\n\n\n\n<div id=\"ez-toc-container\" class=\"ez-toc-v2_0_82_2 counter-hierarchy ez-toc-counter ez-toc-grey ez-toc-container-direction\">\n<div class=\"ez-toc-title-container\">\n<p class=\"ez-toc-title\" style=\"cursor:inherit\">Table of Contents<\/p>\n<span class=\"ez-toc-title-toggle\"><a href=\"#\" class=\"ez-toc-pull-right ez-toc-btn ez-toc-btn-xs ez-toc-btn-default ez-toc-toggle\" aria-label=\"Toggle Table of Content\"><span class=\"ez-toc-js-icon-con\"><span class=\"\"><span class=\"eztoc-hide\" style=\"display:none;\">Toggle<\/span><span class=\"ez-toc-icon-toggle-span\"><svg style=\"fill: #999;color:#999\" xmlns=\"http:\/\/www.w3.org\/2000\/svg\" class=\"list-377408\" width=\"20px\" height=\"20px\" viewBox=\"0 0 24 24\" fill=\"none\"><path d=\"M6 6H4v2h2V6zm14 0H8v2h12V6zM4 11h2v2H4v-2zm16 0H8v2h12v-2zM4 16h2v2H4v-2zm16 0H8v2h12v-2z\" fill=\"currentColor\"><\/path><\/svg><svg style=\"fill: #999;color:#999\" class=\"arrow-unsorted-368013\" xmlns=\"http:\/\/www.w3.org\/2000\/svg\" width=\"10px\" height=\"10px\" viewBox=\"0 0 24 24\" version=\"1.2\" baseProfile=\"tiny\"><path d=\"M18.2 9.3l-6.2-6.3-6.2 6.3c-.2.2-.3.4-.3.7s.1.5.3.7c.2.2.4.3.7.3h11c.3 0 .5-.1.7-.3.2-.2.3-.5.3-.7s-.1-.5-.3-.7zM5.8 14.7l6.2 6.3 6.2-6.3c.2-.2.3-.5.3-.7s-.1-.5-.3-.7c-.2-.2-.4-.3-.7-.3h-11c-.3 0-.5.1-.7.3-.2.2-.3.5-.3.7s.1.5.3.7z\"\/><\/svg><\/span><\/span><\/span><\/a><\/span><\/div>\n<nav><ul class='ez-toc-list ez-toc-list-level-1 ' ><li class='ez-toc-page-1 ez-toc-heading-level-2'><a class=\"ez-toc-link ez-toc-heading-1\" href=\"https:\/\/nikitaorlenko24.thkit.ee\/WP\/veebidisain\/#Naidis_kood\" >N\u00e4idis kood:<\/a><\/li><li class='ez-toc-page-1 ez-toc-heading-level-2'><a class=\"ez-toc-link ez-toc-heading-2\" href=\"https:\/\/nikitaorlenko24.thkit.ee\/WP\/veebidisain\/#Minu_tulemused\" >Minu tulemused:<\/a><\/li><\/ul><\/nav><\/div>\n<h2 class=\"wp-block-heading\"><span class=\"ez-toc-section\" id=\"Naidis_kood\"><\/span>N\u00e4idis kood:<span class=\"ez-toc-section-end\"><\/span><\/h2>\n\n\n\n<p>N\u00e4ide reageerivast veebidisainist<\/p>\n\n\n\nbody {\n  font-family: Arial;\n}\n\n.container {\n  display: flex;\n  gap: 20px;\n}\n\n.block {\n  flex: 1;\n  padding: 20px;\n  background: lightblue;\n}\n\n\/* \u0434\u043b\u044f \u0442\u0435\u043b\u0435\u0444\u043e\u043d\u043e\u0432 *\/\n@media (max-width: 768px) {\n  .container {\n    flex-direction: column;\n  }\n}\n\n\n\n<p>N\u00e4ide reageerivast veebidisainist<\/p>\n\n\n\n\/* \u0432\u0435\u0440\u0441\u0438\u044f \u0434\u043b\u044f \u043a\u043e\u043c\u043f\u044c\u044e\u0442\u0435\u0440\u0430 *\/\n.container {\n  width: 1200px;\n  margin: auto;\n}\n\n\/* \u0432\u0435\u0440\u0441\u0438\u044f \u0434\u043b\u044f \u043f\u043b\u0430\u043d\u0448\u0435\u0442\u0430 *\/\n@media (max-width: 1024px) {\n  .container {\n    width: 768px;\n  }\n}\n\n\/* \u0432\u0435\u0440\u0441\u0438\u044f \u0434\u043b\u044f \u0442\u0435\u043b\u0435\u0444\u043e\u043d\u0430 *\/\n@media (max-width: 600px) {\n  .container {\n    width: 320px;\n  }\n}\n\n\n\n<h2 class=\"wp-block-heading\"><span class=\"ez-toc-section\" id=\"Minu_tulemused\"><\/span><strong>Minu tulemused:<\/strong><span class=\"ez-toc-section-end\"><\/span><\/h2>\n\n\n\n<p>Telefon:<\/p>\n\n\n\n<figure class=\"wp-block-image size-full\"><img loading=\"lazy\" decoding=\"async\" width=\"294\" height=\"567\" src=\"https:\/\/nikitaorlenko24.thkit.ee\/WP\/wp-content\/uploads\/2026\/03\/E260CF38-C714-4B5C-8398-1DDA31D9913A.png\" alt=\"\" class=\"wp-image-1251\" srcset=\"https:\/\/nikitaorlenko24.thkit.ee\/WP\/wp-content\/uploads\/2026\/03\/E260CF38-C714-4B5C-8398-1DDA31D9913A.png 294w, https:\/\/nikitaorlenko24.thkit.ee\/WP\/wp-content\/uploads\/2026\/03\/E260CF38-C714-4B5C-8398-1DDA31D9913A-156x300.png 156w, https:\/\/nikitaorlenko24.thkit.ee\/WP\/wp-content\/uploads\/2026\/03\/E260CF38-C714-4B5C-8398-1DDA31D9913A-78x150.png 78w\" sizes=\"auto, (max-width: 294px) 100vw, 294px\" \/><\/figure>\n\n\n\n<p>Tahvelarvuti:<\/p>\n\n\n\n<figure class=\"wp-block-image size-full\"><img loading=\"lazy\" decoding=\"async\" width=\"573\" height=\"790\" src=\"https:\/\/nikitaorlenko24.thkit.ee\/WP\/wp-content\/uploads\/2026\/03\/2CE17381-73EC-4484-B17B-2336D44E19F0.png\" alt=\"\" class=\"wp-image-1252\" srcset=\"https:\/\/nikitaorlenko24.thkit.ee\/WP\/wp-content\/uploads\/2026\/03\/2CE17381-73EC-4484-B17B-2336D44E19F0.png 573w, https:\/\/nikitaorlenko24.thkit.ee\/WP\/wp-content\/uploads\/2026\/03\/2CE17381-73EC-4484-B17B-2336D44E19F0-218x300.png 218w, https:\/\/nikitaorlenko24.thkit.ee\/WP\/wp-content\/uploads\/2026\/03\/2CE17381-73EC-4484-B17B-2336D44E19F0-109x150.png 109w\" sizes=\"auto, (max-width: 573px) 100vw, 573px\" \/><\/figure>\n\n\n\n<p>Arvuti:<\/p>\n\n\n\n<figure class=\"wp-block-image size-large\"><img loading=\"lazy\" decoding=\"async\" width=\"1024\" height=\"507\" src=\"https:\/\/nikitaorlenko24.thkit.ee\/WP\/wp-content\/uploads\/2026\/02\/8D5C8C2D-D3F8-4F93-936D-CA0E66562323-1024x507.png\" alt=\"\" class=\"wp-image-1219\" srcset=\"https:\/\/nikitaorlenko24.thkit.ee\/WP\/wp-content\/uploads\/2026\/02\/8D5C8C2D-D3F8-4F93-936D-CA0E66562323-1024x507.png 1024w, https:\/\/nikitaorlenko24.thkit.ee\/WP\/wp-content\/uploads\/2026\/02\/8D5C8C2D-D3F8-4F93-936D-CA0E66562323-300x149.png 300w, https:\/\/nikitaorlenko24.thkit.ee\/WP\/wp-content\/uploads\/2026\/02\/8D5C8C2D-D3F8-4F93-936D-CA0E66562323-768x380.png 768w, https:\/\/nikitaorlenko24.thkit.ee\/WP\/wp-content\/uploads\/2026\/02\/8D5C8C2D-D3F8-4F93-936D-CA0E66562323-150x74.png 150w, https:\/\/nikitaorlenko24.thkit.ee\/WP\/wp-content\/uploads\/2026\/02\/8D5C8C2D-D3F8-4F93-936D-CA0E66562323-1536x761.png 1536w, https:\/\/nikitaorlenko24.thkit.ee\/WP\/wp-content\/uploads\/2026\/02\/8D5C8C2D-D3F8-4F93-936D-CA0E66562323.png 1920w\" sizes=\"auto, (max-width: 1024px) 100vw, 1024px\" \/><\/figure>\n\n\n\n<p><\/p>\n","protected":false},"excerpt":{"rendered":"<p>Responsiivse ja adaptiivse veebidisaini v\u00f5rdlu Parameeter Responsiivne veebidisain Adaptiivne veebidisain Kuidas t\u00f6\u00f6tab Kujundus kohandub automaatselt ekraani suurusega Veebileht vahetab valmis kujunduste vahel Kujundused \u00dcks paindlik kujundus Mitu kindla suurusega kujundust Ekraanidele sobivus Sobib k\u00f5ikidele ekraanisuurustele Sobib ette m\u00e4\u00e4ratud suurustele Arendamine Lihtsam teha ja hooldada Keerulisem, sest versioone on mitu Kasutus t\u00e4nap\u00e4eval Kasutatakse sagedamini Kasutatakse harvem [&hellip;]<\/p>\n","protected":false},"author":1,"featured_media":0,"parent":0,"menu_order":0,"comment_status":"closed","ping_status":"closed","template":"","meta":{"footnotes":""},"class_list":["post-1175","page","type-page","status-publish","hentry"],"yoast_head":"<!-- This site is optimized with the Yoast SEO plugin v27.4 - https:\/\/yoast.com\/product\/yoast-seo-wordpress\/ -->\n<title>Veebidisain - Nikita Orlenko \/ Portfoolio<\/title>\n<meta name=\"robots\" content=\"index, follow, max-snippet:-1, max-image-preview:large, max-video-preview:-1\" \/>\n<link rel=\"canonical\" href=\"https:\/\/nikitaorlenko24.thkit.ee\/WP\/veebidisain\/\" \/>\n<meta property=\"og:locale\" content=\"et_EE\" \/>\n<meta property=\"og:type\" content=\"article\" \/>\n<meta property=\"og:title\" content=\"Veebidisain - Nikita Orlenko \/ Portfoolio\" \/>\n<meta property=\"og:description\" content=\"Responsiivse ja adaptiivse veebidisaini v\u00f5rdlu Parameeter Responsiivne veebidisain Adaptiivne veebidisain Kuidas t\u00f6\u00f6tab Kujundus kohandub automaatselt ekraani suurusega Veebileht vahetab valmis kujunduste vahel Kujundused \u00dcks paindlik kujundus Mitu kindla suurusega kujundust Ekraanidele sobivus Sobib k\u00f5ikidele ekraanisuurustele Sobib ette m\u00e4\u00e4ratud suurustele Arendamine Lihtsam teha ja hooldada Keerulisem, sest versioone on mitu Kasutus t\u00e4nap\u00e4eval Kasutatakse sagedamini Kasutatakse harvem [&hellip;]\" \/>\n<meta property=\"og:url\" content=\"https:\/\/nikitaorlenko24.thkit.ee\/WP\/veebidisain\/\" \/>\n<meta property=\"og:site_name\" content=\"Nikita Orlenko \/ Portfoolio\" \/>\n<meta property=\"article:modified_time\" content=\"2026-03-05T09:49:50+00:00\" \/>\n<meta property=\"og:image\" content=\"https:\/\/nikitaorlenko24.thkit.ee\/WP\/wp-content\/uploads\/2026\/03\/E260CF38-C714-4B5C-8398-1DDA31D9913A.png\" \/>\n\t<meta property=\"og:image:width\" content=\"294\" \/>\n\t<meta property=\"og:image:height\" content=\"567\" \/>\n\t<meta property=\"og:image:type\" content=\"image\/png\" \/>\n<meta name=\"twitter:card\" content=\"summary_large_image\" \/>\n<meta name=\"twitter:label1\" content=\"Est. reading time\" \/>\n\t<meta name=\"twitter:data1\" content=\"2 minutit\" \/>\n<script type=\"application\/ld+json\" class=\"yoast-schema-graph\">{\"@context\":\"https:\\\/\\\/schema.org\",\"@graph\":[{\"@type\":\"WebPage\",\"@id\":\"https:\\\/\\\/nikitaorlenko24.thkit.ee\\\/WP\\\/veebidisain\\\/\",\"url\":\"https:\\\/\\\/nikitaorlenko24.thkit.ee\\\/WP\\\/veebidisain\\\/\",\"name\":\"Veebidisain - Nikita Orlenko \\\/ Portfoolio\",\"isPartOf\":{\"@id\":\"https:\\\/\\\/nikitaorlenko24.thkit.ee\\\/WP\\\/#website\"},\"primaryImageOfPage\":{\"@id\":\"https:\\\/\\\/nikitaorlenko24.thkit.ee\\\/WP\\\/veebidisain\\\/#primaryimage\"},\"image\":{\"@id\":\"https:\\\/\\\/nikitaorlenko24.thkit.ee\\\/WP\\\/veebidisain\\\/#primaryimage\"},\"thumbnailUrl\":\"https:\\\/\\\/nikitaorlenko24.thkit.ee\\\/WP\\\/wp-content\\\/uploads\\\/2026\\\/03\\\/E260CF38-C714-4B5C-8398-1DDA31D9913A.png\",\"datePublished\":\"2026-02-26T09:13:05+00:00\",\"dateModified\":\"2026-03-05T09:49:50+00:00\",\"breadcrumb\":{\"@id\":\"https:\\\/\\\/nikitaorlenko24.thkit.ee\\\/WP\\\/veebidisain\\\/#breadcrumb\"},\"inLanguage\":\"et\",\"potentialAction\":[{\"@type\":\"ReadAction\",\"target\":[\"https:\\\/\\\/nikitaorlenko24.thkit.ee\\\/WP\\\/veebidisain\\\/\"]}]},{\"@type\":\"ImageObject\",\"inLanguage\":\"et\",\"@id\":\"https:\\\/\\\/nikitaorlenko24.thkit.ee\\\/WP\\\/veebidisain\\\/#primaryimage\",\"url\":\"https:\\\/\\\/nikitaorlenko24.thkit.ee\\\/WP\\\/wp-content\\\/uploads\\\/2026\\\/03\\\/E260CF38-C714-4B5C-8398-1DDA31D9913A.png\",\"contentUrl\":\"https:\\\/\\\/nikitaorlenko24.thkit.ee\\\/WP\\\/wp-content\\\/uploads\\\/2026\\\/03\\\/E260CF38-C714-4B5C-8398-1DDA31D9913A.png\",\"width\":294,\"height\":567},{\"@type\":\"BreadcrumbList\",\"@id\":\"https:\\\/\\\/nikitaorlenko24.thkit.ee\\\/WP\\\/veebidisain\\\/#breadcrumb\",\"itemListElement\":[{\"@type\":\"ListItem\",\"position\":1,\"name\":\"Home\",\"item\":\"https:\\\/\\\/nikitaorlenko24.thkit.ee\\\/WP\\\/\"},{\"@type\":\"ListItem\",\"position\":2,\"name\":\"Veebidisain\"}]},{\"@type\":\"WebSite\",\"@id\":\"https:\\\/\\\/nikitaorlenko24.thkit.ee\\\/WP\\\/#website\",\"url\":\"https:\\\/\\\/nikitaorlenko24.thkit.ee\\\/WP\\\/\",\"name\":\"Nikita Orlenko \\\/ Portfoolio\",\"description\":\"Saate kontakt minuga\",\"potentialAction\":[{\"@type\":\"SearchAction\",\"target\":{\"@type\":\"EntryPoint\",\"urlTemplate\":\"https:\\\/\\\/nikitaorlenko24.thkit.ee\\\/WP\\\/?s={search_term_string}\"},\"query-input\":{\"@type\":\"PropertyValueSpecification\",\"valueRequired\":true,\"valueName\":\"search_term_string\"}}],\"inLanguage\":\"et\"}]}<\/script>\n<!-- \/ Yoast SEO plugin. -->","yoast_head_json":{"title":"Veebidisain - Nikita Orlenko \/ Portfoolio","robots":{"index":"index","follow":"follow","max-snippet":"max-snippet:-1","max-image-preview":"max-image-preview:large","max-video-preview":"max-video-preview:-1"},"canonical":"https:\/\/nikitaorlenko24.thkit.ee\/WP\/veebidisain\/","og_locale":"et_EE","og_type":"article","og_title":"Veebidisain - Nikita Orlenko \/ Portfoolio","og_description":"Responsiivse ja adaptiivse veebidisaini v\u00f5rdlu Parameeter Responsiivne veebidisain Adaptiivne veebidisain Kuidas t\u00f6\u00f6tab Kujundus kohandub automaatselt ekraani suurusega Veebileht vahetab valmis kujunduste vahel Kujundused \u00dcks paindlik kujundus Mitu kindla suurusega kujundust Ekraanidele sobivus Sobib k\u00f5ikidele ekraanisuurustele Sobib ette m\u00e4\u00e4ratud suurustele Arendamine Lihtsam teha ja hooldada Keerulisem, sest versioone on mitu Kasutus t\u00e4nap\u00e4eval Kasutatakse sagedamini Kasutatakse harvem [&hellip;]","og_url":"https:\/\/nikitaorlenko24.thkit.ee\/WP\/veebidisain\/","og_site_name":"Nikita Orlenko \/ Portfoolio","article_modified_time":"2026-03-05T09:49:50+00:00","og_image":[{"width":294,"height":567,"url":"https:\/\/nikitaorlenko24.thkit.ee\/WP\/wp-content\/uploads\/2026\/03\/E260CF38-C714-4B5C-8398-1DDA31D9913A.png","type":"image\/png"}],"twitter_card":"summary_large_image","twitter_misc":{"Est. reading time":"2 minutit"},"schema":{"@context":"https:\/\/schema.org","@graph":[{"@type":"WebPage","@id":"https:\/\/nikitaorlenko24.thkit.ee\/WP\/veebidisain\/","url":"https:\/\/nikitaorlenko24.thkit.ee\/WP\/veebidisain\/","name":"Veebidisain - Nikita Orlenko \/ Portfoolio","isPartOf":{"@id":"https:\/\/nikitaorlenko24.thkit.ee\/WP\/#website"},"primaryImageOfPage":{"@id":"https:\/\/nikitaorlenko24.thkit.ee\/WP\/veebidisain\/#primaryimage"},"image":{"@id":"https:\/\/nikitaorlenko24.thkit.ee\/WP\/veebidisain\/#primaryimage"},"thumbnailUrl":"https:\/\/nikitaorlenko24.thkit.ee\/WP\/wp-content\/uploads\/2026\/03\/E260CF38-C714-4B5C-8398-1DDA31D9913A.png","datePublished":"2026-02-26T09:13:05+00:00","dateModified":"2026-03-05T09:49:50+00:00","breadcrumb":{"@id":"https:\/\/nikitaorlenko24.thkit.ee\/WP\/veebidisain\/#breadcrumb"},"inLanguage":"et","potentialAction":[{"@type":"ReadAction","target":["https:\/\/nikitaorlenko24.thkit.ee\/WP\/veebidisain\/"]}]},{"@type":"ImageObject","inLanguage":"et","@id":"https:\/\/nikitaorlenko24.thkit.ee\/WP\/veebidisain\/#primaryimage","url":"https:\/\/nikitaorlenko24.thkit.ee\/WP\/wp-content\/uploads\/2026\/03\/E260CF38-C714-4B5C-8398-1DDA31D9913A.png","contentUrl":"https:\/\/nikitaorlenko24.thkit.ee\/WP\/wp-content\/uploads\/2026\/03\/E260CF38-C714-4B5C-8398-1DDA31D9913A.png","width":294,"height":567},{"@type":"BreadcrumbList","@id":"https:\/\/nikitaorlenko24.thkit.ee\/WP\/veebidisain\/#breadcrumb","itemListElement":[{"@type":"ListItem","position":1,"name":"Home","item":"https:\/\/nikitaorlenko24.thkit.ee\/WP\/"},{"@type":"ListItem","position":2,"name":"Veebidisain"}]},{"@type":"WebSite","@id":"https:\/\/nikitaorlenko24.thkit.ee\/WP\/#website","url":"https:\/\/nikitaorlenko24.thkit.ee\/WP\/","name":"Nikita Orlenko \/ Portfoolio","description":"Saate kontakt minuga","potentialAction":[{"@type":"SearchAction","target":{"@type":"EntryPoint","urlTemplate":"https:\/\/nikitaorlenko24.thkit.ee\/WP\/?s={search_term_string}"},"query-input":{"@type":"PropertyValueSpecification","valueRequired":true,"valueName":"search_term_string"}}],"inLanguage":"et"}]}},"_links":{"self":[{"href":"https:\/\/nikitaorlenko24.thkit.ee\/WP\/wp-json\/wp\/v2\/pages\/1175","targetHints":{"allow":["GET"]}}],"collection":[{"href":"https:\/\/nikitaorlenko24.thkit.ee\/WP\/wp-json\/wp\/v2\/pages"}],"about":[{"href":"https:\/\/nikitaorlenko24.thkit.ee\/WP\/wp-json\/wp\/v2\/types\/page"}],"author":[{"embeddable":true,"href":"https:\/\/nikitaorlenko24.thkit.ee\/WP\/wp-json\/wp\/v2\/users\/1"}],"replies":[{"embeddable":true,"href":"https:\/\/nikitaorlenko24.thkit.ee\/WP\/wp-json\/wp\/v2\/comments?post=1175"}],"version-history":[{"count":7,"href":"https:\/\/nikitaorlenko24.thkit.ee\/WP\/wp-json\/wp\/v2\/pages\/1175\/revisions"}],"predecessor-version":[{"id":1253,"href":"https:\/\/nikitaorlenko24.thkit.ee\/WP\/wp-json\/wp\/v2\/pages\/1175\/revisions\/1253"}],"wp:attachment":[{"href":"https:\/\/nikitaorlenko24.thkit.ee\/WP\/wp-json\/wp\/v2\/media?parent=1175"}],"curies":[{"name":"wp","href":"https:\/\/api.w.org\/{rel}","templated":true}]}}