{"id":1258,"date":"2026-03-09T08:29:11","date_gmt":"2026-03-09T08:29:11","guid":{"rendered":"https:\/\/nikitaorlenko24.thkit.ee\/WP\/?page_id=1258"},"modified":"2026-03-09T09:37:21","modified_gmt":"2026-03-09T09:37:21","slug":"uml","status":"publish","type":"page","link":"https:\/\/nikitaorlenko24.thkit.ee\/WP\/uml\/","title":{"rendered":"UML"},"content":{"rendered":"\n<p><strong>UML<\/strong> (Unified Modeling Language) \u2013 modeleerimiskeel (2.0)<\/p>\n\n\n\n<p><strong>UML \u2013 \u044f\u0437\u044b\u043a \u043c\u043e\u0434\u0435\u043b\u0438\u0440\u043e\u0432\u0430\u043d\u0438\u044f<\/strong><\/p>\n\n\n\n<p><strong>UML kasutab\/ \u0438\u0441\u043f\u043e\u043b\u044c\u0437\u0443\u0435\u0442:<\/strong><br>*\u0444\u0438\u0433\u0443\u0440\u044b \/kujundid<br>*\u043b\u0438\u043d\u0438\u0438 \/ jooned<br>*\u0437\u043d\u0430\u0447\u043a\u0438 \/ m\u00e4rgid<br>*\u043d\u0430\u0434\u043f\u0438\u0441\u0438 \/pealdised<\/p>\n\n\n\n<hr class=\"wp-block-separator has-alpha-channel-opacity\"\/>\n\n\n\n<p><strong>Olemi\u2013suhteskeem \/ Andmebaasi skeem<\/strong> \u2014 \u0434\u0438\u0430\u0433\u0440\u0430\u043c\u043c\u0430 \u0431\u0430\u0437 \u0434\u0430\u043d\u043d\u044b\u0445 (\u0441\u0445\u0435\u043c\u0430 \u0434\u0430\u043d\u043d\u044b\u0445)<\/p>\n\n\n\n<p><strong>Kasutuslooskeem<\/strong> \u2014 \u0434\u0438\u0430\u0433\u0440\u0430\u043c\u043c\u0430 \u043f\u0440\u0435\u0446\u0435\u0434\u0435\u043d\u0442\u043e\u0432 (Use Case Diagram)<\/p>\n\n\n\n<p><strong>Klassiskeem<\/strong> \u2014 \u0434\u0438\u0430\u0433\u0440\u0430\u043c\u043c\u0430 \u043a\u043b\u0430\u0441\u0441\u043e\u0432<\/p>\n\n\n\n<p><strong>Objektiskeem<\/strong> \u2014 \u0434\u0438\u0430\u0433\u0440\u0430\u043c\u043c\u0430 \u043e\u0431\u044a\u0435\u043a\u0442\u043e\u0432<\/p>\n\n\n\n<p><strong>Jadaskeem<\/strong> \u2014 \u0434\u0438\u0430\u0433\u0440\u0430\u043c\u043c\u0430 \u043f\u043e\u0441\u043b\u0435\u0434\u043e\u0432\u0430\u0442\u0435\u043b\u044c\u043d\u043e\u0441\u0442\u0435\u0439<\/p>\n\n\n\n<p><strong>Koost\u00f6\u00f6skeem<\/strong> \u2014 \u0434\u0438\u0430\u0433\u0440\u0430\u043c\u043c\u0430 \u0432\u0437\u0430\u0438\u043c\u043e\u0434\u0435\u0439\u0441\u0442\u0432\u0438\u044f (collaboration diagram)<\/p>\n\n\n\n<p><strong>Olekuskeem<\/strong> \u2014 \u0434\u0438\u0430\u0433\u0440\u0430\u043c\u043c\u0430 \u0441\u043e\u0441\u0442\u043e\u044f\u043d\u0438\u0439<\/p>\n\n\n\n<p><strong>Tegevusskeem<\/strong> \u2014 \u0434\u0438\u0430\u0433\u0440\u0430\u043c\u043c\u0430 \u0430\u043a\u0442\u0438\u0432\u043d\u043e\u0441\u0442\u0438<\/p>\n\n\n\n<p><strong>Levitusskeem<\/strong> \u2014 \u0434\u0438\u0430\u0433\u0440\u0430\u043c\u043c\u0430 \u0440\u0430\u0437\u0432\u0435\u0440\u0442\u044b\u0432\u0430\u043d\u0438\u044f<\/p>\n\n\n\n<hr class=\"wp-block-separator has-alpha-channel-opacity\"\/>\n\n\n\n<p><strong><em><a href=\"https:\/\/nikitaorlenko24.thkit.ee\/WP\/uml-use-case\/\" type=\"link\" id=\"https:\/\/nikitaorlenko24.thkit.ee\/WP\/uml-use-case\/\">Kasutuslooskeem<\/a>(Use case diagram)<\/em><\/strong>\u00a0\u0434\u0438\u0430\u0433\u0440\u0430\u043c\u043c\u0430 \u043f\u0440\u0435\u0446\u0435\u0434\u0435\u043d\u0442\u043e\u0432: Kasutuslooskeeme kasutatakse s\u00fcsteemi moodustavate t\u00e4htsaimate elementide ja protsesside m\u00e4\u00e4ramiseks. Primaarelemente nimetatakse \u201caktoriteks\u201d (\u044d\u043a\u0442\u043e\u0440) ning protsesse \u201ckasutuslugudeks\u201d (\u043f\u0440\u0435\u0446\u0435\u0434\u0435\u043d\u0442). Kasutuslooskeem n\u00e4itab, millised aktorid suhtlevad iga kasutususlooga.<\/p>\n\n\n\n<p><strong><em>Klassiskeem (Class diagram)<\/em><\/strong><em>:&nbsp;<\/em>Klassiskeemi kasutatakse n\u00f6. kasutuslooskeemi viimistlemiseks ning \u00fcksikasjaliku s\u00fcsteemidisaini m\u00e4\u00e4ramiseks. Klassiskeem liigitab kasutuslooskeemil m\u00e4\u00e4ratud aktorid omavahel seotud klasside kogumiks. Klassidevaheline suhe v\u00f5i assotsiatsioon v\u00f5ib olla kas \u201con\u201d v\u00f5i \u201comab\u201d t\u00fc\u00fcpi. Iga klassiskeemil toodud klass on v\u00f5imeline pakkuma teatud funktsionaalsust. Neid nimetatakse klassi meetoditeks. Lisaks sellele on igal klassil olemas rida atribuute mis m\u00e4\u00e4ravad klassi \u00fcheselt.<\/p>\n\n\n\n<p><strong><em>Objektiskeem (Object diagram<\/em><\/strong><em>):&nbsp;<\/em>objektskeem on teatud t\u00fc\u00fcpi klassiskeem. Objekt esitab klassi olekut teatud ajahetkel s\u00fcsteemi t\u00f6\u00f6 k\u00e4igus. Objektiskeem esitab s\u00fcsteemi erinevate klasside olekuid ning nendevahelisi relatsioone v\u00f5i assotsiatsioone teatud ajahetkel.<\/p>\n\n\n\n<p><strong><em>Olekuskeem (State Diagram):<\/em><\/strong>&nbsp;nagu ka nimi \u00fctleb n\u00e4itab olekuskeem erinevaid olekuid, mida l\u00e4bivad s\u00fcsteemis olevad objektid oma eluts\u00fckli jooksul. S\u00fcsteemis olevad objektid muudavad oma olekut vastavalt s\u00fcsteemis toimuvatele s\u00fcndmustele. Lisaks sellele n\u00e4itab olekuskeem ka objekti oleku \u00fcleminekut algolekust l\u00f5ppolekusse vastavalt s\u00fcsteemi m\u00f5jutavatele s\u00fcndmustele.<\/p>\n\n\n\n<p><strong><a href=\"https:\/\/merkulova.thkit.ee\/ta\/%d0%b4%d0%b8%d0%b0%d0%b3%d1%80%d0%b0%d0%bc%d0%bc%d0%b0-%d0%b0%d0%ba%d1%82%d0%b8%d0%b2%d0%bd%d0%be%d1%81%d1%82%d0%b8-%d0%b8%d0%bb%d0%b8-%d0%b4%d0%b5%d1%8f%d1%82%d0%b5%d0%bb%d1%8c%d0%bd%d0%be%d1%81\/\">Tegevusskeem&nbsp;<\/a>(Activity diagram):<\/strong>&nbsp;protsesside kulgemist s\u00fcsteemis kirjeldatakse tegevusskeemi abil. Sarnaselt olekuskeemile koosneb ka tegevusskeem toimingutest, tegevustest, \u00fcleminekutest, alg- ja l\u00f5ppolekust ning t\u00f5kisetingimustest<\/p>\n\n\n\n<p><strong><em>Jadaskeem (Sequence diagram):&nbsp;<\/em><\/strong>jadaskeem esitab s\u00fcsteemi objektide omavahelist suhtlemist. Jadaskeemi oluliseks omaduseks on selle ajaline j\u00e4rjestus. S.o. esitatakse samm-sammult t\u00e4pne objektide vaheline interaktsioon. Erinevad objektid jadaskeemil suhtlevad omavahel \u201cs\u00f5numite\u201d edastamise kaudu.<\/p>\n\n\n\n<p><strong><em>Koost\u00f6\u00f6skeem (Collaboration diagram):<\/em><\/strong>&nbsp;koost\u00f6\u00f6skeem grupeerib erinevate objektide vahelise interaktsiooni. Interaktsioonid esitatakse nummerdatuna, mis lubab j\u00e4lgida nende toimumise j\u00e4rjekorda. Koost\u00f6\u00f6skeem lubab kindlaks teha k\u00f5ikv\u00f5imalikud interaktsioonid mis igat objekti teistega seovad.<\/p>\n\n\n\n<p><strong><em>Komponentskeem (Component diagram):<\/em><\/strong>&nbsp;komponentskeemi abil kujutatakse k\u00f5rgtaseme osi, millest s\u00fcsteem koosneb. See skeem esitab millised komponendid s\u00fcsteemi moodustavad ning kuidas nad omavahel seotud on. Levitusskeem (Deployment diagram): levitusskeemi abil kujutatakse rakenduse k\u00e4itusaegeseid elemente.<\/p>\n\n\n\n<p><strong><em>Olemi \u2013 suhteskeem (Database diagram, \u0434\u0438\u0430\u0433\u0440\u0430\u043c\u043c\u0430 \u0431\u0430\u0437 \u0434\u0430\u043d\u043d\u044b\u0445 ):<\/em><\/strong><\/p>\n","protected":false},"excerpt":{"rendered":"<p>UML (Unified Modeling Language) \u2013 modeleerimiskeel (2.0) UML \u2013 \u044f\u0437\u044b\u043a \u043c\u043e\u0434\u0435\u043b\u0438\u0440\u043e\u0432\u0430\u043d\u0438\u044f UML kasutab\/ \u0438\u0441\u043f\u043e\u043b\u044c\u0437\u0443\u0435\u0442:*\u0444\u0438\u0433\u0443\u0440\u044b \/kujundid*\u043b\u0438\u043d\u0438\u0438 \/ jooned*\u0437\u043d\u0430\u0447\u043a\u0438 \/ m\u00e4rgid*\u043d\u0430\u0434\u043f\u0438\u0441\u0438 \/pealdised Olemi\u2013suhteskeem \/ Andmebaasi skeem \u2014 \u0434\u0438\u0430\u0433\u0440\u0430\u043c\u043c\u0430 \u0431\u0430\u0437 \u0434\u0430\u043d\u043d\u044b\u0445 (\u0441\u0445\u0435\u043c\u0430 \u0434\u0430\u043d\u043d\u044b\u0445) Kasutuslooskeem \u2014 \u0434\u0438\u0430\u0433\u0440\u0430\u043c\u043c\u0430 \u043f\u0440\u0435\u0446\u0435\u0434\u0435\u043d\u0442\u043e\u0432 (Use Case Diagram) Klassiskeem \u2014 \u0434\u0438\u0430\u0433\u0440\u0430\u043c\u043c\u0430 \u043a\u043b\u0430\u0441\u0441\u043e\u0432 Objektiskeem \u2014 \u0434\u0438\u0430\u0433\u0440\u0430\u043c\u043c\u0430 \u043e\u0431\u044a\u0435\u043a\u0442\u043e\u0432 Jadaskeem \u2014 \u0434\u0438\u0430\u0433\u0440\u0430\u043c\u043c\u0430 \u043f\u043e\u0441\u043b\u0435\u0434\u043e\u0432\u0430\u0442\u0435\u043b\u044c\u043d\u043e\u0441\u0442\u0435\u0439 Koost\u00f6\u00f6skeem \u2014 \u0434\u0438\u0430\u0433\u0440\u0430\u043c\u043c\u0430 \u0432\u0437\u0430\u0438\u043c\u043e\u0434\u0435\u0439\u0441\u0442\u0432\u0438\u044f (collaboration diagram) [&hellip;]<\/p>\n","protected":false},"author":1,"featured_media":0,"parent":0,"menu_order":0,"comment_status":"closed","ping_status":"closed","template":"","meta":{"footnotes":""},"class_list":["post-1258","page","type-page","status-publish","hentry"],"yoast_head":"<!-- This site is optimized with the Yoast SEO plugin v27.4 - https:\/\/yoast.com\/product\/yoast-seo-wordpress\/ -->\n<title>UML - Nikita Orlenko \/ Portfoolio<\/title>\n<meta name=\"robots\" content=\"index, follow, max-snippet:-1, max-image-preview:large, max-video-preview:-1\" \/>\n<link rel=\"canonical\" href=\"https:\/\/nikitaorlenko24.thkit.ee\/WP\/uml\/\" \/>\n<meta property=\"og:locale\" content=\"et_EE\" \/>\n<meta property=\"og:type\" content=\"article\" \/>\n<meta property=\"og:title\" content=\"UML - Nikita Orlenko \/ Portfoolio\" \/>\n<meta property=\"og:description\" content=\"UML (Unified Modeling Language) \u2013 modeleerimiskeel (2.0) UML \u2013 \u044f\u0437\u044b\u043a \u043c\u043e\u0434\u0435\u043b\u0438\u0440\u043e\u0432\u0430\u043d\u0438\u044f UML kasutab\/ \u0438\u0441\u043f\u043e\u043b\u044c\u0437\u0443\u0435\u0442:*\u0444\u0438\u0433\u0443\u0440\u044b \/kujundid*\u043b\u0438\u043d\u0438\u0438 \/ jooned*\u0437\u043d\u0430\u0447\u043a\u0438 \/ m\u00e4rgid*\u043d\u0430\u0434\u043f\u0438\u0441\u0438 \/pealdised Olemi\u2013suhteskeem \/ Andmebaasi skeem \u2014 \u0434\u0438\u0430\u0433\u0440\u0430\u043c\u043c\u0430 \u0431\u0430\u0437 \u0434\u0430\u043d\u043d\u044b\u0445 (\u0441\u0445\u0435\u043c\u0430 \u0434\u0430\u043d\u043d\u044b\u0445) Kasutuslooskeem \u2014 \u0434\u0438\u0430\u0433\u0440\u0430\u043c\u043c\u0430 \u043f\u0440\u0435\u0446\u0435\u0434\u0435\u043d\u0442\u043e\u0432 (Use Case Diagram) Klassiskeem \u2014 \u0434\u0438\u0430\u0433\u0440\u0430\u043c\u043c\u0430 \u043a\u043b\u0430\u0441\u0441\u043e\u0432 Objektiskeem \u2014 \u0434\u0438\u0430\u0433\u0440\u0430\u043c\u043c\u0430 \u043e\u0431\u044a\u0435\u043a\u0442\u043e\u0432 Jadaskeem \u2014 \u0434\u0438\u0430\u0433\u0440\u0430\u043c\u043c\u0430 \u043f\u043e\u0441\u043b\u0435\u0434\u043e\u0432\u0430\u0442\u0435\u043b\u044c\u043d\u043e\u0441\u0442\u0435\u0439 Koost\u00f6\u00f6skeem \u2014 \u0434\u0438\u0430\u0433\u0440\u0430\u043c\u043c\u0430 \u0432\u0437\u0430\u0438\u043c\u043e\u0434\u0435\u0439\u0441\u0442\u0432\u0438\u044f (collaboration diagram) [&hellip;]\" \/>\n<meta property=\"og:url\" content=\"https:\/\/nikitaorlenko24.thkit.ee\/WP\/uml\/\" \/>\n<meta property=\"og:site_name\" content=\"Nikita Orlenko \/ Portfoolio\" \/>\n<meta property=\"article:modified_time\" content=\"2026-03-09T09:37:21+00:00\" \/>\n<meta name=\"twitter:card\" content=\"summary_large_image\" \/>\n<meta name=\"twitter:label1\" content=\"Est. reading time\" \/>\n\t<meta name=\"twitter:data1\" content=\"2 minutit\" \/>\n<script type=\"application\/ld+json\" class=\"yoast-schema-graph\">{\"@context\":\"https:\\\/\\\/schema.org\",\"@graph\":[{\"@type\":\"WebPage\",\"@id\":\"https:\\\/\\\/nikitaorlenko24.thkit.ee\\\/WP\\\/uml\\\/\",\"url\":\"https:\\\/\\\/nikitaorlenko24.thkit.ee\\\/WP\\\/uml\\\/\",\"name\":\"UML - Nikita Orlenko \\\/ Portfoolio\",\"isPartOf\":{\"@id\":\"https:\\\/\\\/nikitaorlenko24.thkit.ee\\\/WP\\\/#website\"},\"datePublished\":\"2026-03-09T08:29:11+00:00\",\"dateModified\":\"2026-03-09T09:37:21+00:00\",\"breadcrumb\":{\"@id\":\"https:\\\/\\\/nikitaorlenko24.thkit.ee\\\/WP\\\/uml\\\/#breadcrumb\"},\"inLanguage\":\"et\",\"potentialAction\":[{\"@type\":\"ReadAction\",\"target\":[\"https:\\\/\\\/nikitaorlenko24.thkit.ee\\\/WP\\\/uml\\\/\"]}]},{\"@type\":\"BreadcrumbList\",\"@id\":\"https:\\\/\\\/nikitaorlenko24.thkit.ee\\\/WP\\\/uml\\\/#breadcrumb\",\"itemListElement\":[{\"@type\":\"ListItem\",\"position\":1,\"name\":\"Home\",\"item\":\"https:\\\/\\\/nikitaorlenko24.thkit.ee\\\/WP\\\/\"},{\"@type\":\"ListItem\",\"position\":2,\"name\":\"UML\"}]},{\"@type\":\"WebSite\",\"@id\":\"https:\\\/\\\/nikitaorlenko24.thkit.ee\\\/WP\\\/#website\",\"url\":\"https:\\\/\\\/nikitaorlenko24.thkit.ee\\\/WP\\\/\",\"name\":\"Nikita Orlenko \\\/ Portfoolio\",\"description\":\"Saate kontakt minuga\",\"potentialAction\":[{\"@type\":\"SearchAction\",\"target\":{\"@type\":\"EntryPoint\",\"urlTemplate\":\"https:\\\/\\\/nikitaorlenko24.thkit.ee\\\/WP\\\/?s={search_term_string}\"},\"query-input\":{\"@type\":\"PropertyValueSpecification\",\"valueRequired\":true,\"valueName\":\"search_term_string\"}}],\"inLanguage\":\"et\"}]}<\/script>\n<!-- \/ Yoast SEO plugin. -->","yoast_head_json":{"title":"UML - Nikita Orlenko \/ Portfoolio","robots":{"index":"index","follow":"follow","max-snippet":"max-snippet:-1","max-image-preview":"max-image-preview:large","max-video-preview":"max-video-preview:-1"},"canonical":"https:\/\/nikitaorlenko24.thkit.ee\/WP\/uml\/","og_locale":"et_EE","og_type":"article","og_title":"UML - Nikita Orlenko \/ Portfoolio","og_description":"UML (Unified Modeling Language) \u2013 modeleerimiskeel (2.0) UML \u2013 \u044f\u0437\u044b\u043a \u043c\u043e\u0434\u0435\u043b\u0438\u0440\u043e\u0432\u0430\u043d\u0438\u044f UML kasutab\/ \u0438\u0441\u043f\u043e\u043b\u044c\u0437\u0443\u0435\u0442:*\u0444\u0438\u0433\u0443\u0440\u044b \/kujundid*\u043b\u0438\u043d\u0438\u0438 \/ jooned*\u0437\u043d\u0430\u0447\u043a\u0438 \/ m\u00e4rgid*\u043d\u0430\u0434\u043f\u0438\u0441\u0438 \/pealdised Olemi\u2013suhteskeem \/ Andmebaasi skeem \u2014 \u0434\u0438\u0430\u0433\u0440\u0430\u043c\u043c\u0430 \u0431\u0430\u0437 \u0434\u0430\u043d\u043d\u044b\u0445 (\u0441\u0445\u0435\u043c\u0430 \u0434\u0430\u043d\u043d\u044b\u0445) Kasutuslooskeem \u2014 \u0434\u0438\u0430\u0433\u0440\u0430\u043c\u043c\u0430 \u043f\u0440\u0435\u0446\u0435\u0434\u0435\u043d\u0442\u043e\u0432 (Use Case Diagram) Klassiskeem \u2014 \u0434\u0438\u0430\u0433\u0440\u0430\u043c\u043c\u0430 \u043a\u043b\u0430\u0441\u0441\u043e\u0432 Objektiskeem \u2014 \u0434\u0438\u0430\u0433\u0440\u0430\u043c\u043c\u0430 \u043e\u0431\u044a\u0435\u043a\u0442\u043e\u0432 Jadaskeem \u2014 \u0434\u0438\u0430\u0433\u0440\u0430\u043c\u043c\u0430 \u043f\u043e\u0441\u043b\u0435\u0434\u043e\u0432\u0430\u0442\u0435\u043b\u044c\u043d\u043e\u0441\u0442\u0435\u0439 Koost\u00f6\u00f6skeem \u2014 \u0434\u0438\u0430\u0433\u0440\u0430\u043c\u043c\u0430 \u0432\u0437\u0430\u0438\u043c\u043e\u0434\u0435\u0439\u0441\u0442\u0432\u0438\u044f (collaboration diagram) [&hellip;]","og_url":"https:\/\/nikitaorlenko24.thkit.ee\/WP\/uml\/","og_site_name":"Nikita Orlenko \/ Portfoolio","article_modified_time":"2026-03-09T09:37:21+00:00","twitter_card":"summary_large_image","twitter_misc":{"Est. reading time":"2 minutit"},"schema":{"@context":"https:\/\/schema.org","@graph":[{"@type":"WebPage","@id":"https:\/\/nikitaorlenko24.thkit.ee\/WP\/uml\/","url":"https:\/\/nikitaorlenko24.thkit.ee\/WP\/uml\/","name":"UML - Nikita Orlenko \/ Portfoolio","isPartOf":{"@id":"https:\/\/nikitaorlenko24.thkit.ee\/WP\/#website"},"datePublished":"2026-03-09T08:29:11+00:00","dateModified":"2026-03-09T09:37:21+00:00","breadcrumb":{"@id":"https:\/\/nikitaorlenko24.thkit.ee\/WP\/uml\/#breadcrumb"},"inLanguage":"et","potentialAction":[{"@type":"ReadAction","target":["https:\/\/nikitaorlenko24.thkit.ee\/WP\/uml\/"]}]},{"@type":"BreadcrumbList","@id":"https:\/\/nikitaorlenko24.thkit.ee\/WP\/uml\/#breadcrumb","itemListElement":[{"@type":"ListItem","position":1,"name":"Home","item":"https:\/\/nikitaorlenko24.thkit.ee\/WP\/"},{"@type":"ListItem","position":2,"name":"UML"}]},{"@type":"WebSite","@id":"https:\/\/nikitaorlenko24.thkit.ee\/WP\/#website","url":"https:\/\/nikitaorlenko24.thkit.ee\/WP\/","name":"Nikita Orlenko \/ Portfoolio","description":"Saate kontakt minuga","potentialAction":[{"@type":"SearchAction","target":{"@type":"EntryPoint","urlTemplate":"https:\/\/nikitaorlenko24.thkit.ee\/WP\/?s={search_term_string}"},"query-input":{"@type":"PropertyValueSpecification","valueRequired":true,"valueName":"search_term_string"}}],"inLanguage":"et"}]}},"_links":{"self":[{"href":"https:\/\/nikitaorlenko24.thkit.ee\/WP\/wp-json\/wp\/v2\/pages\/1258","targetHints":{"allow":["GET"]}}],"collection":[{"href":"https:\/\/nikitaorlenko24.thkit.ee\/WP\/wp-json\/wp\/v2\/pages"}],"about":[{"href":"https:\/\/nikitaorlenko24.thkit.ee\/WP\/wp-json\/wp\/v2\/types\/page"}],"author":[{"embeddable":true,"href":"https:\/\/nikitaorlenko24.thkit.ee\/WP\/wp-json\/wp\/v2\/users\/1"}],"replies":[{"embeddable":true,"href":"https:\/\/nikitaorlenko24.thkit.ee\/WP\/wp-json\/wp\/v2\/comments?post=1258"}],"version-history":[{"count":3,"href":"https:\/\/nikitaorlenko24.thkit.ee\/WP\/wp-json\/wp\/v2\/pages\/1258\/revisions"}],"predecessor-version":[{"id":1267,"href":"https:\/\/nikitaorlenko24.thkit.ee\/WP\/wp-json\/wp\/v2\/pages\/1258\/revisions\/1267"}],"wp:attachment":[{"href":"https:\/\/nikitaorlenko24.thkit.ee\/WP\/wp-json\/wp\/v2\/media?parent=1258"}],"curies":[{"name":"wp","href":"https:\/\/api.w.org\/{rel}","templated":true}]}}