{"id":1270,"date":"2026-03-11T09:01:37","date_gmt":"2026-03-11T09:01:37","guid":{"rendered":"https:\/\/nikitaorlenko24.thkit.ee\/WP\/?page_id=1270"},"modified":"2026-03-12T09:32:17","modified_gmt":"2026-03-12T09:32:17","slug":"tegevuskeem","status":"publish","type":"page","link":"https:\/\/nikitaorlenko24.thkit.ee\/WP\/tegevuskeem\/","title":{"rendered":"TEGEVUSKEEM"},"content":{"rendered":"\n<p><strong>Tegevusskeem \u2014 tegevuse v\u00f5i protsessi diagramm (Activity diagram)<\/strong><\/p>\n\n\n\n<p>Tegevusskeemi kasutatakse erinevate protsesside modelleerimiseks. See aitab visuaalselt n\u00e4idata tegevuste j\u00e4rjekorda, otsuseid ja \u00fcleminekuid protsessi etappide vahel. Selliseid skeeme saab kasutada nii suuremate protsesside kui ka v\u00e4iksemate algoritmide kujutamiseks.<\/p>\n\n\n\n<p><strong>Tegevusskeemi peamised komponendid<\/strong><\/p>\n\n\n\n<p><strong>Alguss\u00f5lm<\/strong> \u2013 v\u00e4ike must ring, millega protsess v\u00f5i algoritm algab. Sellest v\u00e4ljub alati \u00fcks voog.<\/p>\n\n\n\n<p><strong>Toiming<\/strong> \u2013 \u00fcmardatud nurkadega ristk\u00fclik. Selle sisse kirjutatakse tegevused v\u00f5i k\u00e4sud, mida protsessis t\u00e4idetakse.<\/p>\n\n\n\n<p><strong>Voog<\/strong> \u2013 nool, mis n\u00e4itab \u00fcleminekut \u00fchest toimingust teise. Tavaliselt siseneb toimingusse \u00fcks voog ja v\u00e4ljub samuti \u00fcks voog.<\/p>\n\n\n\n<p><strong>Otsustuspunkt<\/strong> \u2013 v\u00e4ike romb, mis n\u00e4itab kohta, kus tehakse otsus. S\u00f5ltuvalt tingimusest valitakse erinevate tegevuste vahel. See sarnaneb <strong>if-lausega<\/strong> algoritmides.<\/p>\n\n\n\n<p><strong>Tegevuse l\u00f5pp<\/strong> \u2013 must punkt, mis n\u00e4itab protsessi v\u00f5i algoritmi l\u00f5ppu.<\/p>\n\n\n\n<hr class=\"wp-block-separator has-alpha-channel-opacity\"\/>\n\n\n\n<p><strong>Minu skeem:<\/strong><\/p>\n\n\n\n<figure class=\"wp-block-image size-full\"><a href=\"https:\/\/nikitaorlenko24.thkit.ee\/WP\/wp-content\/uploads\/2026\/03\/86E13DF3-37DA-4875-93F4-325E3B2394D7.png\"><img loading=\"lazy\" decoding=\"async\" width=\"751\" height=\"557\" src=\"https:\/\/nikitaorlenko24.thkit.ee\/WP\/wp-content\/uploads\/2026\/03\/86E13DF3-37DA-4875-93F4-325E3B2394D7.png\" alt=\"\" class=\"wp-image-1273\" srcset=\"https:\/\/nikitaorlenko24.thkit.ee\/WP\/wp-content\/uploads\/2026\/03\/86E13DF3-37DA-4875-93F4-325E3B2394D7.png 751w, https:\/\/nikitaorlenko24.thkit.ee\/WP\/wp-content\/uploads\/2026\/03\/86E13DF3-37DA-4875-93F4-325E3B2394D7-300x223.png 300w, https:\/\/nikitaorlenko24.thkit.ee\/WP\/wp-content\/uploads\/2026\/03\/86E13DF3-37DA-4875-93F4-325E3B2394D7-150x111.png 150w\" sizes=\"auto, (max-width: 751px) 100vw, 751px\" \/><\/a><\/figure>\n","protected":false},"excerpt":{"rendered":"<p>Tegevusskeem \u2014 tegevuse v\u00f5i protsessi diagramm (Activity diagram) Tegevusskeemi kasutatakse erinevate protsesside modelleerimiseks. See aitab visuaalselt n\u00e4idata tegevuste j\u00e4rjekorda, otsuseid ja \u00fcleminekuid protsessi etappide vahel. Selliseid skeeme saab kasutada nii suuremate protsesside kui ka v\u00e4iksemate algoritmide kujutamiseks. Tegevusskeemi peamised komponendid Alguss\u00f5lm \u2013 v\u00e4ike must ring, millega protsess v\u00f5i algoritm algab. Sellest v\u00e4ljub alati \u00fcks voog. [&hellip;]<\/p>\n","protected":false},"author":1,"featured_media":0,"parent":0,"menu_order":0,"comment_status":"closed","ping_status":"closed","template":"","meta":{"footnotes":""},"class_list":["post-1270","page","type-page","status-publish","hentry"],"yoast_head":"<!-- This site is optimized with the Yoast SEO plugin v27.4 - https:\/\/yoast.com\/product\/yoast-seo-wordpress\/ -->\n<title>TEGEVUSKEEM - Nikita Orlenko \/ Portfoolio<\/title>\n<meta name=\"robots\" content=\"index, follow, max-snippet:-1, max-image-preview:large, max-video-preview:-1\" \/>\n<link rel=\"canonical\" href=\"https:\/\/nikitaorlenko24.thkit.ee\/WP\/tegevuskeem\/\" \/>\n<meta property=\"og:locale\" content=\"et_EE\" \/>\n<meta property=\"og:type\" content=\"article\" \/>\n<meta property=\"og:title\" content=\"TEGEVUSKEEM - Nikita Orlenko \/ Portfoolio\" \/>\n<meta property=\"og:description\" content=\"Tegevusskeem \u2014 tegevuse v\u00f5i protsessi diagramm (Activity diagram) Tegevusskeemi kasutatakse erinevate protsesside modelleerimiseks. See aitab visuaalselt n\u00e4idata tegevuste j\u00e4rjekorda, otsuseid ja \u00fcleminekuid protsessi etappide vahel. Selliseid skeeme saab kasutada nii suuremate protsesside kui ka v\u00e4iksemate algoritmide kujutamiseks. Tegevusskeemi peamised komponendid Alguss\u00f5lm \u2013 v\u00e4ike must ring, millega protsess v\u00f5i algoritm algab. Sellest v\u00e4ljub alati \u00fcks voog. [&hellip;]\" \/>\n<meta property=\"og:url\" content=\"https:\/\/nikitaorlenko24.thkit.ee\/WP\/tegevuskeem\/\" \/>\n<meta property=\"og:site_name\" content=\"Nikita Orlenko \/ Portfoolio\" \/>\n<meta property=\"article:modified_time\" content=\"2026-03-12T09:32:17+00:00\" \/>\n<meta property=\"og:image\" content=\"https:\/\/nikitaorlenko24.thkit.ee\/WP\/wp-content\/uploads\/2026\/03\/86E13DF3-37DA-4875-93F4-325E3B2394D7.png\" \/>\n\t<meta property=\"og:image:width\" content=\"751\" \/>\n\t<meta property=\"og:image:height\" content=\"557\" \/>\n\t<meta property=\"og:image:type\" content=\"image\/png\" \/>\n<meta name=\"twitter:card\" content=\"summary_large_image\" \/>\n<meta name=\"twitter:label1\" content=\"Est. reading time\" \/>\n\t<meta name=\"twitter:data1\" content=\"1 minut\" \/>\n<script type=\"application\/ld+json\" class=\"yoast-schema-graph\">{\"@context\":\"https:\\\/\\\/schema.org\",\"@graph\":[{\"@type\":\"WebPage\",\"@id\":\"https:\\\/\\\/nikitaorlenko24.thkit.ee\\\/WP\\\/tegevuskeem\\\/\",\"url\":\"https:\\\/\\\/nikitaorlenko24.thkit.ee\\\/WP\\\/tegevuskeem\\\/\",\"name\":\"TEGEVUSKEEM - Nikita Orlenko \\\/ Portfoolio\",\"isPartOf\":{\"@id\":\"https:\\\/\\\/nikitaorlenko24.thkit.ee\\\/WP\\\/#website\"},\"primaryImageOfPage\":{\"@id\":\"https:\\\/\\\/nikitaorlenko24.thkit.ee\\\/WP\\\/tegevuskeem\\\/#primaryimage\"},\"image\":{\"@id\":\"https:\\\/\\\/nikitaorlenko24.thkit.ee\\\/WP\\\/tegevuskeem\\\/#primaryimage\"},\"thumbnailUrl\":\"https:\\\/\\\/nikitaorlenko24.thkit.ee\\\/WP\\\/wp-content\\\/uploads\\\/2026\\\/03\\\/86E13DF3-37DA-4875-93F4-325E3B2394D7.png\",\"datePublished\":\"2026-03-11T09:01:37+00:00\",\"dateModified\":\"2026-03-12T09:32:17+00:00\",\"breadcrumb\":{\"@id\":\"https:\\\/\\\/nikitaorlenko24.thkit.ee\\\/WP\\\/tegevuskeem\\\/#breadcrumb\"},\"inLanguage\":\"et\",\"potentialAction\":[{\"@type\":\"ReadAction\",\"target\":[\"https:\\\/\\\/nikitaorlenko24.thkit.ee\\\/WP\\\/tegevuskeem\\\/\"]}]},{\"@type\":\"ImageObject\",\"inLanguage\":\"et\",\"@id\":\"https:\\\/\\\/nikitaorlenko24.thkit.ee\\\/WP\\\/tegevuskeem\\\/#primaryimage\",\"url\":\"https:\\\/\\\/nikitaorlenko24.thkit.ee\\\/WP\\\/wp-content\\\/uploads\\\/2026\\\/03\\\/86E13DF3-37DA-4875-93F4-325E3B2394D7.png\",\"contentUrl\":\"https:\\\/\\\/nikitaorlenko24.thkit.ee\\\/WP\\\/wp-content\\\/uploads\\\/2026\\\/03\\\/86E13DF3-37DA-4875-93F4-325E3B2394D7.png\",\"width\":751,\"height\":557},{\"@type\":\"BreadcrumbList\",\"@id\":\"https:\\\/\\\/nikitaorlenko24.thkit.ee\\\/WP\\\/tegevuskeem\\\/#breadcrumb\",\"itemListElement\":[{\"@type\":\"ListItem\",\"position\":1,\"name\":\"Home\",\"item\":\"https:\\\/\\\/nikitaorlenko24.thkit.ee\\\/WP\\\/\"},{\"@type\":\"ListItem\",\"position\":2,\"name\":\"TEGEVUSKEEM\"}]},{\"@type\":\"WebSite\",\"@id\":\"https:\\\/\\\/nikitaorlenko24.thkit.ee\\\/WP\\\/#website\",\"url\":\"https:\\\/\\\/nikitaorlenko24.thkit.ee\\\/WP\\\/\",\"name\":\"Nikita Orlenko \\\/ Portfoolio\",\"description\":\"Saate kontakt minuga\",\"potentialAction\":[{\"@type\":\"SearchAction\",\"target\":{\"@type\":\"EntryPoint\",\"urlTemplate\":\"https:\\\/\\\/nikitaorlenko24.thkit.ee\\\/WP\\\/?s={search_term_string}\"},\"query-input\":{\"@type\":\"PropertyValueSpecification\",\"valueRequired\":true,\"valueName\":\"search_term_string\"}}],\"inLanguage\":\"et\"}]}<\/script>\n<!-- \/ Yoast SEO plugin. -->","yoast_head_json":{"title":"TEGEVUSKEEM - Nikita Orlenko \/ Portfoolio","robots":{"index":"index","follow":"follow","max-snippet":"max-snippet:-1","max-image-preview":"max-image-preview:large","max-video-preview":"max-video-preview:-1"},"canonical":"https:\/\/nikitaorlenko24.thkit.ee\/WP\/tegevuskeem\/","og_locale":"et_EE","og_type":"article","og_title":"TEGEVUSKEEM - Nikita Orlenko \/ Portfoolio","og_description":"Tegevusskeem \u2014 tegevuse v\u00f5i protsessi diagramm (Activity diagram) Tegevusskeemi kasutatakse erinevate protsesside modelleerimiseks. See aitab visuaalselt n\u00e4idata tegevuste j\u00e4rjekorda, otsuseid ja \u00fcleminekuid protsessi etappide vahel. Selliseid skeeme saab kasutada nii suuremate protsesside kui ka v\u00e4iksemate algoritmide kujutamiseks. Tegevusskeemi peamised komponendid Alguss\u00f5lm \u2013 v\u00e4ike must ring, millega protsess v\u00f5i algoritm algab. Sellest v\u00e4ljub alati \u00fcks voog. [&hellip;]","og_url":"https:\/\/nikitaorlenko24.thkit.ee\/WP\/tegevuskeem\/","og_site_name":"Nikita Orlenko \/ Portfoolio","article_modified_time":"2026-03-12T09:32:17+00:00","og_image":[{"width":751,"height":557,"url":"https:\/\/nikitaorlenko24.thkit.ee\/WP\/wp-content\/uploads\/2026\/03\/86E13DF3-37DA-4875-93F4-325E3B2394D7.png","type":"image\/png"}],"twitter_card":"summary_large_image","twitter_misc":{"Est. reading time":"1 minut"},"schema":{"@context":"https:\/\/schema.org","@graph":[{"@type":"WebPage","@id":"https:\/\/nikitaorlenko24.thkit.ee\/WP\/tegevuskeem\/","url":"https:\/\/nikitaorlenko24.thkit.ee\/WP\/tegevuskeem\/","name":"TEGEVUSKEEM - Nikita Orlenko \/ Portfoolio","isPartOf":{"@id":"https:\/\/nikitaorlenko24.thkit.ee\/WP\/#website"},"primaryImageOfPage":{"@id":"https:\/\/nikitaorlenko24.thkit.ee\/WP\/tegevuskeem\/#primaryimage"},"image":{"@id":"https:\/\/nikitaorlenko24.thkit.ee\/WP\/tegevuskeem\/#primaryimage"},"thumbnailUrl":"https:\/\/nikitaorlenko24.thkit.ee\/WP\/wp-content\/uploads\/2026\/03\/86E13DF3-37DA-4875-93F4-325E3B2394D7.png","datePublished":"2026-03-11T09:01:37+00:00","dateModified":"2026-03-12T09:32:17+00:00","breadcrumb":{"@id":"https:\/\/nikitaorlenko24.thkit.ee\/WP\/tegevuskeem\/#breadcrumb"},"inLanguage":"et","potentialAction":[{"@type":"ReadAction","target":["https:\/\/nikitaorlenko24.thkit.ee\/WP\/tegevuskeem\/"]}]},{"@type":"ImageObject","inLanguage":"et","@id":"https:\/\/nikitaorlenko24.thkit.ee\/WP\/tegevuskeem\/#primaryimage","url":"https:\/\/nikitaorlenko24.thkit.ee\/WP\/wp-content\/uploads\/2026\/03\/86E13DF3-37DA-4875-93F4-325E3B2394D7.png","contentUrl":"https:\/\/nikitaorlenko24.thkit.ee\/WP\/wp-content\/uploads\/2026\/03\/86E13DF3-37DA-4875-93F4-325E3B2394D7.png","width":751,"height":557},{"@type":"BreadcrumbList","@id":"https:\/\/nikitaorlenko24.thkit.ee\/WP\/tegevuskeem\/#breadcrumb","itemListElement":[{"@type":"ListItem","position":1,"name":"Home","item":"https:\/\/nikitaorlenko24.thkit.ee\/WP\/"},{"@type":"ListItem","position":2,"name":"TEGEVUSKEEM"}]},{"@type":"WebSite","@id":"https:\/\/nikitaorlenko24.thkit.ee\/WP\/#website","url":"https:\/\/nikitaorlenko24.thkit.ee\/WP\/","name":"Nikita Orlenko \/ Portfoolio","description":"Saate kontakt minuga","potentialAction":[{"@type":"SearchAction","target":{"@type":"EntryPoint","urlTemplate":"https:\/\/nikitaorlenko24.thkit.ee\/WP\/?s={search_term_string}"},"query-input":{"@type":"PropertyValueSpecification","valueRequired":true,"valueName":"search_term_string"}}],"inLanguage":"et"}]}},"_links":{"self":[{"href":"https:\/\/nikitaorlenko24.thkit.ee\/WP\/wp-json\/wp\/v2\/pages\/1270","targetHints":{"allow":["GET"]}}],"collection":[{"href":"https:\/\/nikitaorlenko24.thkit.ee\/WP\/wp-json\/wp\/v2\/pages"}],"about":[{"href":"https:\/\/nikitaorlenko24.thkit.ee\/WP\/wp-json\/wp\/v2\/types\/page"}],"author":[{"embeddable":true,"href":"https:\/\/nikitaorlenko24.thkit.ee\/WP\/wp-json\/wp\/v2\/users\/1"}],"replies":[{"embeddable":true,"href":"https:\/\/nikitaorlenko24.thkit.ee\/WP\/wp-json\/wp\/v2\/comments?post=1270"}],"version-history":[{"count":3,"href":"https:\/\/nikitaorlenko24.thkit.ee\/WP\/wp-json\/wp\/v2\/pages\/1270\/revisions"}],"predecessor-version":[{"id":1298,"href":"https:\/\/nikitaorlenko24.thkit.ee\/WP\/wp-json\/wp\/v2\/pages\/1270\/revisions\/1298"}],"wp:attachment":[{"href":"https:\/\/nikitaorlenko24.thkit.ee\/WP\/wp-json\/wp\/v2\/media?parent=1270"}],"curies":[{"name":"wp","href":"https:\/\/api.w.org\/{rel}","templated":true}]}}