{"id":21,"date":"2024-09-03T15:09:09","date_gmt":"2024-09-03T12:09:09","guid":{"rendered":"https:\/\/nikitaorlenko.wordpress.com\/?page_id=5"},"modified":"2025-10-30T10:57:32","modified_gmt":"2025-10-30T10:57:32","slug":"info-minust","status":"publish","type":"page","link":"https:\/\/nikitaorlenko24.thkit.ee\/WP\/info-minust\/","title":{"rendered":"Info minust"},"content":{"rendered":"\n<p>Minu nimi on Nikita Orlenko, elan Eestis, kaunis linnas Tallinnas. \u00d5pin T\u00f6\u00f6stushariduskeskuses, kus omandan teadmisi ja oskusi, mis aitavad mul tulevikus edukaks inimeseks saada. P\u00fc\u00fcan olla t\u00f6\u00f6kas, vastutustundlik ja arenen pidevalt, \u00f5ppides iga p\u00e4ev midagi uut.<\/p>\n\n\n\n<p>Vabal ajal tegelen poksiga. See sport aitab mul hoida head f\u00fc\u00fcsilist vormi, tugevdada tahtej\u00f5udu, arendada distsipliini ja m\u00f5tlemiskiirust. Lisaks spordile meeldib mulle \u00f5ppida inglise keelt, sest keelteoskus avab mulle uusi v\u00f5imalusi, v\u00f5imaldab suhelda erinevate riikide inimestega ja paremini m\u00f5ista teiste rahvaste kultuuri.<\/p>\n\n\n\n<p>Kontakt &#8211; nikita.orlenko234<strong>@<\/strong>gmail.com<\/p>\n\n\n\n<p><br><\/p>\n","protected":false},"excerpt":{"rendered":"<p>Minu nimi on Nikita Orlenko, elan Eestis, kaunis linnas Tallinnas. \u00d5pin T\u00f6\u00f6stushariduskeskuses, kus omandan teadmisi ja oskusi, mis aitavad mul tulevikus edukaks inimeseks saada. P\u00fc\u00fcan olla t\u00f6\u00f6kas, vastutustundlik ja arenen pidevalt, \u00f5ppides iga p\u00e4ev midagi uut. Vabal ajal tegelen poksiga. See sport aitab mul hoida head f\u00fc\u00fcsilist vormi, tugevdada tahtej\u00f5udu, arendada distsipliini ja m\u00f5tlemiskiirust. Lisaks [&hellip;]<\/p>\n","protected":false},"author":2,"featured_media":0,"parent":0,"menu_order":0,"comment_status":"closed","ping_status":"closed","template":"","meta":{"footnotes":""},"class_list":["post-21","page","type-page","status-publish","hentry"],"yoast_head":"<!-- This site is optimized with the Yoast SEO plugin v27.4 - https:\/\/yoast.com\/product\/yoast-seo-wordpress\/ -->\n<title>Info minust - Nikita Orlenko \/ Portfoolio<\/title>\n<meta name=\"robots\" content=\"index, follow, max-snippet:-1, max-image-preview:large, max-video-preview:-1\" \/>\n<link rel=\"canonical\" href=\"https:\/\/nikitaorlenko24.thkit.ee\/WP\/info-minust\/\" \/>\n<meta property=\"og:locale\" content=\"et_EE\" \/>\n<meta property=\"og:type\" content=\"article\" \/>\n<meta property=\"og:title\" content=\"Info minust - Nikita Orlenko \/ Portfoolio\" \/>\n<meta property=\"og:description\" content=\"Minu nimi on Nikita Orlenko, elan Eestis, kaunis linnas Tallinnas. \u00d5pin T\u00f6\u00f6stushariduskeskuses, kus omandan teadmisi ja oskusi, mis aitavad mul tulevikus edukaks inimeseks saada. P\u00fc\u00fcan olla t\u00f6\u00f6kas, vastutustundlik ja arenen pidevalt, \u00f5ppides iga p\u00e4ev midagi uut. Vabal ajal tegelen poksiga. See sport aitab mul hoida head f\u00fc\u00fcsilist vormi, tugevdada tahtej\u00f5udu, arendada distsipliini ja m\u00f5tlemiskiirust. Lisaks [&hellip;]\" \/>\n<meta property=\"og:url\" content=\"https:\/\/nikitaorlenko24.thkit.ee\/WP\/info-minust\/\" \/>\n<meta property=\"og:site_name\" content=\"Nikita Orlenko \/ Portfoolio\" \/>\n<meta property=\"article:modified_time\" content=\"2025-10-30T10:57:32+00:00\" \/>\n<meta name=\"twitter:card\" content=\"summary_large_image\" \/>\n<script type=\"application\/ld+json\" class=\"yoast-schema-graph\">{\"@context\":\"https:\\\/\\\/schema.org\",\"@graph\":[{\"@type\":\"WebPage\",\"@id\":\"https:\\\/\\\/nikitaorlenko24.thkit.ee\\\/WP\\\/info-minust\\\/\",\"url\":\"https:\\\/\\\/nikitaorlenko24.thkit.ee\\\/WP\\\/info-minust\\\/\",\"name\":\"Info minust - Nikita Orlenko \\\/ Portfoolio\",\"isPartOf\":{\"@id\":\"https:\\\/\\\/nikitaorlenko24.thkit.ee\\\/WP\\\/#website\"},\"datePublished\":\"2024-09-03T12:09:09+00:00\",\"dateModified\":\"2025-10-30T10:57:32+00:00\",\"breadcrumb\":{\"@id\":\"https:\\\/\\\/nikitaorlenko24.thkit.ee\\\/WP\\\/info-minust\\\/#breadcrumb\"},\"inLanguage\":\"et\",\"potentialAction\":[{\"@type\":\"ReadAction\",\"target\":[\"https:\\\/\\\/nikitaorlenko24.thkit.ee\\\/WP\\\/info-minust\\\/\"]}]},{\"@type\":\"BreadcrumbList\",\"@id\":\"https:\\\/\\\/nikitaorlenko24.thkit.ee\\\/WP\\\/info-minust\\\/#breadcrumb\",\"itemListElement\":[{\"@type\":\"ListItem\",\"position\":1,\"name\":\"Home\",\"item\":\"https:\\\/\\\/nikitaorlenko24.thkit.ee\\\/WP\\\/\"},{\"@type\":\"ListItem\",\"position\":2,\"name\":\"Info minust\"}]},{\"@type\":\"WebSite\",\"@id\":\"https:\\\/\\\/nikitaorlenko24.thkit.ee\\\/WP\\\/#website\",\"url\":\"https:\\\/\\\/nikitaorlenko24.thkit.ee\\\/WP\\\/\",\"name\":\"Nikita Orlenko \\\/ Portfoolio\",\"description\":\"Saate kontakt minuga\",\"potentialAction\":[{\"@type\":\"SearchAction\",\"target\":{\"@type\":\"EntryPoint\",\"urlTemplate\":\"https:\\\/\\\/nikitaorlenko24.thkit.ee\\\/WP\\\/?s={search_term_string}\"},\"query-input\":{\"@type\":\"PropertyValueSpecification\",\"valueRequired\":true,\"valueName\":\"search_term_string\"}}],\"inLanguage\":\"et\"}]}<\/script>\n<!-- \/ Yoast SEO plugin. -->","yoast_head_json":{"title":"Info minust - Nikita Orlenko \/ Portfoolio","robots":{"index":"index","follow":"follow","max-snippet":"max-snippet:-1","max-image-preview":"max-image-preview:large","max-video-preview":"max-video-preview:-1"},"canonical":"https:\/\/nikitaorlenko24.thkit.ee\/WP\/info-minust\/","og_locale":"et_EE","og_type":"article","og_title":"Info minust - Nikita Orlenko \/ Portfoolio","og_description":"Minu nimi on Nikita Orlenko, elan Eestis, kaunis linnas Tallinnas. \u00d5pin T\u00f6\u00f6stushariduskeskuses, kus omandan teadmisi ja oskusi, mis aitavad mul tulevikus edukaks inimeseks saada. P\u00fc\u00fcan olla t\u00f6\u00f6kas, vastutustundlik ja arenen pidevalt, \u00f5ppides iga p\u00e4ev midagi uut. Vabal ajal tegelen poksiga. See sport aitab mul hoida head f\u00fc\u00fcsilist vormi, tugevdada tahtej\u00f5udu, arendada distsipliini ja m\u00f5tlemiskiirust. Lisaks [&hellip;]","og_url":"https:\/\/nikitaorlenko24.thkit.ee\/WP\/info-minust\/","og_site_name":"Nikita Orlenko \/ Portfoolio","article_modified_time":"2025-10-30T10:57:32+00:00","twitter_card":"summary_large_image","schema":{"@context":"https:\/\/schema.org","@graph":[{"@type":"WebPage","@id":"https:\/\/nikitaorlenko24.thkit.ee\/WP\/info-minust\/","url":"https:\/\/nikitaorlenko24.thkit.ee\/WP\/info-minust\/","name":"Info minust - Nikita Orlenko \/ Portfoolio","isPartOf":{"@id":"https:\/\/nikitaorlenko24.thkit.ee\/WP\/#website"},"datePublished":"2024-09-03T12:09:09+00:00","dateModified":"2025-10-30T10:57:32+00:00","breadcrumb":{"@id":"https:\/\/nikitaorlenko24.thkit.ee\/WP\/info-minust\/#breadcrumb"},"inLanguage":"et","potentialAction":[{"@type":"ReadAction","target":["https:\/\/nikitaorlenko24.thkit.ee\/WP\/info-minust\/"]}]},{"@type":"BreadcrumbList","@id":"https:\/\/nikitaorlenko24.thkit.ee\/WP\/info-minust\/#breadcrumb","itemListElement":[{"@type":"ListItem","position":1,"name":"Home","item":"https:\/\/nikitaorlenko24.thkit.ee\/WP\/"},{"@type":"ListItem","position":2,"name":"Info minust"}]},{"@type":"WebSite","@id":"https:\/\/nikitaorlenko24.thkit.ee\/WP\/#website","url":"https:\/\/nikitaorlenko24.thkit.ee\/WP\/","name":"Nikita Orlenko \/ Portfoolio","description":"Saate kontakt minuga","potentialAction":[{"@type":"SearchAction","target":{"@type":"EntryPoint","urlTemplate":"https:\/\/nikitaorlenko24.thkit.ee\/WP\/?s={search_term_string}"},"query-input":{"@type":"PropertyValueSpecification","valueRequired":true,"valueName":"search_term_string"}}],"inLanguage":"et"}]}},"_links":{"self":[{"href":"https:\/\/nikitaorlenko24.thkit.ee\/WP\/wp-json\/wp\/v2\/pages\/21","targetHints":{"allow":["GET"]}}],"collection":[{"href":"https:\/\/nikitaorlenko24.thkit.ee\/WP\/wp-json\/wp\/v2\/pages"}],"about":[{"href":"https:\/\/nikitaorlenko24.thkit.ee\/WP\/wp-json\/wp\/v2\/types\/page"}],"author":[{"embeddable":true,"href":"https:\/\/nikitaorlenko24.thkit.ee\/WP\/wp-json\/wp\/v2\/users\/2"}],"replies":[{"embeddable":true,"href":"https:\/\/nikitaorlenko24.thkit.ee\/WP\/wp-json\/wp\/v2\/comments?post=21"}],"version-history":[{"count":1,"href":"https:\/\/nikitaorlenko24.thkit.ee\/WP\/wp-json\/wp\/v2\/pages\/21\/revisions"}],"predecessor-version":[{"id":940,"href":"https:\/\/nikitaorlenko24.thkit.ee\/WP\/wp-json\/wp\/v2\/pages\/21\/revisions\/940"}],"wp:attachment":[{"href":"https:\/\/nikitaorlenko24.thkit.ee\/WP\/wp-json\/wp\/v2\/media?parent=21"}],"curies":[{"name":"wp","href":"https:\/\/api.w.org\/{rel}","templated":true}]}}