{"id":57,"date":"2024-11-04T13:28:30","date_gmt":"2024-11-04T11:28:30","guid":{"rendered":"https:\/\/nikitaorlenko.wordpress.com\/?page_id=57"},"modified":"2024-11-04T13:28:30","modified_gmt":"2024-11-04T11:28:30","slug":"sonastik-2","status":"publish","type":"page","link":"https:\/\/nikitaorlenko24.thkit.ee\/WP\/sonastik-2\/","title":{"rendered":"S\u00f5nastik"},"content":{"rendered":"\n<p><\/p>\n\n\n\n<p>Objektorienteeritud programmerimine &#8211; \u041e\u041e\u041f<\/p>\n\n\n\n<p>Andmet\u00fc\u00fcp\/ Andmet\u00fc\u00fcbid &#8211; \u0442\u0438\u043f\/\u0442\u0438\u043f\u044b \u0434\u0430\u043d\u043d\u044b\u0445 <\/p>\n\n\n\n<p>Programmeerimiskeel &#8211; \u044f\u0437\u044b\u043a \u043f\u0440\u043e\u0433\u0440\u0430\u043c\u0438\u0440\u043e\u0432\u0430\u043d\u0438\u044f <\/p>\n\n\n\n<p>Sissejuhatus &#8211; \u0432\u0432\u0435\u0434\u0435\u043d\u0438\u0435 <\/p>\n\n\n\n<p>Plokk programmeerimine &#8211; \u0431\u043b\u043e\u0447\u043d\u043e\u0435 \u043f\u0440\u043e\u0433\u0440\u0430\u043c\u043c\u0438\u0440\u043e\u0432\u0430\u043d\u0438\u0435 <\/p>\n\n\n\n<p>Andmebass &#8211; \u0431\u0430\u0437\u0430 \u0434\u0430\u043d\u043d\u044b\u0445<\/p>\n\n\n\n<p>Plokid &#8211; \u0431\u043b\u043e\u043a<\/p>\n\n\n\n<p>T\u00f6\u00f6rum &#8211; \u0440\u0430\u0431\u043e\u0447\u0430\u044f \u043a\u043e\u043c\u043d\u0430\u0442\u0430<\/p>\n\n\n\n<p>K\u00e4ivita &#8211; \u0437\u0430\u043f\u0443\u0441\u0442\u0438\u0442\u044c <\/p>\n\n\n\n<p>Taasta &#8211; \u0432\u043e\u0441\u0442\u0430\u043d\u0430\u0432\u043b\u0438\u0432\u0430\u0442\u044c <\/p>\n\n\n\n<p>Taust &#8211; \u0444\u043e\u043d<\/p>\n\n\n\n<p>Maalim &#8211; \u043c\u0438\u0440 (\u043f\u0440\u043e\u0441\u0442\u0440\u0430\u043d\u0441\u0442\u0432\u043e)<\/p>\n\n\n\n<p>Spraidid &#8211; \u0441\u043f\u0440\u0430\u0439\u0442\u044b <\/p>\n\n\n\n<p>Suurus &#8211; \u0440\u0430\u0437\u043c\u0435\u0440 <\/p>\n\n\n\n<p>P\u00f6\u00f6ramine &#8211; \u043f\u043e\u0432\u043e\u0440\u0430\u0447\u0438\u0432\u0430\u043d\u0438\u0435 <\/p>\n\n\n\n<p>Asukoht &#8211; \u043c\u0435\u0441\u0442\u043e\u043f\u043e\u043b\u043e\u0436\u0435\u043d\u0438\u0435<\/p>\n\n\n\n<p>Kiirus &#8211; \u0441\u043a\u043e\u0440\u043e\u0441\u0442\u044c<\/p>\n\n\n\n<p>Liikumise suund &#8211; \u043d\u0430\u043f\u0440\u0430\u0432\u043b\u0435\u043d\u0438\u0435 \u0434\u0432\u0438\u0436\u0435\u043d\u0438\u044f <\/p>\n\n\n\n<p>Asukohad &#8211; \u043b\u043e\u043a\u0430\u0446\u0438\u0438 <\/p>\n\n\n\n<p>S\u00fcndmused &#8211; \u0441\u043e\u0431\u044b\u0442\u0438\u044f <\/p>\n\n\n\n<p>Salas\u00f5na &#8211; <\/p>\n\n\n\n<p>Korda viis korda <\/p>\n\n\n\n<p>L\u00fckama<\/p>\n\n\n\n<p>T\u00f5tjuma<\/p>\n\n\n\n<p>Paigaldama<\/p>\n\n\n\n<p>Vajuta<\/p>\n\n\n\n<p>Nool &#8211; \u0441\u0442\u0440\u0435\u043b\u043a\u0430 <\/p>\n\n\n\n<p>T\u00e4isarv &#8211; \u0446\u0435\u043b\u043e\u0435 \u0447\u0438\u0441\u043b\u043e<\/p>\n\n\n\n<p>s\u00f5ne &#8211; \u0441\u0442\u0440\u043e\u043a\u0430 <\/p>\n\n\n\n<p>T\u00f5ev\u00e4\u00e4rtused &#8211; \u0437\u043d\u0430\u0447\u0435\u043d\u0438\u0435 \u0432\u0435\u0440\u043e\u044f\u0442\u043d\u043e\u0441\u0442\u0438 <\/p>\n\n\n\n<p>Ts\u00fckliline &#8211; \u0440\u0430\u0437\u0432\u0435\u0442\u043b\u044f\u044e\u0449\u0435\u0441\u044f<\/p>\n\n\n\n<p>L\u00f5plikus &#8211; \u043e\u043a\u043e\u043d\u0447\u0430\u043d\u0438\u0435 <\/p>\n\n\n\n<p>Eeskiri &#8211; \u043f\u0440\u0435\u0434\u043f\u0438\u0441\u0430\u043d\u0438\u0435 \u0447\u0442\u043e \u0442\u043e \u0441\u0434\u0435\u043b\u0430\u0442\u044c<\/p>\n\n\n\n<p>Hulk &#8211; \u043c\u043d\u043e\u0436\u0435\u0441\u0442\u0432\u043e <\/p>\n\n\n\n<p>Vahetulemus &#8211; \u043f\u0440\u043e\u043c\u0435\u0436\u0443\u0442\u043e\u0447\u043d\u044b\u0439 \u0440\u0435\u0437\u0443\u043b\u044c\u0442\u0430\u0442 <\/p>\n\n\n\n<p><\/p>\n\n\n\n<p><\/p>\n\n\n\n<p><\/p>\n\n\n\n<p><strong>Python<\/strong><\/p>\n\n\n\n<p>Astendamine **  -\u0441\u0442\u0435\u043f\u0435\u043d\u044c <\/p>\n\n\n\n<p>Korrutamine * &#8211; \u0443\u043c\u043d\u043e\u0436\u0435\u043d\u0438\u0435 <\/p>\n\n\n\n<p>Jagamine \/ &#8211; \u0434\u0435\u043b\u0435\u043d\u0438\u0435 <\/p>\n\n\n\n<p>Jagamisj\u00e4\u00e4k % &#8211; \u043e\u0441\u0442\u0430\u0442\u043e\u043a <\/p>\n\n\n\n<p>Liitmine + &#8211; \u0441\u043b\u043e\u0436\u0435\u043d\u0438\u0435 <\/p>\n\n\n\n<p>Lahutamine &#8211; &#8211; \u0432\u044b\u0447\u0438\u0442\u0430\u043d\u0438\u0435 <\/p>\n\n\n\n<p>tekstide liitmine + &#8211; \u0441\u043a\u043b\u0435\u0438\u0442\u044c \u0442\u0435\u043a\u0441\u0442<\/p>\n\n\n\n<p>teksti kordamine * &#8211; \u043c\u043e\u0436\u043d\u043e \u0446\u0438\u0444\u0440\u0443 \u0443\u043c\u043d\u043e\u0436\u0438\u0442\u044c \u043d\u0430 \u0442\u0435\u043a\u0441\u0442, \u043a \u043f\u0440\u0438\u043c\u0435\u0440\u0443 \u0435\u0441\u043b\u0438 \u043d\u0430\u0434\u043e \u043d\u0430\u043f\u0438\u0441\u0430\u0442\u044c \u0442\u0435\u043a\u0441\u0442 \u043d\u0435\u0441\u043a\u043e\u043b\u044c\u043a\u043e \u0440\u0430\u0437<\/p>\n\n\n\n<p> <\/p>\n","protected":false},"excerpt":{"rendered":"<p>Objektorienteeritud programmerimine &#8211; \u041e\u041e\u041f Andmet\u00fc\u00fcp\/ Andmet\u00fc\u00fcbid &#8211; \u0442\u0438\u043f\/\u0442\u0438\u043f\u044b \u0434\u0430\u043d\u043d\u044b\u0445 Programmeerimiskeel &#8211; \u044f\u0437\u044b\u043a \u043f\u0440\u043e\u0433\u0440\u0430\u043c\u0438\u0440\u043e\u0432\u0430\u043d\u0438\u044f Sissejuhatus &#8211; \u0432\u0432\u0435\u0434\u0435\u043d\u0438\u0435 Plokk programmeerimine &#8211; \u0431\u043b\u043e\u0447\u043d\u043e\u0435 \u043f\u0440\u043e\u0433\u0440\u0430\u043c\u043c\u0438\u0440\u043e\u0432\u0430\u043d\u0438\u0435 Andmebass &#8211; \u0431\u0430\u0437\u0430 \u0434\u0430\u043d\u043d\u044b\u0445 Plokid &#8211; \u0431\u043b\u043e\u043a T\u00f6\u00f6rum &#8211; \u0440\u0430\u0431\u043e\u0447\u0430\u044f \u043a\u043e\u043c\u043d\u0430\u0442\u0430 K\u00e4ivita &#8211; \u0437\u0430\u043f\u0443\u0441\u0442\u0438\u0442\u044c Taasta &#8211; \u0432\u043e\u0441\u0442\u0430\u043d\u0430\u0432\u043b\u0438\u0432\u0430\u0442\u044c Taust &#8211; \u0444\u043e\u043d Maalim &#8211; \u043c\u0438\u0440 (\u043f\u0440\u043e\u0441\u0442\u0440\u0430\u043d\u0441\u0442\u0432\u043e) Spraidid &#8211; \u0441\u043f\u0440\u0430\u0439\u0442\u044b Suurus &#8211; \u0440\u0430\u0437\u043c\u0435\u0440 P\u00f6\u00f6ramine &#8211; \u043f\u043e\u0432\u043e\u0440\u0430\u0447\u0438\u0432\u0430\u043d\u0438\u0435 Asukoht [&hellip;]<\/p>\n","protected":false},"author":2,"featured_media":0,"parent":0,"menu_order":0,"comment_status":"closed","ping_status":"closed","template":"page-with-title","meta":{"footnotes":""},"class_list":["post-57","page","type-page","status-publish","hentry"],"yoast_head":"<!-- This site is optimized with the Yoast SEO plugin v27.4 - https:\/\/yoast.com\/product\/yoast-seo-wordpress\/ -->\n<title>S\u00f5nastik - Nikita Orlenko \/ Portfoolio<\/title>\n<meta name=\"robots\" content=\"index, follow, max-snippet:-1, max-image-preview:large, max-video-preview:-1\" \/>\n<link rel=\"canonical\" href=\"https:\/\/nikitaorlenko24.thkit.ee\/WP\/sonastik-2\/\" \/>\n<meta property=\"og:locale\" content=\"et_EE\" \/>\n<meta property=\"og:type\" content=\"article\" \/>\n<meta property=\"og:title\" content=\"S\u00f5nastik - Nikita Orlenko \/ Portfoolio\" \/>\n<meta property=\"og:description\" content=\"Objektorienteeritud programmerimine &#8211; \u041e\u041e\u041f Andmet\u00fc\u00fcp\/ Andmet\u00fc\u00fcbid &#8211; \u0442\u0438\u043f\/\u0442\u0438\u043f\u044b \u0434\u0430\u043d\u043d\u044b\u0445 Programmeerimiskeel &#8211; \u044f\u0437\u044b\u043a \u043f\u0440\u043e\u0433\u0440\u0430\u043c\u0438\u0440\u043e\u0432\u0430\u043d\u0438\u044f Sissejuhatus &#8211; \u0432\u0432\u0435\u0434\u0435\u043d\u0438\u0435 Plokk programmeerimine &#8211; \u0431\u043b\u043e\u0447\u043d\u043e\u0435 \u043f\u0440\u043e\u0433\u0440\u0430\u043c\u043c\u0438\u0440\u043e\u0432\u0430\u043d\u0438\u0435 Andmebass &#8211; \u0431\u0430\u0437\u0430 \u0434\u0430\u043d\u043d\u044b\u0445 Plokid &#8211; \u0431\u043b\u043e\u043a T\u00f6\u00f6rum &#8211; \u0440\u0430\u0431\u043e\u0447\u0430\u044f \u043a\u043e\u043c\u043d\u0430\u0442\u0430 K\u00e4ivita &#8211; \u0437\u0430\u043f\u0443\u0441\u0442\u0438\u0442\u044c Taasta &#8211; \u0432\u043e\u0441\u0442\u0430\u043d\u0430\u0432\u043b\u0438\u0432\u0430\u0442\u044c Taust &#8211; \u0444\u043e\u043d Maalim &#8211; \u043c\u0438\u0440 (\u043f\u0440\u043e\u0441\u0442\u0440\u0430\u043d\u0441\u0442\u0432\u043e) Spraidid &#8211; \u0441\u043f\u0440\u0430\u0439\u0442\u044b Suurus &#8211; \u0440\u0430\u0437\u043c\u0435\u0440 P\u00f6\u00f6ramine &#8211; \u043f\u043e\u0432\u043e\u0440\u0430\u0447\u0438\u0432\u0430\u043d\u0438\u0435 Asukoht [&hellip;]\" \/>\n<meta property=\"og:url\" content=\"https:\/\/nikitaorlenko24.thkit.ee\/WP\/sonastik-2\/\" \/>\n<meta property=\"og:site_name\" content=\"Nikita Orlenko \/ Portfoolio\" \/>\n<meta name=\"twitter:card\" content=\"summary_large_image\" \/>\n<meta name=\"twitter:label1\" content=\"Est. reading time\" \/>\n\t<meta name=\"twitter:data1\" content=\"1 minut\" \/>\n<script type=\"application\/ld+json\" class=\"yoast-schema-graph\">{\"@context\":\"https:\\\/\\\/schema.org\",\"@graph\":[{\"@type\":\"WebPage\",\"@id\":\"https:\\\/\\\/nikitaorlenko24.thkit.ee\\\/WP\\\/sonastik-2\\\/\",\"url\":\"https:\\\/\\\/nikitaorlenko24.thkit.ee\\\/WP\\\/sonastik-2\\\/\",\"name\":\"S\u00f5nastik - Nikita Orlenko \\\/ Portfoolio\",\"isPartOf\":{\"@id\":\"https:\\\/\\\/nikitaorlenko24.thkit.ee\\\/WP\\\/#website\"},\"datePublished\":\"2024-11-04T11:28:30+00:00\",\"breadcrumb\":{\"@id\":\"https:\\\/\\\/nikitaorlenko24.thkit.ee\\\/WP\\\/sonastik-2\\\/#breadcrumb\"},\"inLanguage\":\"et\",\"potentialAction\":[{\"@type\":\"ReadAction\",\"target\":[\"https:\\\/\\\/nikitaorlenko24.thkit.ee\\\/WP\\\/sonastik-2\\\/\"]}]},{\"@type\":\"BreadcrumbList\",\"@id\":\"https:\\\/\\\/nikitaorlenko24.thkit.ee\\\/WP\\\/sonastik-2\\\/#breadcrumb\",\"itemListElement\":[{\"@type\":\"ListItem\",\"position\":1,\"name\":\"Home\",\"item\":\"https:\\\/\\\/nikitaorlenko24.thkit.ee\\\/WP\\\/\"},{\"@type\":\"ListItem\",\"position\":2,\"name\":\"S\u00f5nastik\"}]},{\"@type\":\"WebSite\",\"@id\":\"https:\\\/\\\/nikitaorlenko24.thkit.ee\\\/WP\\\/#website\",\"url\":\"https:\\\/\\\/nikitaorlenko24.thkit.ee\\\/WP\\\/\",\"name\":\"Nikita Orlenko \\\/ Portfoolio\",\"description\":\"Saate kontakt minuga\",\"potentialAction\":[{\"@type\":\"SearchAction\",\"target\":{\"@type\":\"EntryPoint\",\"urlTemplate\":\"https:\\\/\\\/nikitaorlenko24.thkit.ee\\\/WP\\\/?s={search_term_string}\"},\"query-input\":{\"@type\":\"PropertyValueSpecification\",\"valueRequired\":true,\"valueName\":\"search_term_string\"}}],\"inLanguage\":\"et\"}]}<\/script>\n<!-- \/ Yoast SEO plugin. -->","yoast_head_json":{"title":"S\u00f5nastik - Nikita Orlenko \/ Portfoolio","robots":{"index":"index","follow":"follow","max-snippet":"max-snippet:-1","max-image-preview":"max-image-preview:large","max-video-preview":"max-video-preview:-1"},"canonical":"https:\/\/nikitaorlenko24.thkit.ee\/WP\/sonastik-2\/","og_locale":"et_EE","og_type":"article","og_title":"S\u00f5nastik - Nikita Orlenko \/ Portfoolio","og_description":"Objektorienteeritud programmerimine &#8211; \u041e\u041e\u041f Andmet\u00fc\u00fcp\/ Andmet\u00fc\u00fcbid &#8211; \u0442\u0438\u043f\/\u0442\u0438\u043f\u044b \u0434\u0430\u043d\u043d\u044b\u0445 Programmeerimiskeel &#8211; \u044f\u0437\u044b\u043a \u043f\u0440\u043e\u0433\u0440\u0430\u043c\u0438\u0440\u043e\u0432\u0430\u043d\u0438\u044f Sissejuhatus &#8211; \u0432\u0432\u0435\u0434\u0435\u043d\u0438\u0435 Plokk programmeerimine &#8211; \u0431\u043b\u043e\u0447\u043d\u043e\u0435 \u043f\u0440\u043e\u0433\u0440\u0430\u043c\u043c\u0438\u0440\u043e\u0432\u0430\u043d\u0438\u0435 Andmebass &#8211; \u0431\u0430\u0437\u0430 \u0434\u0430\u043d\u043d\u044b\u0445 Plokid &#8211; \u0431\u043b\u043e\u043a T\u00f6\u00f6rum &#8211; \u0440\u0430\u0431\u043e\u0447\u0430\u044f \u043a\u043e\u043c\u043d\u0430\u0442\u0430 K\u00e4ivita &#8211; \u0437\u0430\u043f\u0443\u0441\u0442\u0438\u0442\u044c Taasta &#8211; \u0432\u043e\u0441\u0442\u0430\u043d\u0430\u0432\u043b\u0438\u0432\u0430\u0442\u044c Taust &#8211; \u0444\u043e\u043d Maalim &#8211; \u043c\u0438\u0440 (\u043f\u0440\u043e\u0441\u0442\u0440\u0430\u043d\u0441\u0442\u0432\u043e) Spraidid &#8211; \u0441\u043f\u0440\u0430\u0439\u0442\u044b Suurus &#8211; \u0440\u0430\u0437\u043c\u0435\u0440 P\u00f6\u00f6ramine &#8211; \u043f\u043e\u0432\u043e\u0440\u0430\u0447\u0438\u0432\u0430\u043d\u0438\u0435 Asukoht [&hellip;]","og_url":"https:\/\/nikitaorlenko24.thkit.ee\/WP\/sonastik-2\/","og_site_name":"Nikita Orlenko \/ Portfoolio","twitter_card":"summary_large_image","twitter_misc":{"Est. reading time":"1 minut"},"schema":{"@context":"https:\/\/schema.org","@graph":[{"@type":"WebPage","@id":"https:\/\/nikitaorlenko24.thkit.ee\/WP\/sonastik-2\/","url":"https:\/\/nikitaorlenko24.thkit.ee\/WP\/sonastik-2\/","name":"S\u00f5nastik - Nikita Orlenko \/ Portfoolio","isPartOf":{"@id":"https:\/\/nikitaorlenko24.thkit.ee\/WP\/#website"},"datePublished":"2024-11-04T11:28:30+00:00","breadcrumb":{"@id":"https:\/\/nikitaorlenko24.thkit.ee\/WP\/sonastik-2\/#breadcrumb"},"inLanguage":"et","potentialAction":[{"@type":"ReadAction","target":["https:\/\/nikitaorlenko24.thkit.ee\/WP\/sonastik-2\/"]}]},{"@type":"BreadcrumbList","@id":"https:\/\/nikitaorlenko24.thkit.ee\/WP\/sonastik-2\/#breadcrumb","itemListElement":[{"@type":"ListItem","position":1,"name":"Home","item":"https:\/\/nikitaorlenko24.thkit.ee\/WP\/"},{"@type":"ListItem","position":2,"name":"S\u00f5nastik"}]},{"@type":"WebSite","@id":"https:\/\/nikitaorlenko24.thkit.ee\/WP\/#website","url":"https:\/\/nikitaorlenko24.thkit.ee\/WP\/","name":"Nikita Orlenko \/ Portfoolio","description":"Saate kontakt minuga","potentialAction":[{"@type":"SearchAction","target":{"@type":"EntryPoint","urlTemplate":"https:\/\/nikitaorlenko24.thkit.ee\/WP\/?s={search_term_string}"},"query-input":{"@type":"PropertyValueSpecification","valueRequired":true,"valueName":"search_term_string"}}],"inLanguage":"et"}]}},"_links":{"self":[{"href":"https:\/\/nikitaorlenko24.thkit.ee\/WP\/wp-json\/wp\/v2\/pages\/57","targetHints":{"allow":["GET"]}}],"collection":[{"href":"https:\/\/nikitaorlenko24.thkit.ee\/WP\/wp-json\/wp\/v2\/pages"}],"about":[{"href":"https:\/\/nikitaorlenko24.thkit.ee\/WP\/wp-json\/wp\/v2\/types\/page"}],"author":[{"embeddable":true,"href":"https:\/\/nikitaorlenko24.thkit.ee\/WP\/wp-json\/wp\/v2\/users\/2"}],"replies":[{"embeddable":true,"href":"https:\/\/nikitaorlenko24.thkit.ee\/WP\/wp-json\/wp\/v2\/comments?post=57"}],"version-history":[{"count":0,"href":"https:\/\/nikitaorlenko24.thkit.ee\/WP\/wp-json\/wp\/v2\/pages\/57\/revisions"}],"wp:attachment":[{"href":"https:\/\/nikitaorlenko24.thkit.ee\/WP\/wp-json\/wp\/v2\/media?parent=57"}],"curies":[{"name":"wp","href":"https:\/\/api.w.org\/{rel}","templated":true}]}}