{"id":814,"date":"2025-10-09T08:57:10","date_gmt":"2025-10-09T08:57:10","guid":{"rendered":"https:\/\/nikitaorlenko24.thkit.ee\/WP\/?page_id=814"},"modified":"2025-10-09T09:50:46","modified_gmt":"2025-10-09T09:50:46","slug":"js-muusika-ankeedi-loomine","status":"publish","type":"page","link":"https:\/\/nikitaorlenko24.thkit.ee\/WP\/js-muusika-ankeedi-loomine\/","title":{"rendered":"JS: Muusika ankeedi loomine"},"content":{"rendered":"\n<p>1. V\u00e4ike konspekt &#8211; mida iga \u00fcks koostab ise<\/p>\n\n\n\n<p>2. On vaja sisestada html\/css koodimeetodi, et see t\u00f6\u00f6tab WB lehel<\/p>\n\n\n\n<h1>Muusika k\u00fcsitlus<\/h1>\n<form id=\"regform\" class=\"box\">\n  <table id=\"Tabel1\">\n    <tr>\n      <td>\n        <strong>Milliseid ansambleid sa tead?<\/strong>\n        <br>\n\n        <input type=\"checkbox\" name=\"valik\" id=\"acdc\" value=\"AC\/DC\" onchange=\"ansambleid()\">\n        <label for=\"acdc\">AC\/DC<\/label>\n        <br>\n\n        <input type=\"checkbox\" name=\"valik\" id=\"GunsnRoses\" value=\"Guns'N Roses\" onchange=\"ansambleid()\">\n        <label for=\"GunsnRoses\">Guns&#8217;N Roses<\/label>\n        <br>\n\n        <input type=\"checkbox\" name=\"valik\" id=\"Queen\" value=\"Queen\" onchange=\"ansambleid()\">\n        <label for=\"Queen\">Queen<\/label>\n        <br>\n\n        <input type=\"checkbox\" name=\"valik\" id=\"nirvana\" value=\"Nirvana\" onchange=\"ansambleid()\">\n        <label for=\"nirvana\">Nirvana<\/label>\n        <br>\n      <\/td>\n      <td>\n        <div id=\"vastus1\"><\/div>\n      <\/td>\n    <\/tr>\n\n    <tr>\n      <td>\n        <label for=\"arvate\">Mida arvad muusika kuulamisest koolis?<\/label>\n        <input type=\"text\" id=\"arvate\"  oninput=\"SinuArvade()\">\n      <\/td>\n      <td>\n        <div id=\"vastus2\"><\/div>\n      <\/td>\n    <\/tr>\n\n    <tr>\n      <td>\n        <label for=\"slider\">Mitu tundi p\u00e4evas sa kuulad muusikat?<\/label>\n        0<input type=\"range\" id=\"slider\" min=\"0\" max=\"24\" onchange=\"sliderLuugub()\">24\n        <br><br>\n      <\/td>\n      <td>\n        <div id=\"vastus3\"><\/div>\n      <\/td>\n    <\/tr>\n\n    <tr>\n      <td>\n        <strong>Kas sa kuulad raadiot?<\/strong>\n        <input type=\"radio\" name=\"sugu\" id=\"jah\" value=\"Sa kuulad raadio!\" onchange=\"valiRadio()\">\n        <label for=\"jah\">Jah<\/label>\n\n        <input type=\"radio\" name=\"sugu\" id=\"ei\" value=\"Sa ei kuula raadio!\" onchange=\"valiRadio()\">\n        <label for=\"ei\">Ei<\/label>\n      <\/td>\n      <td>\n        <div id=\"vastus4\"><\/div>\n      <\/td>\n    <\/tr>\n\n    <tr>\n      <td>\n        <label for=\"grupp\">Milliseid raadiojaamu oskad nimetada?<\/label>\n        <input type=\"text\" id=\"grupp\"  oninput=\"kirjutajaamu()\">\n      <\/td>\n      <td>\n        <div id=\"vastus5\"><\/div>\n      <\/td>\n    <\/tr>\n\n    <tr>\n      <td>\n        <strong>Millist muusikat sa k\u00f5ige rohkem kuulad?<\/strong>\n        <br>\n\n        <input type=\"radio\" name=\"stiil\" id=\"rock\" value=\"Rock\" onchange=\"valiStiil()\">\n        <label for=\"rock\">Rock<\/label>\n        <br>\n\n        <input type=\"radio\" name=\"stiil\" id=\"hardrock\" value=\"Hard Rock\" onchange=\"valiStiil()\">\n        <label for=\"hardrock\">Hard Rock<\/label>\n        <br>\n\n        <input type=\"radio\" name=\"stiil\" id=\"metall\" value=\"Metall\" onchange=\"valiStiil()\">\n        <label for=\"metall\">Metall<\/label>\n        <br>\n\n        <input type=\"radio\" name=\"stiil\" id=\"heavymetall\" value=\"Heavy Metall\" onchange=\"valiStiil()\">\n        <label for=\"heavymetall\">Heavy Metall<\/label>\n        <br>\n\n        <input type=\"radio\" name=\"stiil\" id=\"newmetall\" value=\"New Metall\" onchange=\"valiStiil()\">\n        <label for=\"newmetall\">New Metall<\/label>\n        <br>\n\n        <input type=\"radio\" name=\"stiil\" id=\"newrock\" value=\"New Rock\" onchange=\"valiStiil()\">\n        <label for=\"newrock\">New Rock<\/label>\n        <br>\n\n        <input type=\"radio\" name=\"stiil\" id=\"rockandroll\" value=\"Rock and Roll\" onchange=\"valiStiil()\">\n        <label for=\"rockandroll\">Rock and Roll<\/label>\n        <br>\n      <\/td>\n      <td>\n        <div id=\"vastus6\"><\/div>\n      <\/td>\n    <\/tr>\n\n    <tr>\n      <td style=\"text-align:center;\" colspan=\"2\">\n        <button type=\"button\" onclick=\"saadaVastused()\">Saada vastused<\/button>\n        <input type=\"reset\" id=\"Puhasta\" value=\"Puhasta\" onclick=\"puhasta()\">\n      <\/td>\n    <\/tr>\n\n    <tr>\n      <td colspan=\"2\">\n        <div id=\"kokkuvote\"><\/div>\n      <\/td>\n    <\/tr>\n\n  <\/table>\n<\/form>\n\n\n\n<style>\n\/* \u041e\u0431\u0449\u0438\u0435 \u0441\u0442\u0438\u043b\u0438 \u0441\u0442\u0440\u0430\u043d\u0438\u0446\u044b *\/\nbody {\n    font-family: 'Segoe UI', Tahoma, Geneva, Verdana, sans-serif;\n    background-color: #f2f2f2;\n    margin: 0;\n    padding: 20px;\n    color: #333;\n}\n\n\/* \u0417\u0430\u0433\u043e\u043b\u043e\u0432\u043e\u043a \u0444\u043e\u0440\u043c\u044b *\/\nh1 {\n    text-align: center;\n    font-size: 28px;\n    margin-bottom: 30px;\n    color: #2c3e50;\n}\n\n\/* \u041a\u043e\u043d\u0442\u0435\u0439\u043d\u0435\u0440 \u0434\u043b\u044f \u0444\u043e\u0440\u043c\u044b \u2014 \u0448\u0438\u0440\u0435, \u043f\u043e\u0447\u0442\u0438 \u0432\u0441\u044f \u0448\u0438\u0440\u0438\u043d\u0430 \u044d\u043a\u0440\u0430\u043d\u0430 *\/\nform {\n    max-width: 900px; \/* \u0431\u044b\u043b\u043e 600px *\/\n    width: 95%;\n    margin: 0 auto;\n    background-color: #fff;\n    padding: 25px;\n    border-radius: 8px;\n    box-shadow: 0 3px 10px rgba(0,0,0,0.1);\n}\n\n\/* \u041a\u0430\u0436\u0434\u044b\u0439 \u0432\u043e\u043f\u0440\u043e\u0441 \u043a\u0430\u043a \u043e\u0442\u0434\u0435\u043b\u044c\u043d\u0430\u044f \u043a\u0430\u0440\u0442\u043e\u0447\u043a\u0430 *\/\n.question-block {\n    background-color: #fafafa;\n    padding: 15px 20px;\n    margin-bottom: 15px;\n    border-radius: 6px;\n    border: 1px solid #ddd;\n}\n\n\/* \u0417\u0430\u0433\u043e\u043b\u043e\u0432\u043e\u043a \u0432\u043e\u043f\u0440\u043e\u0441\u0430 *\/\n.question-block strong, .question-block label {\n    display: block;\n    font-size: 16px;\n    margin-bottom: 8px;\n    color: #2980b9;\n}\n\n\/* \u041f\u043e\u043b\u044f \u0432\u0432\u043e\u0434\u0430 \u0438 \u0441\u043b\u0430\u0439\u0434\u0435\u0440\u044b *\/\ninput[type=\"text\"], input[type=\"range\"] {\n    width: 100%;\n    padding: 8px;\n    border: 1px solid #ccc;\n    border-radius: 4px;\n    margin-top: 5px;\n    box-sizing: border-box;\n}\n\n\/* \u0427\u0435\u043a\u0431\u043e\u043a\u0441\u044b \u0438 \u0440\u0430\u0434\u0438\u043e\u043a\u043d\u043e\u043f\u043a\u0438 *\/\ninput[type=\"checkbox\"], input[type=\"radio\"] {\n    margin-right: 8px;\n    cursor: pointer;\n}\n\n\/* \u041a\u043d\u043e\u043f\u043a\u0438 *\/\nbutton, input[type=\"reset\"] {\n    padding: 10px 20px;\n    border: none;\n    border-radius: 5px;\n    background-color: #2980b9;\n    color: #fff;\n    cursor: pointer;\n    margin-right: 10px;\n    transition: background-color 0.3s;\n}\n\nbutton:hover, input[type=\"reset\"]:hover {\n    background-color: #3498db;\n}\n\n\/* \u041e\u0431\u043b\u0430\u0441\u0442\u0438 \u0432\u044b\u0432\u043e\u0434\u0430 \u0440\u0435\u0437\u0443\u043b\u044c\u0442\u0430\u0442\u043e\u0432 *\/\n.result-block {\n    background-color: #ecf0f1;\n    padding: 10px;\n    border-radius: 4px;\n    margin-top: 8px;\n    min-height: 20px;\n    font-style: italic;\n}\n\n\/* \u041f\u043e\u043b\u0437\u0443\u043d\u043e\u043a *\/\ninput[type=\"range\"] {\n    -webkit-appearance: none;\n    height: 6px;\n    background: #ccc;\n    border-radius: 3px;\n    outline: none;\n}\n\ninput[type=\"range\"]::-webkit-slider-thumb {\n    -webkit-appearance: none;\n    width: 18px;\n    height: 18px;\n    background: #2980b9;\n    border-radius: 50%;\n    cursor: pointer;\n}\n\n\/* \u0441\u0434\u0435\u043b\u0430\u043b \u0442\u0443\u0442 \u0442\u0430\u043a \u043a\u0430\u043a border=1 \u0432 html \u044f\u0432\u043b\u044f\u0435\u0442\u0441\u044f \u0443\u0441\u0442\u0430\u0440\u0435\u0432\u0448\u0438\u043c \u043c\u0435\u0442\u043e\u0434\u043e\u043c*\/\n#Tabel1 {\n    border-collapse: collapse;\n    border: 1px solid black;\n}\n\n#Tabel1 td, #Tabel1 th {\n    border: 1px solid black;\n    padding: 5px;\n}\n\n<\/style>\n\n\n\n<script>\n\/\/\/\/\/\/\/\/\/\/\/\/\/\/\/\/\/\/\/\/\/\/\/\/\/\/\/\/\/\/\/\/\/\/vastus 1\nfunction ansambleid(){\n    let acdc=document.getElementById(\"acdc\");\n    let GunsnRoses=document.getElementById(\"GunsnRoses\");\n    let Queen=document.getElementById(\"Queen\");\n    let nirvana=document.getElementById(\"nirvana\");\n\n    let v1 = document.getElementById(\"vastus1\"); \/\/ <--- \u0412\u0410\u0416\u041d\u041e!\n\n    let valik=\"\";\n    if(acdc.checked){\n        valik+=acdc.value+\", \";\n    }\n    if(GunsnRoses.checked){\n        valik+=GunsnRoses.value+\", \";\n    }\n    if(Queen.checked){\n        valik+=Queen.value+\", \";\n    }\n    if(nirvana.checked){\n        valik+=nirvana.value+\", \";\n    }\n    v1.innerHTML=\"Sa valisid \"+valik;\n}\n\n\/\/\/\/\/\/\/\/\/\/\/\/\/\/\/\/\/\/\/\/\/\/\/\/\/\/\/\/\/\/\/\/\/\/\/\/\/\/\/\/\/\/Vastus 2\nfunction SinuArvade(){\n    \/\/\u043e\u043f\u0440\u0435\u0434\u0435\u043b\u0435\u043d\u0438\u0435 \u043f\u0435\u0440\u043c\u0435\u043d\u043d\u043e\u0439\n    let arvate=document.getElementById(\"arvate\");\n    let v2=document.getElementById(\"vastus2\");\n\n    \/\/innerText v\u00f5i inner HTML genereerib lehel vastav tekst\n    v2.innerText=\"Sa kirjutasid: \"+arvate.value;\n}\n\/\/\/\/\/\/\/\/\/\/\/\/\/\/\/\/\/\/\/\/\/\/\/\/\/\/\/\/\/\/\/\/\/\/\/\/\/\/\/\/\/\/\/\/\/\/vastus 3\nfunction sliderLuugub(){\n    let v4 = document.getElementById(\"vastus3\");\n    let slider = document.getElementById(\"slider\");\n\n    v4.innerText = \"Sa kuulad muusikat \" + slider.value + \" tundi p\u00e4evas\";\n}\n\n\/\/\/\/\/\/\/\/\/\/\/\/\/\/\/\/\/\/\/\/\/\/\/\/\/\/\/\/\/\/\/\/\/\/\/\/\/\/\/vastus 4\n\nfunction valiRadio(){\n    let ei = document.getElementById(\"ei\");\n    let jah = document.getElementById(\"jah\");\n    let v4=document.getElementById(\"vastus4\");\n\n    if (ei.checked) {\n        v4.innerHTML = ei.value;\n\n    } else if (jah.checked) {\n        v4.innerHTML = jah.value;\n\n    } else {\n        v4.innerHTML = \"Palun vali oma vastus!\";\n    }\n}\n\n\/\/\/\/\/\/\/\/\/\/\/\/\/\/\/\/\/\/\/\/\/\/\/\/\/\/\/\/\/\/\/\/\/\/\/\/\/\/\/\/\/\/vastus 5\nfunction kirjutajaamu(){\n    \/\/\u043e\u043f\u0440\u0435\u0434\u0435\u043b\u0435\u043d\u0438\u0435 \u043f\u0435\u0440\u043c\u0435\u043d\u043d\u043e\u0439\n    let grupp=document.getElementById(\"grupp\");\n    let v5=document.getElementById(\"vastus5\");\n\n    \/\/innerText v\u00f5i inner HTML genereerib lehel vastav tekst\n    v5.innerText=\"Sa kirjutasid: \"+grupp.value;\n}\n\/\/\/\/\/\/\/\/\/\/\/\/\/\/\/\/\/\/\/\/\/\/\/\/\/\/\/\/\/\/\/\/\/\/\/\/\/\/\/\/\/\/\/\/\/\/\/\/\/\/\/\/\/\/vastus 6\nfunction valiStiil(){\n    let rock=document.getElementById(\"rock\");\n    let hardrock=document.getElementById(\"hardrock\");\n    let metall=document.getElementById(\"metall\");\n    let newrock=document.getElementById(\"newrock\");\n    let newmetall=document.getElementById(\"newmetall\");\n    let heavymetall=document.getElementById(\"heavymetall\");\n    let rockandroll=document.getElementById(\"rockandroll\");\n\n\n    let v6 = document.getElementById(\"vastus6\");\n\n    let valik2=\"\";\n\n    if(rock.checked){\n        valik2+=rock.value+\"\";\n    }\n    if(hardrock.checked){\n        valik2+=hardrock.value+\" \";\n    }\n    if(metall.checked){\n        valik2+=metall.value+\", \";\n    }\n    if(newrock.checked){\n        valik2+=newrock.value+\" \";\n    }\n    if(newmetall.checked){\n        valik2+=newmetall.value+\" \";\n    }\n    if (heavymetall.checked){\n        valik2+=heavymetall.value+\" \";\n    }\n    if(rockandroll.checked){\n        valik2+=rockandroll.value+\" \";\n    }\n    v6.innerHTML=\"Sa k\u00f5ige rohkem kuulad: \"+valik2;\n}\n\/\/\/\/\/\/\/\/\/\/\/\/\/\/\/\/\/\/\/\/\/\/\/\/\/\/\/\/\/\/\/\/\/\/\/\/\/\/\/\/\/\/\/\/\/\/\/\/\/\/\/\/\/\/\/\/\/\/\/\/ Salvesta vastused\nfunction saadaVastused(){\n    \/\/ 1. Ansamblid\n    let acdc=document.getElementById(\"acdc\");\n    let GunsnRoses=document.getElementById(\"GunsnRoses\");\n    let Queen=document.getElementById(\"Queen\");\n    let nirvana=document.getElementById(\"nirvana\");\n    let ansamblid=\"\";\n\n    if(acdc.checked){ ansamblid+=acdc.value+\", \"; }\n    if(GunsnRoses.checked){ ansamblid+=GunsnRoses.value+\", \"; }\n    if(Queen.checked){ ansamblid+=Queen.value+\", \"; }\n    if(nirvana.checked){ ansamblid+=nirvana.value+\", \"; }\n\n    \/\/ 2. Arvamus\n    let arvamus=document.getElementById(\"arvate\").value;\n\n    \/\/ 3. Tunnid\n    let tunnid=document.getElementById(\"slider\").value;\n\n    \/\/ 4. Raadio\n    let jah=document.getElementById(\"jah\");\n    let ei=document.getElementById(\"ei\");\n    let raadio=\"\";\n    if(jah.checked){ raadio=jah.value; }\n    else if(ei.checked){ raadio=ei.value; }\n    else{ raadio=\"Pole valitud\"; }\n\n    \/\/ 5. Jaamad\n    let jaamad=document.getElementById(\"grupp\").value;\n\n    \/\/ 6. Stiil\n    let rock=document.getElementById(\"rock\");\n    let hardrock=document.getElementById(\"hardrock\");\n    let metall=document.getElementById(\"metall\");\n    let heavymetall=document.getElementById(\"heavymetall\");\n    let newmetall=document.getElementById(\"newmetall\");\n    let newrock=document.getElementById(\"newrock\");\n    let rockandroll=document.getElementById(\"rockandroll\");\n    let stiil=\"\";\n\n    if(rock.checked){ stiil+=rock.value; }\n    if(hardrock.checked){ stiil+=hardrock.value; }\n    if(metall.checked){ stiil+=metall.value; }\n    if(heavymetall.checked){ stiil+=heavymetall.value; }\n    if(newmetall.checked){ stiil+=newmetall.value; }\n    if(newrock.checked){ stiil+=newrock.value; }\n    if(rockandroll.checked){ stiil+=rockandroll.value; }\n\n    \/\/ 7. N\u00e4itame tulemust\n    let kokku=document.getElementById(\"kokkuvote\");\n    kokku.innerText=\n        \"Ansamblid: \" + ansamblid + \"\\n\" +\n        \"Arvamus: \" + arvamus + \"\\n\" +\n        \"Tunnid: \" + tunnid + \"\\n\" +\n        \"Raadio: \" + raadio + \"\\n\" +\n        \"Jaamad: \" + jaamad + \"\\n\" +\n        \"Stiil: \" + stiil;\n}\n\/\/\/\/\/\/\/\/\/\/\/\/\/\/\/\/\/\/\/\/\/\/\/\/\/\/\/\/\/\/\/\/\/\/\/\/\/\/\/\/\/\/\/\/\/\/\/\/\/\/\/\/\/\/\/\/\/\/\/\/\/\/\/\/\/\/\/Puhasta\nfunction puhasta() {\n    \/\/ \u041e\u0447\u0438\u0441\u0442\u043a\u0430 \u0447\u0435\u043a\u0431\u043e\u043a\u0441\u043e\u0432\n    document.getElementById(\"acdc\").checked = false;\n    document.getElementById(\"GunsnRoses\").checked = false;\n    document.getElementById(\"Queen\").checked = false;\n    document.getElementById(\"nirvana\").checked = false;\n\n    \/\/ \u041e\u0447\u0438\u0441\u0442\u043a\u0430 \u0440\u0430\u0434\u0438\u043e\u043a\u043d\u043e\u043f\u043e\u043a\n    document.getElementById(\"jah\").checked = false;\n    document.getElementById(\"ei\").checked = false;\n\n    \/\/ \u041e\u0447\u0438\u0441\u0442\u043a\u0430 \u0442\u0435\u043a\u0441\u0442\u043e\u0432\u044b\u0445 \u043f\u043e\u043b\u0435\u0439\n    document.getElementById(\"arvate\").value = \"\";\n    document.getElementById(\"grupp\").value = \"\";\n\n    \/\/ \u0421\u0431\u0440\u043e\u0441 \u0441\u043b\u0430\u0439\u0434\u0435\u0440\u0430\n    document.getElementById(\"slider\").value = 0;\n\n    \/\/ \u041e\u0447\u0438\u0441\u0442\u043a\u0430 \u0431\u043b\u043e\u043a\u043e\u0432 \u0441 \u043e\u0442\u043e\u0431\u0440\u0430\u0436\u0435\u043d\u0438\u0435\u043c \u043e\u0442\u0432\u0435\u0442\u043e\u0432\n    document.getElementById(\"vastus1\").innerText = \"\";\n    document.getElementById(\"vastus2\").innerText = \"\";\n    document.getElementById(\"vastus3\").innerText = \"\";\n    document.getElementById(\"vastus4\").innerText = \"\";\n    document.getElementById(\"vastus5\").innerText = \"\";\n    document.getElementById(\"vastus6\").innerText = \"\";\n    document.getElementById(\"kokkuvote\").innerText = \"\";\n}\n<\/script>\n","protected":false},"excerpt":{"rendered":"<p>1. V\u00e4ike konspekt &#8211; mida iga \u00fcks koostab ise 2. On vaja sisestada html\/css koodimeetodi, et see t\u00f6\u00f6tab WB lehel Muusika k\u00fcsitlus Milliseid ansambleid sa tead? AC\/DC Guns&#8217;N Roses Queen Nirvana Mida arvad muusika kuulamisest koolis? Mitu tundi p\u00e4evas sa kuulad muusikat? 024 Kas sa kuulad raadiot? Jah Ei Milliseid raadiojaamu oskad nimetada? Millist muusikat [&hellip;]<\/p>\n","protected":false},"author":1,"featured_media":0,"parent":0,"menu_order":0,"comment_status":"closed","ping_status":"closed","template":"","meta":{"footnotes":""},"class_list":["post-814","page","type-page","status-publish","hentry"],"yoast_head":"<!-- This site is optimized with the Yoast SEO plugin v27.4 - https:\/\/yoast.com\/product\/yoast-seo-wordpress\/ -->\n<title>JS: Muusika ankeedi loomine - Nikita Orlenko \/ Portfoolio<\/title>\n<meta name=\"robots\" content=\"index, follow, max-snippet:-1, max-image-preview:large, max-video-preview:-1\" \/>\n<link rel=\"canonical\" href=\"https:\/\/nikitaorlenko24.thkit.ee\/WP\/js-muusika-ankeedi-loomine\/\" \/>\n<meta property=\"og:locale\" content=\"et_EE\" \/>\n<meta property=\"og:type\" content=\"article\" \/>\n<meta property=\"og:title\" content=\"JS: Muusika ankeedi loomine - Nikita Orlenko \/ Portfoolio\" \/>\n<meta property=\"og:description\" content=\"1. V\u00e4ike konspekt &#8211; mida iga \u00fcks koostab ise 2. On vaja sisestada html\/css koodimeetodi, et see t\u00f6\u00f6tab WB lehel Muusika k\u00fcsitlus Milliseid ansambleid sa tead? AC\/DC Guns&#8217;N Roses Queen Nirvana Mida arvad muusika kuulamisest koolis? Mitu tundi p\u00e4evas sa kuulad muusikat? 024 Kas sa kuulad raadiot? Jah Ei Milliseid raadiojaamu oskad nimetada? Millist muusikat [&hellip;]\" \/>\n<meta property=\"og:url\" content=\"https:\/\/nikitaorlenko24.thkit.ee\/WP\/js-muusika-ankeedi-loomine\/\" \/>\n<meta property=\"og:site_name\" content=\"Nikita Orlenko \/ Portfoolio\" \/>\n<meta property=\"article:modified_time\" content=\"2025-10-09T09:50:46+00:00\" \/>\n<meta name=\"twitter:card\" content=\"summary_large_image\" \/>\n<script type=\"application\/ld+json\" class=\"yoast-schema-graph\">{\"@context\":\"https:\\\/\\\/schema.org\",\"@graph\":[{\"@type\":\"WebPage\",\"@id\":\"https:\\\/\\\/nikitaorlenko24.thkit.ee\\\/WP\\\/js-muusika-ankeedi-loomine\\\/\",\"url\":\"https:\\\/\\\/nikitaorlenko24.thkit.ee\\\/WP\\\/js-muusika-ankeedi-loomine\\\/\",\"name\":\"JS: Muusika ankeedi loomine - Nikita Orlenko \\\/ Portfoolio\",\"isPartOf\":{\"@id\":\"https:\\\/\\\/nikitaorlenko24.thkit.ee\\\/WP\\\/#website\"},\"datePublished\":\"2025-10-09T08:57:10+00:00\",\"dateModified\":\"2025-10-09T09:50:46+00:00\",\"breadcrumb\":{\"@id\":\"https:\\\/\\\/nikitaorlenko24.thkit.ee\\\/WP\\\/js-muusika-ankeedi-loomine\\\/#breadcrumb\"},\"inLanguage\":\"et\",\"potentialAction\":[{\"@type\":\"ReadAction\",\"target\":[\"https:\\\/\\\/nikitaorlenko24.thkit.ee\\\/WP\\\/js-muusika-ankeedi-loomine\\\/\"]}]},{\"@type\":\"BreadcrumbList\",\"@id\":\"https:\\\/\\\/nikitaorlenko24.thkit.ee\\\/WP\\\/js-muusika-ankeedi-loomine\\\/#breadcrumb\",\"itemListElement\":[{\"@type\":\"ListItem\",\"position\":1,\"name\":\"Home\",\"item\":\"https:\\\/\\\/nikitaorlenko24.thkit.ee\\\/WP\\\/\"},{\"@type\":\"ListItem\",\"position\":2,\"name\":\"JS: Muusika ankeedi loomine\"}]},{\"@type\":\"WebSite\",\"@id\":\"https:\\\/\\\/nikitaorlenko24.thkit.ee\\\/WP\\\/#website\",\"url\":\"https:\\\/\\\/nikitaorlenko24.thkit.ee\\\/WP\\\/\",\"name\":\"Nikita Orlenko \\\/ Portfoolio\",\"description\":\"Saate kontakt minuga\",\"potentialAction\":[{\"@type\":\"SearchAction\",\"target\":{\"@type\":\"EntryPoint\",\"urlTemplate\":\"https:\\\/\\\/nikitaorlenko24.thkit.ee\\\/WP\\\/?s={search_term_string}\"},\"query-input\":{\"@type\":\"PropertyValueSpecification\",\"valueRequired\":true,\"valueName\":\"search_term_string\"}}],\"inLanguage\":\"et\"}]}<\/script>\n<!-- \/ Yoast SEO plugin. -->","yoast_head_json":{"title":"JS: Muusika ankeedi loomine - Nikita Orlenko \/ Portfoolio","robots":{"index":"index","follow":"follow","max-snippet":"max-snippet:-1","max-image-preview":"max-image-preview:large","max-video-preview":"max-video-preview:-1"},"canonical":"https:\/\/nikitaorlenko24.thkit.ee\/WP\/js-muusika-ankeedi-loomine\/","og_locale":"et_EE","og_type":"article","og_title":"JS: Muusika ankeedi loomine - Nikita Orlenko \/ Portfoolio","og_description":"1. V\u00e4ike konspekt &#8211; mida iga \u00fcks koostab ise 2. On vaja sisestada html\/css koodimeetodi, et see t\u00f6\u00f6tab WB lehel Muusika k\u00fcsitlus Milliseid ansambleid sa tead? AC\/DC Guns&#8217;N Roses Queen Nirvana Mida arvad muusika kuulamisest koolis? Mitu tundi p\u00e4evas sa kuulad muusikat? 024 Kas sa kuulad raadiot? Jah Ei Milliseid raadiojaamu oskad nimetada? Millist muusikat [&hellip;]","og_url":"https:\/\/nikitaorlenko24.thkit.ee\/WP\/js-muusika-ankeedi-loomine\/","og_site_name":"Nikita Orlenko \/ Portfoolio","article_modified_time":"2025-10-09T09:50:46+00:00","twitter_card":"summary_large_image","schema":{"@context":"https:\/\/schema.org","@graph":[{"@type":"WebPage","@id":"https:\/\/nikitaorlenko24.thkit.ee\/WP\/js-muusika-ankeedi-loomine\/","url":"https:\/\/nikitaorlenko24.thkit.ee\/WP\/js-muusika-ankeedi-loomine\/","name":"JS: Muusika ankeedi loomine - Nikita Orlenko \/ Portfoolio","isPartOf":{"@id":"https:\/\/nikitaorlenko24.thkit.ee\/WP\/#website"},"datePublished":"2025-10-09T08:57:10+00:00","dateModified":"2025-10-09T09:50:46+00:00","breadcrumb":{"@id":"https:\/\/nikitaorlenko24.thkit.ee\/WP\/js-muusika-ankeedi-loomine\/#breadcrumb"},"inLanguage":"et","potentialAction":[{"@type":"ReadAction","target":["https:\/\/nikitaorlenko24.thkit.ee\/WP\/js-muusika-ankeedi-loomine\/"]}]},{"@type":"BreadcrumbList","@id":"https:\/\/nikitaorlenko24.thkit.ee\/WP\/js-muusika-ankeedi-loomine\/#breadcrumb","itemListElement":[{"@type":"ListItem","position":1,"name":"Home","item":"https:\/\/nikitaorlenko24.thkit.ee\/WP\/"},{"@type":"ListItem","position":2,"name":"JS: Muusika ankeedi loomine"}]},{"@type":"WebSite","@id":"https:\/\/nikitaorlenko24.thkit.ee\/WP\/#website","url":"https:\/\/nikitaorlenko24.thkit.ee\/WP\/","name":"Nikita Orlenko \/ Portfoolio","description":"Saate kontakt minuga","potentialAction":[{"@type":"SearchAction","target":{"@type":"EntryPoint","urlTemplate":"https:\/\/nikitaorlenko24.thkit.ee\/WP\/?s={search_term_string}"},"query-input":{"@type":"PropertyValueSpecification","valueRequired":true,"valueName":"search_term_string"}}],"inLanguage":"et"}]}},"_links":{"self":[{"href":"https:\/\/nikitaorlenko24.thkit.ee\/WP\/wp-json\/wp\/v2\/pages\/814","targetHints":{"allow":["GET"]}}],"collection":[{"href":"https:\/\/nikitaorlenko24.thkit.ee\/WP\/wp-json\/wp\/v2\/pages"}],"about":[{"href":"https:\/\/nikitaorlenko24.thkit.ee\/WP\/wp-json\/wp\/v2\/types\/page"}],"author":[{"embeddable":true,"href":"https:\/\/nikitaorlenko24.thkit.ee\/WP\/wp-json\/wp\/v2\/users\/1"}],"replies":[{"embeddable":true,"href":"https:\/\/nikitaorlenko24.thkit.ee\/WP\/wp-json\/wp\/v2\/comments?post=814"}],"version-history":[{"count":12,"href":"https:\/\/nikitaorlenko24.thkit.ee\/WP\/wp-json\/wp\/v2\/pages\/814\/revisions"}],"predecessor-version":[{"id":830,"href":"https:\/\/nikitaorlenko24.thkit.ee\/WP\/wp-json\/wp\/v2\/pages\/814\/revisions\/830"}],"wp:attachment":[{"href":"https:\/\/nikitaorlenko24.thkit.ee\/WP\/wp-json\/wp\/v2\/media?parent=814"}],"curies":[{"name":"wp","href":"https:\/\/api.w.org\/{rel}","templated":true}]}}