{"id":839,"date":"2025-10-13T06:16:30","date_gmt":"2025-10-13T06:16:30","guid":{"rendered":"https:\/\/nikitaorlenko24.thkit.ee\/WP\/?page_id=839"},"modified":"2025-11-13T12:45:32","modified_gmt":"2025-11-13T12:45:32","slug":"ab-halduse-konspekt-ja-tabelid","status":"publish","type":"page","link":"https:\/\/nikitaorlenko24.thkit.ee\/WP\/ab-halduse-konspekt-ja-tabelid\/","title":{"rendered":"AB halduse konspekt"},"content":{"rendered":"\n<div id=\"ez-toc-container\" class=\"ez-toc-v2_0_82_2 counter-hierarchy ez-toc-counter ez-toc-grey ez-toc-container-direction\">\n<div class=\"ez-toc-title-container\">\n<p class=\"ez-toc-title\" style=\"cursor:inherit\">Table of Contents<\/p>\n<span class=\"ez-toc-title-toggle\"><a href=\"#\" class=\"ez-toc-pull-right ez-toc-btn ez-toc-btn-xs ez-toc-btn-default ez-toc-toggle\" aria-label=\"Toggle Table of Content\"><span class=\"ez-toc-js-icon-con\"><span class=\"\"><span class=\"eztoc-hide\" style=\"display:none;\">Toggle<\/span><span class=\"ez-toc-icon-toggle-span\"><svg style=\"fill: #999;color:#999\" xmlns=\"http:\/\/www.w3.org\/2000\/svg\" class=\"list-377408\" width=\"20px\" height=\"20px\" viewBox=\"0 0 24 24\" fill=\"none\"><path d=\"M6 6H4v2h2V6zm14 0H8v2h12V6zM4 11h2v2H4v-2zm16 0H8v2h12v-2zM4 16h2v2H4v-2zm16 0H8v2h12v-2z\" fill=\"currentColor\"><\/path><\/svg><svg style=\"fill: #999;color:#999\" class=\"arrow-unsorted-368013\" xmlns=\"http:\/\/www.w3.org\/2000\/svg\" width=\"10px\" height=\"10px\" viewBox=\"0 0 24 24\" version=\"1.2\" baseProfile=\"tiny\"><path d=\"M18.2 9.3l-6.2-6.3-6.2 6.3c-.2.2-.3.4-.3.7s.1.5.3.7c.2.2.4.3.7.3h11c.3 0 .5-.1.7-.3.2-.2.3-.5.3-.7s-.1-.5-.3-.7zM5.8 14.7l6.2 6.3 6.2-6.3c.2-.2.3-.5.3-.7s-.1-.5-.3-.7c-.2-.2-.4-.3-.7-.3h-11c-.3 0-.5.1-.7.3-.2.2-.3.5-.3.7s.1.5.3.7z\"\/><\/svg><\/span><\/span><\/span><\/a><\/span><\/div>\n<nav><ul class='ez-toc-list ez-toc-list-level-1 ' ><li class='ez-toc-page-1 ez-toc-heading-level-2'><a class=\"ez-toc-link ez-toc-heading-1\" href=\"https:\/\/nikitaorlenko24.thkit.ee\/WP\/ab-halduse-konspekt-ja-tabelid\/#AB_kasutajate_rollid\" >AB kasutajate rollid:<\/a><\/li><li class='ez-toc-page-1 ez-toc-heading-level-2'><a class=\"ez-toc-link ez-toc-heading-2\" href=\"https:\/\/nikitaorlenko24.thkit.ee\/WP\/ab-halduse-konspekt-ja-tabelid\/#DBA_%E2%80%93_AB_administraatot_liigid\" >DBA &#8211; AB administraatot liigid:<\/a><\/li><li class='ez-toc-page-1 ez-toc-heading-level-2'><a class=\"ez-toc-link ez-toc-heading-3\" href=\"https:\/\/nikitaorlenko24.thkit.ee\/WP\/ab-halduse-konspekt-ja-tabelid\/#DBA_kaks_peamist_eesmarki\" >DBA kaks peamist eesm\u00e4rki<\/a><\/li><li class='ez-toc-page-1 ez-toc-heading-level-2'><a class=\"ez-toc-link ez-toc-heading-4\" href=\"https:\/\/nikitaorlenko24.thkit.ee\/WP\/ab-halduse-konspekt-ja-tabelid\/#Ab_turvalisus_%E2%80%93_3_pohiaspekti\" >Ab turvalisus &#8211; 3 p\u00f5hiaspekti:<\/a><\/li><li class='ez-toc-page-1 ez-toc-heading-level-2'><a class=\"ez-toc-link ez-toc-heading-5\" href=\"https:\/\/nikitaorlenko24.thkit.ee\/WP\/ab-halduse-konspekt-ja-tabelid\/#Erinevus_ROLLUP_ja_CUBE\" >Erinevus ROLLUP ja CUBE<\/a><\/li><\/ul><\/nav><\/div>\n<h2 class=\"wp-block-heading\"><span class=\"ez-toc-section\" id=\"AB_kasutajate_rollid\"><\/span><strong>AB kasutajate rollid<\/strong>:<span class=\"ez-toc-section-end\"><\/span><\/h2>\n\n\n\n<p><br><strong>-AB kasutaja<\/strong>  &#8211; tava kasutaja, mis muuta, lisada, filtreerida ja otsida vastavalt vajadusele<br><br><strong>-AB Programmeerija <\/strong>&#8211; loob funktsioonid ja protseduurid (trigerid)<br><br><strong>-DBA<\/strong> see on  <strong>AB administraator<\/strong> &#8211; tagab, et \u00f5iged kasutajad saavad oma \u00f5igused<br><br><strong>-AB projekteerija<\/strong> &#8211; loob tabelid ja AB struktuuri<\/p>\n\n\n\n<hr class=\"wp-block-separator has-alpha-channel-opacity\"\/>\n\n\n\n<p><\/p>\n\n\n\n<p><\/p>\n\n\n\n<h2 class=\"wp-block-heading\"><span class=\"ez-toc-section\" id=\"DBA_%E2%80%93_AB_administraatot_liigid\"><\/span><strong>DBA &#8211; AB administraatot liigid:<\/strong><span class=\"ez-toc-section-end\"><\/span><\/h2>\n\n\n\n<p>*s\u00fcsteemiadmin<\/p>\n\n\n\n<p>*AB arhitekt<\/p>\n\n\n\n<p>*AB anal\u00fctik<\/p>\n\n\n\n<p>*Data warehouse admin &#8211; \u0430\u0434\u043c\u0438\u043d \u0445\u0440\u0430\u043d\u0438\u043b\u0438\u0449\u0435 \u0434\u0430\u043d\u043d\u044b\u0445<\/p>\n\n\n\n<hr class=\"wp-block-separator has-alpha-channel-opacity\"\/>\n\n\n\n<p><\/p>\n\n\n\n<p><\/p>\n\n\n\n<p><\/p>\n\n\n\n<h2 class=\"wp-block-heading\"><span class=\"ez-toc-section\" id=\"DBA_kaks_peamist_eesmarki\"><\/span><strong>DBA kaks peamist eesm\u00e4rki<\/strong><span class=\"ez-toc-section-end\"><\/span><\/h2>\n\n\n\n<ol class=\"wp-block-list\">\n<li> Kasutajate toetus ja ligip\u00e4\u00e4su jagamine ja seadistamine<\/li>\n\n\n\n<li>AB turvalisus ja j\u00f5udluse tagamine<\/li>\n<\/ol>\n\n\n\n<hr class=\"wp-block-separator has-alpha-channel-opacity\"\/>\n\n\n\n<p><\/p>\n\n\n\n<p><\/p>\n\n\n\n<p><\/p>\n\n\n\n<h2 class=\"wp-block-heading\"><span class=\"ez-toc-section\" id=\"Ab_turvalisus_%E2%80%93_3_pohiaspekti\"><\/span><strong>Ab turvalisus &#8211; 3 p\u00f5hiaspekti:<\/strong><span class=\"ez-toc-section-end\"><\/span><\/h2>\n\n\n\n<p><strong>*andmete kofidentsiaalsusu<\/strong>(confidentiality ) &#8211; <\/p>\n\n\n\n<pre class=\"wp-block-code\"><code>GRANT role to user &#91;identified by pwd] &#91;with grant option];\n\nREVOKE role from user;\n<\/code><\/pre>\n\n\n\n<p><strong>*andmete k\u00e4ttesaadavus<\/strong>(avialbility) &#8211;<strong> \u0434\u043e\u0441\u0442\u0443\u043f\u043d\u043e\u0441\u0442\u044c<\/strong>  &#8211; andmed me saame k\u00e4tte \u00f5igel ajal ja \u00f5igel kasutajal<\/p>\n\n\n\n<p>*<strong>andmete<\/strong> <strong>terviklikkus<\/strong>(integrity) &#8211; <strong>\u0446\u0435\u043b\u043e\u0441\u0442\u043d\u043e\u0441\u0442\u044c<\/strong> &#8211; usaldusv\u00e4\u00e4rne andmeallikad<\/p>\n\n\n\n<hr class=\"wp-block-separator has-alpha-channel-opacity\"\/>\n\n\n\n<figure class=\"wp-block-table\"><table class=\"has-fixed-layout\"><tbody><tr><td>                  <strong>         Risk<\/strong><\/td><td>            <strong>   Ohutuse aspekt<\/strong><\/td><\/tr><tr><td>               Inimlikud vead<\/td><td>Konfidentsiaalsus, k\u00e4ttesaadavus, tervlikkus<\/td><\/tr><tr><td>     F\u00fc\u00fcsilised vead (riistvara)<\/td><td>k\u00e4ttesaadavus, terviklikkus<\/td><\/tr><tr><td>Operatsioonis\u00fcsteemi rikked<\/td><td>k\u00e4ttesaadavus, terviklikkus, konfidentsiaalsus<\/td><\/tr><tr><td>Andmebaasis\u00fcsteemi rikked<\/td><td>k\u00e4ttesaadavus, terviklikkus, konfidentsiaalsus<\/td><\/tr><\/tbody><\/table><\/figure>\n\n\n\n<hr class=\"wp-block-separator has-alpha-channel-opacity\"\/>\n\n\n\n<p><strong>COMMIT<\/strong> \u2014 \u0441\u043e\u0445\u0440\u0430\u043d\u0438\u0442\u044c \u0438\u0437\u043c\u0435\u043d\u0435\u043d\u0438\u044f<\/p>\n\n\n\n<p><strong>ROLLBACK<\/strong> \u2014 \u043e\u0442\u043c\u0435\u043d\u0438\u0442\u044c \u0438\u0437\u043c\u0435\u043d\u0435\u043d\u0438\u044f<\/p>\n\n\n\n<p><strong>ROLLFORWARD<\/strong> \u2014 \u0432\u043e\u0441\u0441\u0442\u0430\u043d\u043e\u0432\u0438\u0442\u044c \u0434\u0430\u043d\u043d\u044b\u0435 \u043f\u043e\u0441\u043b\u0435 \u0441\u0431\u043e\u044f<\/p>\n\n\n\n<p><strong>Data Mining<\/strong> \u2014 \u043f\u043e\u0438\u0441\u043a \u0441\u043a\u0440\u044b\u0442\u044b\u0445 \u0437\u0430\u043a\u043e\u043d\u043e\u043c\u0435\u0440\u043d\u043e\u0441\u0442\u0435\u0439 \u0432 \u0434\u0430\u043d\u043d\u044b\u0445<\/p>\n\n\n\n<p><strong>Data Warehouse<\/strong> \u2014 \u0445\u0440\u0430\u043d\u0438\u043b\u0438\u0449\u0435 \u0434\u0430\u043d\u043d\u044b\u0445<\/p>\n\n\n\n<p><\/p>\n\n\n\n<p><strong>GROUP BY<\/strong>  &#8211;  \u0418\u0441\u043f\u043e\u043b\u044c\u0437\u0443\u0435\u0442\u0441\u044f \u0434\u043b\u044f \u0433\u0440\u0443\u043f\u043f\u0438\u0440\u043e\u0432\u043a\u0438 \u0441\u0442\u0440\u043e\u043a \u0432 \u0442\u0430\u0431\u043b\u0438\u0446\u0435 \u043f\u043e \u0437\u043d\u0430\u0447\u0435\u043d\u0438\u044f\u043c \u043e\u0434\u043d\u043e\u0433\u043e \u0438\u043b\u0438 \u043d\u0435\u0441\u043a\u043e\u043b\u044c\u043a\u0438\u0445 \u0441\u0442\u043e\u043b\u0431\u0446\u043e\u0432<\/p>\n\n\n<p>Select Country, Gender, Sum (Salary) as TotalSalary<\/p>\n<p>From Employees<\/p>\n<p>Group By Country, Gender<\/p>\n\n\n\n<p><\/p>\n\n\n\n<p><strong>UNION ALL<\/strong> &#8211; O\u0431\u044a\u0435\u0434\u0438\u043d\u044f\u0435\u0442 \u0440\u0435\u0437\u0443\u043b\u044c\u0442\u0430\u0442\u044b \u0434\u0432\u0443\u0445 \u0438\u043b\u0438 \u0431\u043e\u043b\u0435\u0435 \u0437\u0430\u043f\u0440\u043e\u0441\u043e\u0432 SELECT \u0432 \u043e\u0434\u0438\u043d \u043d\u0430\u0431\u043e\u0440 \u0434\u0430\u043d\u043d\u044b\u0445.<\/p>\n\n\n<p>SELECT column1, column2 FROM table1<br \/>\nUNION ALL<br \/>\nSELECT column1, column2 FROM table2;<\/p>\n\n\n\n<p><\/p>\n\n\n\n<p><strong>GROUPING<\/strong> &#8211;  \u042d\u0442\u043e \u0444\u0443\u043d\u043a\u0446\u0438\u044f, \u043a\u043e\u0442\u043e\u0440\u0430\u044f \u043f\u043e\u043a\u0430\u0437\u044b\u0432\u0430\u0435\u0442, \u044f\u0432\u043b\u044f\u0435\u0442\u0441\u044f \u043b\u0438 \u0441\u0442\u0440\u043e\u043a\u0430 \u0440\u0435\u0437\u0443\u043b\u044c\u0442\u0430\u0442\u043e\u043c \u0430\u0433\u0440\u0435\u0433\u0438\u0440\u043e\u0432\u0430\u043d\u0438\u044f (\u0438\u0442\u043e\u0433\u043e\u043c)<\/p>\n\n\n<p>Select Country, Gender, Sum(Salary) TotalSalary<br \/>\nFrom Employees<br \/>\nGroup BY<br \/>\nGROUPING SETS<br \/>\n(<br \/>\n(Country, Gender),<br \/>\n(Country),<br \/>\n(Gender),<br \/>\n()<br \/>\n)<\/p>\n\n\n\n<p><\/p>\n\n\n\n<p><strong>CUBE<\/strong> &#8211; \u0414\u0435\u043b\u0430\u0435\u0442 \u0433\u0440\u0443\u043f\u043f\u0438\u0440\u043e\u0432\u043a\u0438 \u0441\u0440\u0430\u0437\u0443 \u043f\u043e \u0432\u0441\u0435\u043c \u0432\u043e\u0437\u043c\u043e\u0436\u043d\u044b\u043c \u0441\u043e\u0447\u0435\u0442\u0430\u043d\u0438\u044f\u043c \u043a\u043e\u043b\u043e\u043d\u043e\u043a \u0438 \u043f\u043e\u043a\u0430\u0437\u044b\u0432\u0430\u0435\u0442 \u0438\u0442\u043e\u0433\u0438 \u0434\u043b\u044f \u043a\u0430\u0436\u0434\u043e\u0439 \u0438\u0437 \u044d\u0442\u0438\u0445 \u0433\u0440\u0443\u043f\u043f<\/p>\n\n\n<p>SELECT Country, Gender, SUM (Salary) AS TotalSalary FROM Employees<\/p>\n<p>GROUP BY Cube (Country, Gender)<\/p>\n\n\n\n<p><\/p>\n\n\n\n<h2 class=\"wp-block-heading\"><span class=\"ez-toc-section\" id=\"Erinevus_ROLLUP_ja_CUBE\"><\/span>Erinevus ROLLUP ja CUBE <span class=\"ez-toc-section-end\"><\/span><\/h2>\n\n\n\n<ul class=\"wp-block-list\">\n<li><strong>ROLLUP<\/strong> \u2014 \u0441\u043e\u0437\u0434\u0430\u0451\u0442 \u0438\u0442\u043e\u0433\u0438 \u043f\u043e \u0443\u0440\u043e\u0432\u043d\u044f\u043c \u0438\u0435\u0440\u0430\u0440\u0445\u0438\u0438 \u0441\u0442\u043e\u043b\u0431\u0446\u043e\u0432 \u0441\u0432\u0435\u0440\u0445\u0443 \u0432\u043d\u0438\u0437.<\/li>\n\n\n\n<li><strong>CUBE<\/strong> \u2014 \u0441\u043e\u0437\u0434\u0430\u0451\u0442 \u0438\u0442\u043e\u0433\u0438 \u043f\u043e \u0432\u0441\u0435\u043c \u0432\u043e\u0437\u043c\u043e\u0436\u043d\u044b\u043c \u043a\u043e\u043c\u0431\u0438\u043d\u0430\u0446\u0438\u044f\u043c \u0441\u0442\u043e\u043b\u0431\u0446\u043e\u0432.<\/li>\n<\/ul>\n\n\n\n<p><strong>N\u00e4ide CUBE:<\/strong><\/p>\n\n\n<p>GROUP BY ROLLUP(a, b) \u0431\u0443\u0434\u0443\u0442 \u0433\u0440\u0443\u043f\u043f\u044b:<\/p>\n<p>(a, b)<\/p>\n<p>(a)<\/p>\n<p>(\u0432\u0435\u0441\u044c \u0438\u0442\u043e\u0433)<\/p>\n\n\n\n<p><strong>N\u00e4ide ROLLUP:<\/strong><\/p>\n\n\n<p>\u041f\u0440\u0438\u043c\u0435\u0440: \u0434\u043b\u044f GROUP BY CUBE(a, b) \u0431\u0443\u0434\u0443\u0442 \u0433\u0440\u0443\u043f\u043f\u044b:<\/p>\n<p>(a, b)<\/p>\n<p>(a)<\/p>\n<p>(b)<\/p>\n<p>(\u0432\u0435\u0441\u044c \u0438\u0442\u043e\u0433)<\/p>\n","protected":false},"excerpt":{"rendered":"<p>AB kasutajate rollid: -AB kasutaja &#8211; tava kasutaja, mis muuta, lisada, filtreerida ja otsida vastavalt vajadusele -AB Programmeerija &#8211; loob funktsioonid ja protseduurid (trigerid) -DBA see on AB administraator &#8211; tagab, et \u00f5iged kasutajad saavad oma \u00f5igused -AB projekteerija &#8211; loob tabelid ja AB struktuuri DBA &#8211; AB administraatot liigid: *s\u00fcsteemiadmin *AB arhitekt *AB anal\u00fctik [&hellip;]<\/p>\n","protected":false},"author":1,"featured_media":0,"parent":0,"menu_order":0,"comment_status":"closed","ping_status":"closed","template":"","meta":{"footnotes":""},"class_list":["post-839","page","type-page","status-publish","hentry"],"yoast_head":"<!-- This site is optimized with the Yoast SEO plugin v27.4 - https:\/\/yoast.com\/product\/yoast-seo-wordpress\/ -->\n<title>AB halduse konspekt - Nikita Orlenko \/ Portfoolio<\/title>\n<meta name=\"description\" content=\"\u00d5pi tundma AB p\u00f5hikasutajaid (tavakasutaja, programmeerija, projekteerija, DBA), nende rolle, turvalisust, \u00f5iguste haldust ja SQL p\u00f5hifunkt\" \/>\n<meta name=\"robots\" content=\"index, follow, max-snippet:-1, max-image-preview:large, max-video-preview:-1\" \/>\n<link rel=\"canonical\" href=\"https:\/\/nikitaorlenko24.thkit.ee\/WP\/ab-halduse-konspekt-ja-tabelid\/\" \/>\n<meta property=\"og:locale\" content=\"et_EE\" \/>\n<meta property=\"og:type\" content=\"article\" \/>\n<meta property=\"og:title\" content=\"AB halduse konspekt - Nikita Orlenko \/ Portfoolio\" \/>\n<meta property=\"og:description\" content=\"\u00d5pi tundma AB p\u00f5hikasutajaid (tavakasutaja, programmeerija, projekteerija, DBA), nende rolle, turvalisust, \u00f5iguste haldust ja SQL p\u00f5hifunkt\" \/>\n<meta property=\"og:url\" content=\"https:\/\/nikitaorlenko24.thkit.ee\/WP\/ab-halduse-konspekt-ja-tabelid\/\" \/>\n<meta property=\"og:site_name\" content=\"Nikita Orlenko \/ Portfoolio\" \/>\n<meta property=\"article:modified_time\" content=\"2025-11-13T12:45:32+00:00\" \/>\n<meta name=\"twitter:card\" content=\"summary_large_image\" \/>\n<meta name=\"twitter:label1\" content=\"Est. reading time\" \/>\n\t<meta name=\"twitter:data1\" content=\"2 minutit\" \/>\n<script type=\"application\/ld+json\" class=\"yoast-schema-graph\">{\"@context\":\"https:\\\/\\\/schema.org\",\"@graph\":[{\"@type\":\"WebPage\",\"@id\":\"https:\\\/\\\/nikitaorlenko24.thkit.ee\\\/WP\\\/ab-halduse-konspekt-ja-tabelid\\\/\",\"url\":\"https:\\\/\\\/nikitaorlenko24.thkit.ee\\\/WP\\\/ab-halduse-konspekt-ja-tabelid\\\/\",\"name\":\"AB halduse konspekt - Nikita Orlenko \\\/ Portfoolio\",\"isPartOf\":{\"@id\":\"https:\\\/\\\/nikitaorlenko24.thkit.ee\\\/WP\\\/#website\"},\"datePublished\":\"2025-10-13T06:16:30+00:00\",\"dateModified\":\"2025-11-13T12:45:32+00:00\",\"description\":\"\u00d5pi tundma AB p\u00f5hikasutajaid (tavakasutaja, programmeerija, projekteerija, DBA), nende rolle, turvalisust, \u00f5iguste haldust ja SQL p\u00f5hifunkt\",\"breadcrumb\":{\"@id\":\"https:\\\/\\\/nikitaorlenko24.thkit.ee\\\/WP\\\/ab-halduse-konspekt-ja-tabelid\\\/#breadcrumb\"},\"inLanguage\":\"et\",\"potentialAction\":[{\"@type\":\"ReadAction\",\"target\":[\"https:\\\/\\\/nikitaorlenko24.thkit.ee\\\/WP\\\/ab-halduse-konspekt-ja-tabelid\\\/\"]}]},{\"@type\":\"BreadcrumbList\",\"@id\":\"https:\\\/\\\/nikitaorlenko24.thkit.ee\\\/WP\\\/ab-halduse-konspekt-ja-tabelid\\\/#breadcrumb\",\"itemListElement\":[{\"@type\":\"ListItem\",\"position\":1,\"name\":\"Home\",\"item\":\"https:\\\/\\\/nikitaorlenko24.thkit.ee\\\/WP\\\/\"},{\"@type\":\"ListItem\",\"position\":2,\"name\":\"AB halduse konspekt\"}]},{\"@type\":\"WebSite\",\"@id\":\"https:\\\/\\\/nikitaorlenko24.thkit.ee\\\/WP\\\/#website\",\"url\":\"https:\\\/\\\/nikitaorlenko24.thkit.ee\\\/WP\\\/\",\"name\":\"Nikita Orlenko \\\/ Portfoolio\",\"description\":\"Saate kontakt minuga\",\"potentialAction\":[{\"@type\":\"SearchAction\",\"target\":{\"@type\":\"EntryPoint\",\"urlTemplate\":\"https:\\\/\\\/nikitaorlenko24.thkit.ee\\\/WP\\\/?s={search_term_string}\"},\"query-input\":{\"@type\":\"PropertyValueSpecification\",\"valueRequired\":true,\"valueName\":\"search_term_string\"}}],\"inLanguage\":\"et\"}]}<\/script>\n<!-- \/ Yoast SEO plugin. -->","yoast_head_json":{"title":"AB halduse konspekt - Nikita Orlenko \/ Portfoolio","description":"\u00d5pi tundma AB p\u00f5hikasutajaid (tavakasutaja, programmeerija, projekteerija, DBA), nende rolle, turvalisust, \u00f5iguste haldust ja SQL p\u00f5hifunkt","robots":{"index":"index","follow":"follow","max-snippet":"max-snippet:-1","max-image-preview":"max-image-preview:large","max-video-preview":"max-video-preview:-1"},"canonical":"https:\/\/nikitaorlenko24.thkit.ee\/WP\/ab-halduse-konspekt-ja-tabelid\/","og_locale":"et_EE","og_type":"article","og_title":"AB halduse konspekt - Nikita Orlenko \/ Portfoolio","og_description":"\u00d5pi tundma AB p\u00f5hikasutajaid (tavakasutaja, programmeerija, projekteerija, DBA), nende rolle, turvalisust, \u00f5iguste haldust ja SQL p\u00f5hifunkt","og_url":"https:\/\/nikitaorlenko24.thkit.ee\/WP\/ab-halduse-konspekt-ja-tabelid\/","og_site_name":"Nikita Orlenko \/ Portfoolio","article_modified_time":"2025-11-13T12:45:32+00:00","twitter_card":"summary_large_image","twitter_misc":{"Est. reading time":"2 minutit"},"schema":{"@context":"https:\/\/schema.org","@graph":[{"@type":"WebPage","@id":"https:\/\/nikitaorlenko24.thkit.ee\/WP\/ab-halduse-konspekt-ja-tabelid\/","url":"https:\/\/nikitaorlenko24.thkit.ee\/WP\/ab-halduse-konspekt-ja-tabelid\/","name":"AB halduse konspekt - Nikita Orlenko \/ Portfoolio","isPartOf":{"@id":"https:\/\/nikitaorlenko24.thkit.ee\/WP\/#website"},"datePublished":"2025-10-13T06:16:30+00:00","dateModified":"2025-11-13T12:45:32+00:00","description":"\u00d5pi tundma AB p\u00f5hikasutajaid (tavakasutaja, programmeerija, projekteerija, DBA), nende rolle, turvalisust, \u00f5iguste haldust ja SQL p\u00f5hifunkt","breadcrumb":{"@id":"https:\/\/nikitaorlenko24.thkit.ee\/WP\/ab-halduse-konspekt-ja-tabelid\/#breadcrumb"},"inLanguage":"et","potentialAction":[{"@type":"ReadAction","target":["https:\/\/nikitaorlenko24.thkit.ee\/WP\/ab-halduse-konspekt-ja-tabelid\/"]}]},{"@type":"BreadcrumbList","@id":"https:\/\/nikitaorlenko24.thkit.ee\/WP\/ab-halduse-konspekt-ja-tabelid\/#breadcrumb","itemListElement":[{"@type":"ListItem","position":1,"name":"Home","item":"https:\/\/nikitaorlenko24.thkit.ee\/WP\/"},{"@type":"ListItem","position":2,"name":"AB halduse konspekt"}]},{"@type":"WebSite","@id":"https:\/\/nikitaorlenko24.thkit.ee\/WP\/#website","url":"https:\/\/nikitaorlenko24.thkit.ee\/WP\/","name":"Nikita Orlenko \/ Portfoolio","description":"Saate kontakt minuga","potentialAction":[{"@type":"SearchAction","target":{"@type":"EntryPoint","urlTemplate":"https:\/\/nikitaorlenko24.thkit.ee\/WP\/?s={search_term_string}"},"query-input":{"@type":"PropertyValueSpecification","valueRequired":true,"valueName":"search_term_string"}}],"inLanguage":"et"}]}},"_links":{"self":[{"href":"https:\/\/nikitaorlenko24.thkit.ee\/WP\/wp-json\/wp\/v2\/pages\/839","targetHints":{"allow":["GET"]}}],"collection":[{"href":"https:\/\/nikitaorlenko24.thkit.ee\/WP\/wp-json\/wp\/v2\/pages"}],"about":[{"href":"https:\/\/nikitaorlenko24.thkit.ee\/WP\/wp-json\/wp\/v2\/types\/page"}],"author":[{"embeddable":true,"href":"https:\/\/nikitaorlenko24.thkit.ee\/WP\/wp-json\/wp\/v2\/users\/1"}],"replies":[{"embeddable":true,"href":"https:\/\/nikitaorlenko24.thkit.ee\/WP\/wp-json\/wp\/v2\/comments?post=839"}],"version-history":[{"count":6,"href":"https:\/\/nikitaorlenko24.thkit.ee\/WP\/wp-json\/wp\/v2\/pages\/839\/revisions"}],"predecessor-version":[{"id":860,"href":"https:\/\/nikitaorlenko24.thkit.ee\/WP\/wp-json\/wp\/v2\/pages\/839\/revisions\/860"}],"wp:attachment":[{"href":"https:\/\/nikitaorlenko24.thkit.ee\/WP\/wp-json\/wp\/v2\/media?parent=839"}],"curies":[{"name":"wp","href":"https:\/\/api.w.org\/{rel}","templated":true}]}}