{"id":984,"date":"2025-11-13T11:54:35","date_gmt":"2025-11-13T11:54:35","guid":{"rendered":"https:\/\/nikitaorlenko24.thkit.ee\/WP\/?page_id=984"},"modified":"2025-11-20T15:13:57","modified_gmt":"2025-11-20T15:13:57","slug":"seo-seadistamine","status":"publish","type":"page","link":"https:\/\/nikitaorlenko24.thkit.ee\/WP\/seo-seadistamine\/","title":{"rendered":"Seo seadistamine"},"content":{"rendered":"\n<h2 class=\"wp-block-heading\">Mis on SEO?<\/h2>\n\n\n\n<p><strong>Search Engine Optimization<\/strong> &#8211; protsess, mille eesm\u00e4rk parandada veebilehe n\u00e4htavust otsingumootorites nagu <strong>Google <\/strong><\/p>\n\n\n\n<p><strong>Mis t\u00e4hendab, et leht on indekseeritud?<\/strong> &#8211; otsingumootorid, n\u00e4iteks Google on lisanud teie  lehe info oma <strong>andmebaasi<\/strong><\/p>\n\n\n\n<ol class=\"wp-block-list\">\n<li>plugin <strong>YOST SEO<\/strong> on installitud<\/li>\n\n\n\n<li><strong>SEO plugini<\/strong> seadistused, kasutame verifitseerimiseks<strong> <a href=\"https:\/\/search.google.com\/search-console\/\">Google <\/a><\/strong><a href=\"https:\/\/search.google.com\/search-console\/\"><strong>Search Konsooli:<\/strong><\/a><\/li>\n<\/ol>\n\n\n\n<figure class=\"wp-block-image size-full is-resized\"><img loading=\"lazy\" decoding=\"async\" width=\"758\" height=\"608\" src=\"https:\/\/nikitaorlenko24.thkit.ee\/WP\/wp-content\/uploads\/2025\/11\/E0D13C1C-350C-4D10-8613-ED39AFAD9E91.png\" alt=\"\" class=\"wp-image-986\" style=\"width:550px;height:auto\" srcset=\"https:\/\/nikitaorlenko24.thkit.ee\/WP\/wp-content\/uploads\/2025\/11\/E0D13C1C-350C-4D10-8613-ED39AFAD9E91.png 758w, https:\/\/nikitaorlenko24.thkit.ee\/WP\/wp-content\/uploads\/2025\/11\/E0D13C1C-350C-4D10-8613-ED39AFAD9E91-300x241.png 300w, https:\/\/nikitaorlenko24.thkit.ee\/WP\/wp-content\/uploads\/2025\/11\/E0D13C1C-350C-4D10-8613-ED39AFAD9E91-150x120.png 150w\" sizes=\"auto, (max-width: 758px) 100vw, 758px\" \/><\/figure>\n\n\n\n<figure class=\"wp-block-image size-full is-resized\"><img loading=\"lazy\" decoding=\"async\" width=\"630\" height=\"694\" src=\"https:\/\/nikitaorlenko24.thkit.ee\/WP\/wp-content\/uploads\/2025\/11\/6CD87425-5D1A-411B-8553-1B18075D10A3.png\" alt=\"\" class=\"wp-image-988\" style=\"width:583px;height:auto\" srcset=\"https:\/\/nikitaorlenko24.thkit.ee\/WP\/wp-content\/uploads\/2025\/11\/6CD87425-5D1A-411B-8553-1B18075D10A3.png 630w, https:\/\/nikitaorlenko24.thkit.ee\/WP\/wp-content\/uploads\/2025\/11\/6CD87425-5D1A-411B-8553-1B18075D10A3-272x300.png 272w, https:\/\/nikitaorlenko24.thkit.ee\/WP\/wp-content\/uploads\/2025\/11\/6CD87425-5D1A-411B-8553-1B18075D10A3-136x150.png 136w\" sizes=\"auto, (max-width: 630px) 100vw, 630px\" \/><\/figure>\n\n\n\n<figure class=\"wp-block-image size-full is-resized\"><img loading=\"lazy\" decoding=\"async\" width=\"696\" height=\"515\" src=\"https:\/\/nikitaorlenko24.thkit.ee\/WP\/wp-content\/uploads\/2025\/11\/D9A93ADA-2531-4BF4-AEED-FF17169BE526.png\" alt=\"\" class=\"wp-image-989\" style=\"width:603px;height:auto\" srcset=\"https:\/\/nikitaorlenko24.thkit.ee\/WP\/wp-content\/uploads\/2025\/11\/D9A93ADA-2531-4BF4-AEED-FF17169BE526.png 696w, https:\/\/nikitaorlenko24.thkit.ee\/WP\/wp-content\/uploads\/2025\/11\/D9A93ADA-2531-4BF4-AEED-FF17169BE526-300x222.png 300w, https:\/\/nikitaorlenko24.thkit.ee\/WP\/wp-content\/uploads\/2025\/11\/D9A93ADA-2531-4BF4-AEED-FF17169BE526-150x111.png 150w\" sizes=\"auto, (max-width: 696px) 100vw, 696px\" \/><\/figure>\n\n\n\n<p>3. <strong>XML sitemap<\/strong> &#8211; xml fail, kus kohas on kirjutatud k\u00f5ik wp lehet, postid, s\u00f5nastikud, kategooriad ja nii edasi.<\/p>\n\n\n\n<figure class=\"wp-block-image size-full is-resized\"><img loading=\"lazy\" decoding=\"async\" width=\"288\" height=\"418\" src=\"https:\/\/nikitaorlenko24.thkit.ee\/WP\/wp-content\/uploads\/2025\/11\/E67E4BA9-6F01-4C81-9F62-8C0AEDD38839.png\" alt=\"\" class=\"wp-image-990\" style=\"width:229px;height:auto\" srcset=\"https:\/\/nikitaorlenko24.thkit.ee\/WP\/wp-content\/uploads\/2025\/11\/E67E4BA9-6F01-4C81-9F62-8C0AEDD38839.png 288w, https:\/\/nikitaorlenko24.thkit.ee\/WP\/wp-content\/uploads\/2025\/11\/E67E4BA9-6F01-4C81-9F62-8C0AEDD38839-207x300.png 207w, https:\/\/nikitaorlenko24.thkit.ee\/WP\/wp-content\/uploads\/2025\/11\/E67E4BA9-6F01-4C81-9F62-8C0AEDD38839-103x150.png 103w\" sizes=\"auto, (max-width: 288px) 100vw, 288px\" \/><\/figure>\n\n\n\n<figure class=\"wp-block-image size-full\"><a href=\"https:\/\/nikitaorlenko24.thkit.ee\/WP\/wp-content\/uploads\/2025\/11\/1FA33CC8-1D10-4C0E-BA85-1A6DCB478C01.png\"><img loading=\"lazy\" decoding=\"async\" width=\"924\" height=\"1010\" src=\"https:\/\/nikitaorlenko24.thkit.ee\/WP\/wp-content\/uploads\/2025\/11\/1FA33CC8-1D10-4C0E-BA85-1A6DCB478C01.png\" alt=\"\" class=\"wp-image-992\" srcset=\"https:\/\/nikitaorlenko24.thkit.ee\/WP\/wp-content\/uploads\/2025\/11\/1FA33CC8-1D10-4C0E-BA85-1A6DCB478C01.png 924w, https:\/\/nikitaorlenko24.thkit.ee\/WP\/wp-content\/uploads\/2025\/11\/1FA33CC8-1D10-4C0E-BA85-1A6DCB478C01-274x300.png 274w, https:\/\/nikitaorlenko24.thkit.ee\/WP\/wp-content\/uploads\/2025\/11\/1FA33CC8-1D10-4C0E-BA85-1A6DCB478C01-768x839.png 768w, https:\/\/nikitaorlenko24.thkit.ee\/WP\/wp-content\/uploads\/2025\/11\/1FA33CC8-1D10-4C0E-BA85-1A6DCB478C01-137x150.png 137w\" sizes=\"auto, (max-width: 924px) 100vw, 924px\" \/><\/a><\/figure>\n\n\n\n<p>Tulemused:<\/p>\n\n\n\n<figure class=\"wp-block-image size-large\"><a href=\"https:\/\/nikitaorlenko24.thkit.ee\/WP\/wp-content\/uploads\/2025\/11\/9774F0A5-AA64-4687-B04D-E3C8B2F975EB.png\"><img loading=\"lazy\" decoding=\"async\" width=\"1024\" height=\"522\" src=\"https:\/\/nikitaorlenko24.thkit.ee\/WP\/wp-content\/uploads\/2025\/11\/9774F0A5-AA64-4687-B04D-E3C8B2F975EB-1024x522.png\" alt=\"\" class=\"wp-image-1060\" srcset=\"https:\/\/nikitaorlenko24.thkit.ee\/WP\/wp-content\/uploads\/2025\/11\/9774F0A5-AA64-4687-B04D-E3C8B2F975EB-1024x522.png 1024w, https:\/\/nikitaorlenko24.thkit.ee\/WP\/wp-content\/uploads\/2025\/11\/9774F0A5-AA64-4687-B04D-E3C8B2F975EB-300x153.png 300w, https:\/\/nikitaorlenko24.thkit.ee\/WP\/wp-content\/uploads\/2025\/11\/9774F0A5-AA64-4687-B04D-E3C8B2F975EB-768x391.png 768w, https:\/\/nikitaorlenko24.thkit.ee\/WP\/wp-content\/uploads\/2025\/11\/9774F0A5-AA64-4687-B04D-E3C8B2F975EB-150x76.png 150w, https:\/\/nikitaorlenko24.thkit.ee\/WP\/wp-content\/uploads\/2025\/11\/9774F0A5-AA64-4687-B04D-E3C8B2F975EB-1536x783.png 1536w, https:\/\/nikitaorlenko24.thkit.ee\/WP\/wp-content\/uploads\/2025\/11\/9774F0A5-AA64-4687-B04D-E3C8B2F975EB.png 1566w\" sizes=\"auto, (max-width: 1024px) 100vw, 1024px\" \/><\/a><\/figure>\n\n\n\n<figure class=\"wp-block-image size-full\"><img loading=\"lazy\" decoding=\"async\" width=\"912\" height=\"732\" src=\"https:\/\/nikitaorlenko24.thkit.ee\/WP\/wp-content\/uploads\/2025\/11\/C6EE7E6E-BBE9-4FED-A514-6B2FEEE38EA4.png\" alt=\"\" class=\"wp-image-1058\" srcset=\"https:\/\/nikitaorlenko24.thkit.ee\/WP\/wp-content\/uploads\/2025\/11\/C6EE7E6E-BBE9-4FED-A514-6B2FEEE38EA4.png 912w, https:\/\/nikitaorlenko24.thkit.ee\/WP\/wp-content\/uploads\/2025\/11\/C6EE7E6E-BBE9-4FED-A514-6B2FEEE38EA4-300x241.png 300w, https:\/\/nikitaorlenko24.thkit.ee\/WP\/wp-content\/uploads\/2025\/11\/C6EE7E6E-BBE9-4FED-A514-6B2FEEE38EA4-768x616.png 768w, https:\/\/nikitaorlenko24.thkit.ee\/WP\/wp-content\/uploads\/2025\/11\/C6EE7E6E-BBE9-4FED-A514-6B2FEEE38EA4-150x120.png 150w\" sizes=\"auto, (max-width: 912px) 100vw, 912px\" \/><\/figure>\n\n\n\n<p>Kui ma otsin minu veebileht<\/p>\n\n\n\n<figure class=\"wp-block-image size-full\"><img loading=\"lazy\" decoding=\"async\" width=\"949\" height=\"790\" src=\"https:\/\/nikitaorlenko24.thkit.ee\/WP\/wp-content\/uploads\/2025\/11\/5AA7E3B7-5305-4D30-8E5F-94984BCF7761.png\" alt=\"\" class=\"wp-image-1051\" srcset=\"https:\/\/nikitaorlenko24.thkit.ee\/WP\/wp-content\/uploads\/2025\/11\/5AA7E3B7-5305-4D30-8E5F-94984BCF7761.png 949w, https:\/\/nikitaorlenko24.thkit.ee\/WP\/wp-content\/uploads\/2025\/11\/5AA7E3B7-5305-4D30-8E5F-94984BCF7761-300x250.png 300w, https:\/\/nikitaorlenko24.thkit.ee\/WP\/wp-content\/uploads\/2025\/11\/5AA7E3B7-5305-4D30-8E5F-94984BCF7761-768x639.png 768w, https:\/\/nikitaorlenko24.thkit.ee\/WP\/wp-content\/uploads\/2025\/11\/5AA7E3B7-5305-4D30-8E5F-94984BCF7761-150x125.png 150w\" sizes=\"auto, (max-width: 949px) 100vw, 949px\" \/><\/figure>\n\n\n\n<p>Kui sisestan leht nimi<\/p>\n\n\n\n<figure class=\"wp-block-image size-full\"><img loading=\"lazy\" decoding=\"async\" width=\"965\" height=\"564\" src=\"https:\/\/nikitaorlenko24.thkit.ee\/WP\/wp-content\/uploads\/2025\/11\/1CC4E49D-0810-4079-B6C4-6E49CFD12020.png\" alt=\"\" class=\"wp-image-1053\" srcset=\"https:\/\/nikitaorlenko24.thkit.ee\/WP\/wp-content\/uploads\/2025\/11\/1CC4E49D-0810-4079-B6C4-6E49CFD12020.png 965w, https:\/\/nikitaorlenko24.thkit.ee\/WP\/wp-content\/uploads\/2025\/11\/1CC4E49D-0810-4079-B6C4-6E49CFD12020-300x175.png 300w, https:\/\/nikitaorlenko24.thkit.ee\/WP\/wp-content\/uploads\/2025\/11\/1CC4E49D-0810-4079-B6C4-6E49CFD12020-768x449.png 768w, https:\/\/nikitaorlenko24.thkit.ee\/WP\/wp-content\/uploads\/2025\/11\/1CC4E49D-0810-4079-B6C4-6E49CFD12020-150x88.png 150w\" sizes=\"auto, (max-width: 965px) 100vw, 965px\" \/><\/figure>\n","protected":false},"excerpt":{"rendered":"<p>Mis on SEO? Search Engine Optimization &#8211; protsess, mille eesm\u00e4rk parandada veebilehe n\u00e4htavust otsingumootorites nagu Google Mis t\u00e4hendab, et leht on indekseeritud? &#8211; otsingumootorid, n\u00e4iteks Google on lisanud teie lehe info oma andmebaasi 3. XML sitemap &#8211; xml fail, kus kohas on kirjutatud k\u00f5ik wp lehet, postid, s\u00f5nastikud, kategooriad ja nii edasi. Tulemused: Kui ma [&hellip;]<\/p>\n","protected":false},"author":1,"featured_media":0,"parent":0,"menu_order":0,"comment_status":"closed","ping_status":"closed","template":"","meta":{"footnotes":""},"class_list":["post-984","page","type-page","status-publish","hentry"],"yoast_head":"<!-- This site is optimized with the Yoast SEO plugin v27.4 - https:\/\/yoast.com\/product\/yoast-seo-wordpress\/ -->\n<title>Seo seadistamine - Nikita Orlenko \/ Portfoolio<\/title>\n<meta name=\"description\" content=\"\u00d5pi tundma AB kasutajaid (tavakasutaja, programmeerija, DBA), nende rolle, turvalisust, \u00f5iguste haldust ja SQL funktsioone (GROUP BY, CUBE).\" \/>\n<meta name=\"robots\" content=\"index, follow, max-snippet:-1, max-image-preview:large, max-video-preview:-1\" \/>\n<link rel=\"canonical\" href=\"https:\/\/nikitaorlenko24.thkit.ee\/WP\/seo-seadistamine\/\" \/>\n<meta property=\"og:locale\" content=\"et_EE\" \/>\n<meta property=\"og:type\" content=\"article\" \/>\n<meta property=\"og:title\" content=\"Seo seadistamine - Nikita Orlenko \/ Portfoolio\" \/>\n<meta property=\"og:description\" content=\"\u00d5pi tundma AB kasutajaid (tavakasutaja, programmeerija, DBA), nende rolle, turvalisust, \u00f5iguste haldust ja SQL funktsioone (GROUP BY, CUBE).\" \/>\n<meta property=\"og:url\" content=\"https:\/\/nikitaorlenko24.thkit.ee\/WP\/seo-seadistamine\/\" \/>\n<meta property=\"og:site_name\" content=\"Nikita Orlenko \/ Portfoolio\" \/>\n<meta property=\"article:modified_time\" content=\"2025-11-20T15:13:57+00:00\" \/>\n<meta property=\"og:image\" content=\"https:\/\/nikitaorlenko24.thkit.ee\/WP\/wp-content\/uploads\/2025\/11\/E0D13C1C-350C-4D10-8613-ED39AFAD9E91.png\" \/>\n\t<meta property=\"og:image:width\" content=\"758\" \/>\n\t<meta property=\"og:image:height\" content=\"608\" \/>\n\t<meta property=\"og:image:type\" content=\"image\/png\" \/>\n<meta name=\"twitter:card\" content=\"summary_large_image\" \/>\n<meta name=\"twitter:label1\" content=\"Est. reading time\" \/>\n\t<meta name=\"twitter:data1\" content=\"3 minutit\" \/>\n<script type=\"application\/ld+json\" class=\"yoast-schema-graph\">{\"@context\":\"https:\\\/\\\/schema.org\",\"@graph\":[{\"@type\":\"WebPage\",\"@id\":\"https:\\\/\\\/nikitaorlenko24.thkit.ee\\\/WP\\\/seo-seadistamine\\\/\",\"url\":\"https:\\\/\\\/nikitaorlenko24.thkit.ee\\\/WP\\\/seo-seadistamine\\\/\",\"name\":\"Seo seadistamine - Nikita Orlenko \\\/ Portfoolio\",\"isPartOf\":{\"@id\":\"https:\\\/\\\/nikitaorlenko24.thkit.ee\\\/WP\\\/#website\"},\"primaryImageOfPage\":{\"@id\":\"https:\\\/\\\/nikitaorlenko24.thkit.ee\\\/WP\\\/seo-seadistamine\\\/#primaryimage\"},\"image\":{\"@id\":\"https:\\\/\\\/nikitaorlenko24.thkit.ee\\\/WP\\\/seo-seadistamine\\\/#primaryimage\"},\"thumbnailUrl\":\"https:\\\/\\\/nikitaorlenko24.thkit.ee\\\/WP\\\/wp-content\\\/uploads\\\/2025\\\/11\\\/E0D13C1C-350C-4D10-8613-ED39AFAD9E91.png\",\"datePublished\":\"2025-11-13T11:54:35+00:00\",\"dateModified\":\"2025-11-20T15:13:57+00:00\",\"description\":\"\u00d5pi tundma AB kasutajaid (tavakasutaja, programmeerija, DBA), nende rolle, turvalisust, \u00f5iguste haldust ja SQL funktsioone (GROUP BY, CUBE).\",\"breadcrumb\":{\"@id\":\"https:\\\/\\\/nikitaorlenko24.thkit.ee\\\/WP\\\/seo-seadistamine\\\/#breadcrumb\"},\"inLanguage\":\"et\",\"potentialAction\":[{\"@type\":\"ReadAction\",\"target\":[\"https:\\\/\\\/nikitaorlenko24.thkit.ee\\\/WP\\\/seo-seadistamine\\\/\"]}]},{\"@type\":\"ImageObject\",\"inLanguage\":\"et\",\"@id\":\"https:\\\/\\\/nikitaorlenko24.thkit.ee\\\/WP\\\/seo-seadistamine\\\/#primaryimage\",\"url\":\"https:\\\/\\\/nikitaorlenko24.thkit.ee\\\/WP\\\/wp-content\\\/uploads\\\/2025\\\/11\\\/E0D13C1C-350C-4D10-8613-ED39AFAD9E91.png\",\"contentUrl\":\"https:\\\/\\\/nikitaorlenko24.thkit.ee\\\/WP\\\/wp-content\\\/uploads\\\/2025\\\/11\\\/E0D13C1C-350C-4D10-8613-ED39AFAD9E91.png\",\"width\":758,\"height\":608},{\"@type\":\"BreadcrumbList\",\"@id\":\"https:\\\/\\\/nikitaorlenko24.thkit.ee\\\/WP\\\/seo-seadistamine\\\/#breadcrumb\",\"itemListElement\":[{\"@type\":\"ListItem\",\"position\":1,\"name\":\"Home\",\"item\":\"https:\\\/\\\/nikitaorlenko24.thkit.ee\\\/WP\\\/\"},{\"@type\":\"ListItem\",\"position\":2,\"name\":\"Seo seadistamine\"}]},{\"@type\":\"WebSite\",\"@id\":\"https:\\\/\\\/nikitaorlenko24.thkit.ee\\\/WP\\\/#website\",\"url\":\"https:\\\/\\\/nikitaorlenko24.thkit.ee\\\/WP\\\/\",\"name\":\"Nikita Orlenko \\\/ Portfoolio\",\"description\":\"Saate kontakt minuga\",\"potentialAction\":[{\"@type\":\"SearchAction\",\"target\":{\"@type\":\"EntryPoint\",\"urlTemplate\":\"https:\\\/\\\/nikitaorlenko24.thkit.ee\\\/WP\\\/?s={search_term_string}\"},\"query-input\":{\"@type\":\"PropertyValueSpecification\",\"valueRequired\":true,\"valueName\":\"search_term_string\"}}],\"inLanguage\":\"et\"}]}<\/script>\n<!-- \/ Yoast SEO plugin. -->","yoast_head_json":{"title":"Seo seadistamine - Nikita Orlenko \/ Portfoolio","description":"\u00d5pi tundma AB kasutajaid (tavakasutaja, programmeerija, DBA), nende rolle, turvalisust, \u00f5iguste haldust ja SQL funktsioone (GROUP BY, CUBE).","robots":{"index":"index","follow":"follow","max-snippet":"max-snippet:-1","max-image-preview":"max-image-preview:large","max-video-preview":"max-video-preview:-1"},"canonical":"https:\/\/nikitaorlenko24.thkit.ee\/WP\/seo-seadistamine\/","og_locale":"et_EE","og_type":"article","og_title":"Seo seadistamine - Nikita Orlenko \/ Portfoolio","og_description":"\u00d5pi tundma AB kasutajaid (tavakasutaja, programmeerija, DBA), nende rolle, turvalisust, \u00f5iguste haldust ja SQL funktsioone (GROUP BY, CUBE).","og_url":"https:\/\/nikitaorlenko24.thkit.ee\/WP\/seo-seadistamine\/","og_site_name":"Nikita Orlenko \/ Portfoolio","article_modified_time":"2025-11-20T15:13:57+00:00","og_image":[{"width":758,"height":608,"url":"https:\/\/nikitaorlenko24.thkit.ee\/WP\/wp-content\/uploads\/2025\/11\/E0D13C1C-350C-4D10-8613-ED39AFAD9E91.png","type":"image\/png"}],"twitter_card":"summary_large_image","twitter_misc":{"Est. reading time":"3 minutit"},"schema":{"@context":"https:\/\/schema.org","@graph":[{"@type":"WebPage","@id":"https:\/\/nikitaorlenko24.thkit.ee\/WP\/seo-seadistamine\/","url":"https:\/\/nikitaorlenko24.thkit.ee\/WP\/seo-seadistamine\/","name":"Seo seadistamine - Nikita Orlenko \/ Portfoolio","isPartOf":{"@id":"https:\/\/nikitaorlenko24.thkit.ee\/WP\/#website"},"primaryImageOfPage":{"@id":"https:\/\/nikitaorlenko24.thkit.ee\/WP\/seo-seadistamine\/#primaryimage"},"image":{"@id":"https:\/\/nikitaorlenko24.thkit.ee\/WP\/seo-seadistamine\/#primaryimage"},"thumbnailUrl":"https:\/\/nikitaorlenko24.thkit.ee\/WP\/wp-content\/uploads\/2025\/11\/E0D13C1C-350C-4D10-8613-ED39AFAD9E91.png","datePublished":"2025-11-13T11:54:35+00:00","dateModified":"2025-11-20T15:13:57+00:00","description":"\u00d5pi tundma AB kasutajaid (tavakasutaja, programmeerija, DBA), nende rolle, turvalisust, \u00f5iguste haldust ja SQL funktsioone (GROUP BY, CUBE).","breadcrumb":{"@id":"https:\/\/nikitaorlenko24.thkit.ee\/WP\/seo-seadistamine\/#breadcrumb"},"inLanguage":"et","potentialAction":[{"@type":"ReadAction","target":["https:\/\/nikitaorlenko24.thkit.ee\/WP\/seo-seadistamine\/"]}]},{"@type":"ImageObject","inLanguage":"et","@id":"https:\/\/nikitaorlenko24.thkit.ee\/WP\/seo-seadistamine\/#primaryimage","url":"https:\/\/nikitaorlenko24.thkit.ee\/WP\/wp-content\/uploads\/2025\/11\/E0D13C1C-350C-4D10-8613-ED39AFAD9E91.png","contentUrl":"https:\/\/nikitaorlenko24.thkit.ee\/WP\/wp-content\/uploads\/2025\/11\/E0D13C1C-350C-4D10-8613-ED39AFAD9E91.png","width":758,"height":608},{"@type":"BreadcrumbList","@id":"https:\/\/nikitaorlenko24.thkit.ee\/WP\/seo-seadistamine\/#breadcrumb","itemListElement":[{"@type":"ListItem","position":1,"name":"Home","item":"https:\/\/nikitaorlenko24.thkit.ee\/WP\/"},{"@type":"ListItem","position":2,"name":"Seo seadistamine"}]},{"@type":"WebSite","@id":"https:\/\/nikitaorlenko24.thkit.ee\/WP\/#website","url":"https:\/\/nikitaorlenko24.thkit.ee\/WP\/","name":"Nikita Orlenko \/ Portfoolio","description":"Saate kontakt minuga","potentialAction":[{"@type":"SearchAction","target":{"@type":"EntryPoint","urlTemplate":"https:\/\/nikitaorlenko24.thkit.ee\/WP\/?s={search_term_string}"},"query-input":{"@type":"PropertyValueSpecification","valueRequired":true,"valueName":"search_term_string"}}],"inLanguage":"et"}]}},"_links":{"self":[{"href":"https:\/\/nikitaorlenko24.thkit.ee\/WP\/wp-json\/wp\/v2\/pages\/984","targetHints":{"allow":["GET"]}}],"collection":[{"href":"https:\/\/nikitaorlenko24.thkit.ee\/WP\/wp-json\/wp\/v2\/pages"}],"about":[{"href":"https:\/\/nikitaorlenko24.thkit.ee\/WP\/wp-json\/wp\/v2\/types\/page"}],"author":[{"embeddable":true,"href":"https:\/\/nikitaorlenko24.thkit.ee\/WP\/wp-json\/wp\/v2\/users\/1"}],"replies":[{"embeddable":true,"href":"https:\/\/nikitaorlenko24.thkit.ee\/WP\/wp-json\/wp\/v2\/comments?post=984"}],"version-history":[{"count":9,"href":"https:\/\/nikitaorlenko24.thkit.ee\/WP\/wp-json\/wp\/v2\/pages\/984\/revisions"}],"predecessor-version":[{"id":1064,"href":"https:\/\/nikitaorlenko24.thkit.ee\/WP\/wp-json\/wp\/v2\/pages\/984\/revisions\/1064"}],"wp:attachment":[{"href":"https:\/\/nikitaorlenko24.thkit.ee\/WP\/wp-json\/wp\/v2\/media?parent=984"}],"curies":[{"name":"wp","href":"https:\/\/api.w.org\/{rel}","templated":true}]}}